{"id":26941,"date":"2023-12-08T17:15:16","date_gmt":"2023-12-08T17:15:16","guid":{"rendered":"https:\/\/rockmaster.com.pl\/?page_id=26941"},"modified":"2025-03-31T08:23:57","modified_gmt":"2025-03-31T08:23:57","slug":"blog","status":"publish","type":"page","link":"https:\/\/rockmaster.com.pl\/fr\/blog\/","title":{"rendered":"Blog"},"content":{"rendered":"\t\t<div data-elementor-type=\"wp-page\" data-elementor-id=\"26941\" class=\"elementor elementor-26941 elementor-12308\" data-elementor-post-type=\"page\">\n\t\t\t\t<div class=\"elementor-element elementor-element-b221f52 e-flex e-con-boxed e-con e-parent\" data-id=\"b221f52\" data-element_type=\"container\" data-e-type=\"container\">\n\t\t\t\t\t<div class=\"e-con-inner\">\n\t\t\t\t<div class=\"elementor-element elementor-element-157e937 elementor-widget elementor-widget-elementskit-blog-posts\" data-id=\"157e937\" data-element_type=\"widget\" data-e-type=\"widget\" data-widget_type=\"elementskit-blog-posts.default\">\n\t\t\t\t<div class=\"elementor-widget-container\">\n\t\t\t\t\t<div class=\"ekit-wid-con\" >        <div id=\"post-items--157e937\" class=\"row post-items\">\n                    <div class=\"col-md-12\">\n\n                                    <div class=\"elementskit-blog-block-post\">\n                        <div class=\"row no-gutters\">\n                                                            <div class=\"col-md-6 order-2\">\n                                    <a href=\"https:\/\/rockmaster.com.pl\/fr\/vrapp-at-height-en-france\/\" class=\"elementskit-entry-thumb\">\n                                        <img decoding=\"async\" src=\"https:\/\/rockmaster.com.pl\/wp-content\/uploads\/2025\/03\/Securisation_Toit_LDV-horizontale-cable.jpg\" alt=\"VRapp at Height en France !!!\">\n                                    <\/a><!-- .elementskit-entry-thumb END -->\n                                <\/div>\n                            \n                            <div class=\"col-md-6 order-1\">\n                                <div class=\"elementskit-post-body \">\n                                    <div class=\"elementskit-entry-header\">\n                                        \n                                                                                            \t\t\t\t\t                                            \n                                            \n                                                                                            \t\t\t\t<h2 class=\"entry-title\">\n\t\t\t\t\t<a href=\"https:\/\/rockmaster.com.pl\/fr\/vrapp-at-height-en-france\/\">\n\t\t\t\t\t\tVRapp at Height en France !!!\t\t\t\t\t<\/a>\n\t\t\t\t<\/h2>\n\t\t\t                                                                                <\/div><!-- .elementskit-entry-header END -->\n\n                                                                            <div class=\"elementskit-post-footer\">\n                                                                                            <p>Nous avons le plaisir d\u2019annoncer notre partenariat avec SECURLINE dans le domaine des formations en r\u00e9alit\u00e9 virtuelle VRapp at Height. SECURLINE est un leader sur son march\u00e9 et un acteur cl\u00e9, expert en s\u00e9curit\u00e9 du travail en hauteur depuis pr\u00e8s de 40 ans.SECURLINE propose des solutions group\u00e9es et individuelles, standardis\u00e9es ou sur mesure, garantissant ainsi [&hellip;]<\/p>\n                                                                                                                                <\/div><!-- .elementskit-post-footer END -->\n                                                                    <\/div><!-- .elementskit-post-body END -->\n                            <\/div>\n                        <\/div>\n                    <\/div><!-- .elementskit-blog-block-post .radius .gradient-bg END -->\n                \n            <\/div>\n                <\/div>\n       <\/div>\t\t\t\t<\/div>\n\t\t\t\t<\/div>\n\t\t\t\t\t<\/div>\n\t\t\t\t<\/div>\n\t\t\t\t<\/div>\n\t\t","protected":false},"excerpt":{"rendered":"","protected":false},"author":1,"featured_media":0,"parent":0,"menu_order":0,"comment_status":"closed","ping_status":"closed","template":"elementor_header_footer","meta":{"site-sidebar-layout":"no-sidebar","site-content-layout":"","ast-site-content-layout":"full-width-container","site-content-style":"default","site-sidebar-style":"default","ast-global-header-display":"","ast-banner-title-visibility":"","ast-main-header-display":"","ast-hfb-above-header-display":"","ast-hfb-below-header-display":"","ast-hfb-mobile-header-display":"","site-post-title":"disabled","ast-breadcrumbs-content":"","ast-featured-img":"disabled","footer-sml-layout":"","ast-disable-related-posts":"","theme-transparent-header-meta":"","adv-header-id-meta":"","stick-header-meta":"","header-above-stick-meta":"","header-main-stick-meta":"","header-below-stick-meta":"","astra-migrate-meta-layouts":"default","ast-page-background-enabled":"default","ast-page-background-meta":{"desktop":{"background-color":"var(--ast-global-color-4)","background-image":"","background-repeat":"repeat","background-position":"center center","background-size":"auto","background-attachment":"scroll","background-type":"","background-media":"","overlay-type":"","overlay-color":"","overlay-opacity":"","overlay-gradient":""},"tablet":{"background-color":"","background-image":"","background-repeat":"repeat","background-position":"center center","background-size":"auto","background-attachment":"scroll","background-type":"","background-media":"","overlay-type":"","overlay-color":"","overlay-opacity":"","overlay-gradient":""},"mobile":{"background-color":"","background-image":"","background-repeat":"repeat","background-position":"center center","background-size":"auto","background-attachment":"scroll","background-type":"","background-media":"","overlay-type":"","overlay-color":"","overlay-opacity":"","overlay-gradient":""}},"ast-content-background-meta":{"desktop":{"background-color":"var(--ast-global-color-5)","background-image":"","background-repeat":"repeat","background-position":"center center","background-size":"auto","background-attachment":"scroll","background-type":"","background-media":"","overlay-type":"","overlay-color":"","overlay-opacity":"","overlay-gradient":""},"tablet":{"background-color":"var(--ast-global-color-5)","background-image":"","background-repeat":"repeat","background-position":"center center","background-size":"auto","background-attachment":"scroll","background-type":"","background-media":"","overlay-type":"","overlay-color":"","overlay-opacity":"","overlay-gradient":""},"mobile":{"background-color":"var(--ast-global-color-5)","background-image":"","background-repeat":"repeat","background-position":"center center","background-size":"auto","background-attachment":"scroll","background-type":"","background-media":"","overlay-type":"","overlay-color":"","overlay-opacity":"","overlay-gradient":""}},"footnotes":""},"class_list":["post-26941","page","type-page","status-publish","hentry"],"yoast_head":"<!-- This site is optimized with the Yoast SEO plugin v27.6 - https:\/\/yoast.com\/product\/yoast-seo-wordpress\/ -->\n<title>Blog - ROCK MASTER Entra\u00eenement en haute altitude<\/title>\n<meta name=\"robots\" content=\"index, follow, max-snippet:-1, max-image-preview:large, max-video-preview:-1\" \/>\n<link rel=\"canonical\" href=\"https:\/\/rockmaster.com.pl\/fr\/blog\/\" \/>\n<meta property=\"og:locale\" content=\"fr_FR\" \/>\n<meta property=\"og:type\" content=\"article\" \/>\n<meta property=\"og:title\" content=\"Blog - ROCK MASTER Entra\u00eenement en haute altitude\" \/>\n<meta property=\"og:url\" content=\"https:\/\/rockmaster.com.pl\/fr\/blog\/\" \/>\n<meta property=\"og:site_name\" content=\"ROCK MASTER Entra\u00eenement en haute altitude\" \/>\n<meta property=\"article:publisher\" content=\"https:\/\/www.facebook.com\/rock.master.bezpieczna.praca.na.wysokosci\" \/>\n<meta property=\"article:modified_time\" content=\"2025-03-31T08:23:57+00:00\" \/>\n<meta property=\"og:image\" content=\"https:\/\/rockmaster.com.pl\/wp-content\/uploads\/2023\/09\/Logo-Pionowe-z-tagline-1.png\" \/>\n\t<meta property=\"og:image:width\" content=\"880\" \/>\n\t<meta property=\"og:image:height\" content=\"880\" \/>\n\t<meta property=\"og:image:type\" content=\"image\/png\" \/>\n<meta name=\"twitter:card\" content=\"summary_large_image\" \/>\n<script type=\"application\/ld+json\" class=\"yoast-schema-graph\">{\"@context\":\"https:\\\/\\\/schema.org\",\"@graph\":[{\"@type\":\"WebPage\",\"@id\":\"https:\\\/\\\/rockmaster.com.pl\\\/fr\\\/blog\\\/\",\"url\":\"https:\\\/\\\/rockmaster.com.pl\\\/fr\\\/blog\\\/\",\"name\":\"Blog - ROCK MASTER Entra\u00eenement en haute altitude\",\"isPartOf\":{\"@id\":\"https:\\\/\\\/rockmaster.com.pl\\\/fr\\\/#website\"},\"datePublished\":\"2023-12-08T17:15:16+00:00\",\"dateModified\":\"2025-03-31T08:23:57+00:00\",\"inLanguage\":\"fr-FR\",\"potentialAction\":[{\"@type\":\"ReadAction\",\"target\":[\"https:\\\/\\\/rockmaster.com.pl\\\/fr\\\/blog\\\/\"]}]},{\"@type\":\"WebSite\",\"@id\":\"https:\\\/\\\/rockmaster.com.pl\\\/fr\\\/#website\",\"url\":\"https:\\\/\\\/rockmaster.com.pl\\\/fr\\\/\",\"name\":\"ROCK MASTER Szkolenia wysoko\u015bciowe\",\"description\":\"Bezpieczna praca na wysoko\u015bci\",\"publisher\":{\"@id\":\"https:\\\/\\\/rockmaster.com.pl\\\/fr\\\/#organization\"},\"potentialAction\":[{\"@type\":\"SearchAction\",\"target\":{\"@type\":\"EntryPoint\",\"urlTemplate\":\"https:\\\/\\\/rockmaster.com.pl\\\/fr\\\/?s={search_term_string}\"},\"query-input\":{\"@type\":\"PropertyValueSpecification\",\"valueRequired\":true,\"valueName\":\"search_term_string\"}}],\"inLanguage\":\"fr-FR\"},{\"@type\":\"Organization\",\"@id\":\"https:\\\/\\\/rockmaster.com.pl\\\/fr\\\/#organization\",\"name\":\"ROCK MASTER Szkolenia wysoko\u015bciowe\",\"url\":\"https:\\\/\\\/rockmaster.com.pl\\\/fr\\\/\",\"logo\":{\"@type\":\"ImageObject\",\"inLanguage\":\"fr-FR\",\"@id\":\"https:\\\/\\\/rockmaster.com.pl\\\/fr\\\/#\\\/schema\\\/logo\\\/image\\\/\",\"url\":\"https:\\\/\\\/rockmaster.com.pl\\\/wp-content\\\/uploads\\\/2023\\\/09\\\/Logo-Pionowe-z-tagline-1.png\",\"contentUrl\":\"https:\\\/\\\/rockmaster.com.pl\\\/wp-content\\\/uploads\\\/2023\\\/09\\\/Logo-Pionowe-z-tagline-1.png\",\"width\":880,\"height\":880,\"caption\":\"ROCK MASTER Szkolenia wysoko\u015bciowe\"},\"image\":{\"@id\":\"https:\\\/\\\/rockmaster.com.pl\\\/fr\\\/#\\\/schema\\\/logo\\\/image\\\/\"},\"sameAs\":[\"https:\\\/\\\/www.facebook.com\\\/rock.master.bezpieczna.praca.na.wysokosci\"]}]}<\/script>\n<!-- \/ Yoast SEO plugin. -->","yoast_head_json":{"title":"Blog - ROCK MASTER Entra\u00eenement en haute altitude","robots":{"index":"index","follow":"follow","max-snippet":"max-snippet:-1","max-image-preview":"max-image-preview:large","max-video-preview":"max-video-preview:-1"},"canonical":"https:\/\/rockmaster.com.pl\/fr\/blog\/","og_locale":"fr_FR","og_type":"article","og_title":"Blog - ROCK MASTER Entra\u00eenement en haute altitude","og_url":"https:\/\/rockmaster.com.pl\/fr\/blog\/","og_site_name":"ROCK MASTER Entra\u00eenement en haute altitude","article_publisher":"https:\/\/www.facebook.com\/rock.master.bezpieczna.praca.na.wysokosci","article_modified_time":"2025-03-31T08:23:57+00:00","og_image":[{"width":880,"height":880,"url":"https:\/\/rockmaster.com.pl\/wp-content\/uploads\/2023\/09\/Logo-Pionowe-z-tagline-1.png","type":"image\/png"}],"twitter_card":"summary_large_image","schema":{"@context":"https:\/\/schema.org","@graph":[{"@type":"WebPage","@id":"https:\/\/rockmaster.com.pl\/fr\/blog\/","url":"https:\/\/rockmaster.com.pl\/fr\/blog\/","name":"Blog - ROCK MASTER Entra\u00eenement en haute altitude","isPartOf":{"@id":"https:\/\/rockmaster.com.pl\/fr\/#website"},"datePublished":"2023-12-08T17:15:16+00:00","dateModified":"2025-03-31T08:23:57+00:00","inLanguage":"fr-FR","potentialAction":[{"@type":"ReadAction","target":["https:\/\/rockmaster.com.pl\/fr\/blog\/"]}]},{"@type":"WebSite","@id":"https:\/\/rockmaster.com.pl\/fr\/#website","url":"https:\/\/rockmaster.com.pl\/fr\/","name":"ROCK MASTER Szkolenia wysoko\u015bciowe","description":"Bezpieczna praca na wysoko\u015bci","publisher":{"@id":"https:\/\/rockmaster.com.pl\/fr\/#organization"},"potentialAction":[{"@type":"SearchAction","target":{"@type":"EntryPoint","urlTemplate":"https:\/\/rockmaster.com.pl\/fr\/?s={search_term_string}"},"query-input":{"@type":"PropertyValueSpecification","valueRequired":true,"valueName":"search_term_string"}}],"inLanguage":"fr-FR"},{"@type":"Organization","@id":"https:\/\/rockmaster.com.pl\/fr\/#organization","name":"ROCK MASTER Szkolenia wysoko\u015bciowe","url":"https:\/\/rockmaster.com.pl\/fr\/","logo":{"@type":"ImageObject","inLanguage":"fr-FR","@id":"https:\/\/rockmaster.com.pl\/fr\/#\/schema\/logo\/image\/","url":"https:\/\/rockmaster.com.pl\/wp-content\/uploads\/2023\/09\/Logo-Pionowe-z-tagline-1.png","contentUrl":"https:\/\/rockmaster.com.pl\/wp-content\/uploads\/2023\/09\/Logo-Pionowe-z-tagline-1.png","width":880,"height":880,"caption":"ROCK MASTER Szkolenia wysoko\u015bciowe"},"image":{"@id":"https:\/\/rockmaster.com.pl\/fr\/#\/schema\/logo\/image\/"},"sameAs":["https:\/\/www.facebook.com\/rock.master.bezpieczna.praca.na.wysokosci"]}]}},"_links":{"self":[{"href":"https:\/\/rockmaster.com.pl\/fr\/wp-json\/wp\/v2\/pages\/26941","targetHints":{"allow":["GET"]}}],"collection":[{"href":"https:\/\/rockmaster.com.pl\/fr\/wp-json\/wp\/v2\/pages"}],"about":[{"href":"https:\/\/rockmaster.com.pl\/fr\/wp-json\/wp\/v2\/types\/page"}],"author":[{"embeddable":true,"href":"https:\/\/rockmaster.com.pl\/fr\/wp-json\/wp\/v2\/users\/1"}],"replies":[{"embeddable":true,"href":"https:\/\/rockmaster.com.pl\/fr\/wp-json\/wp\/v2\/comments?post=26941"}],"version-history":[{"count":1,"href":"https:\/\/rockmaster.com.pl\/fr\/wp-json\/wp\/v2\/pages\/26941\/revisions"}],"predecessor-version":[{"id":26942,"href":"https:\/\/rockmaster.com.pl\/fr\/wp-json\/wp\/v2\/pages\/26941\/revisions\/26942"}],"wp:attachment":[{"href":"https:\/\/rockmaster.com.pl\/fr\/wp-json\/wp\/v2\/media?parent=26941"}],"curies":[{"name":"wp","href":"https:\/\/api.w.org\/{rel}","templated":true}]}}