{"id":26667,"date":"2023-11-27T13:53:58","date_gmt":"2023-11-27T13:53:58","guid":{"rendered":"https:\/\/rockmaster.com.pl\/?page_id=26667"},"modified":"2025-04-25T11:24:52","modified_gmt":"2025-04-25T11:24:52","slug":"demo-telechargeable","status":"publish","type":"page","link":"https:\/\/rockmaster.com.pl\/fr\/vrapp\/demo-telechargeable\/","title":{"rendered":"DEMO &#8211; t\u00e9l\u00e9chargeable"},"content":{"rendered":"\t\t<div data-elementor-type=\"wp-page\" data-elementor-id=\"26667\" class=\"elementor elementor-26667 elementor-11541\" data-elementor-post-type=\"page\">\n\t\t\t\t\t\t<section class=\"elementor-section elementor-top-section elementor-element elementor-element-7813436a elementor-section-boxed elementor-section-height-default elementor-section-height-default\" data-id=\"7813436a\" data-element_type=\"section\" data-e-type=\"section\">\n\t\t\t\t\t\t<div class=\"elementor-container elementor-column-gap-default\">\n\t\t\t\t\t<div class=\"elementor-column elementor-col-100 elementor-top-column elementor-element elementor-element-31ec58e3\" data-id=\"31ec58e3\" data-element_type=\"column\" data-e-type=\"column\">\n\t\t\t<div class=\"elementor-widget-wrap\">\n\t\t\t\t\t\t\t<\/div>\n\t\t<\/div>\n\t\t\t\t\t<\/div>\n\t\t<\/section>\n\t\t<div class=\"elementor-element elementor-element-57a1c438 e-flex e-con-boxed e-con e-parent\" data-id=\"57a1c438\" data-element_type=\"container\" data-e-type=\"container\">\n\t\t\t\t\t<div class=\"e-con-inner\">\n\t\t<div class=\"elementor-element elementor-element-49923a3f e-con-full e-flex e-con e-child\" data-id=\"49923a3f\" data-element_type=\"container\" data-e-type=\"container\">\n\t\t<div class=\"elementor-element elementor-element-5fb2b332 e-flex e-con-boxed e-con e-child\" data-id=\"5fb2b332\" data-element_type=\"container\" data-e-type=\"container\">\n\t\t\t\t\t<div class=\"e-con-inner\">\n\t\t\t\t<div class=\"elementor-element elementor-element-7f3ea2b7 elementor-widget elementor-widget-heading\" data-id=\"7f3ea2b7\" data-element_type=\"widget\" data-e-type=\"widget\" data-widget_type=\"heading.default\">\n\t\t\t\t<div class=\"elementor-widget-container\">\n\t\t\t\t\t<h2 class=\"elementor-heading-title elementor-size-default\">T\u00e9l\u00e9chargez la d\u00e9mo<\/h2>\t\t\t\t<\/div>\n\t\t\t\t<\/div>\n\t\t\t\t<div class=\"elementor-element elementor-element-1c5065c7 elementor-widget-divider--view-line elementor-widget elementor-widget-divider\" data-id=\"1c5065c7\" data-element_type=\"widget\" data-e-type=\"widget\" data-widget_type=\"divider.default\">\n\t\t\t\t<div class=\"elementor-widget-container\">\n\t\t\t\t\t\t\t<div class=\"elementor-divider\">\n\t\t\t<span class=\"elementor-divider-separator\">\n\t\t\t\t\t\t<\/span>\n\t\t<\/div>\n\t\t\t\t\t\t<\/div>\n\t\t\t\t<\/div>\n\t\t\t\t<div class=\"elementor-element elementor-element-a3b3536 elementor-widget elementor-widget-shortcode\" data-id=\"a3b3536\" data-element_type=\"widget\" data-e-type=\"widget\" data-widget_type=\"shortcode.default\">\n\t\t\t\t<div class=\"elementor-widget-container\">\n\t\t\t\t\t\t\t<div class=\"elementor-shortcode\">\n<div class=\"wpcf7 no-js\" id=\"wpcf7-f19610-o1\" lang=\"fr-FR\" dir=\"ltr\" data-wpcf7-id=\"19610\">\n<div class=\"screen-reader-response\"><p role=\"status\" aria-live=\"polite\" aria-atomic=\"true\"><\/p> <ul><\/ul><\/div>\n<form action=\"\/fr\/wp-json\/wp\/v2\/pages\/26667#wpcf7-f19610-o1\" method=\"post\" class=\"wpcf7-form init wpcf7-acceptance-as-validation\" aria-label=\"Formulaire de contact\" novalidate=\"novalidate\" data-status=\"init\">\n<fieldset class=\"hidden-fields-container\"><input type=\"hidden\" name=\"_wpcf7\" value=\"19610\" \/><input type=\"hidden\" name=\"_wpcf7_version\" value=\"6.1.6\" \/><input type=\"hidden\" name=\"_wpcf7_locale\" value=\"fr_FR\" \/><input type=\"hidden\" name=\"_wpcf7_unit_tag\" value=\"wpcf7-f19610-o1\" \/><input type=\"hidden\" name=\"_wpcf7_container_post\" value=\"0\" \/><input type=\"hidden\" name=\"_wpcf7_posted_data_hash\" value=\"\" \/><input type=\"hidden\" name=\"_wpcf7_recaptcha_response\" value=\"\" \/>\n<\/fieldset>\n<p><label> Pays<br \/>\n<span class=\"wpcf7-form-control-wrap\" data-name=\"your-country\"><input size=\"40\" maxlength=\"400\" class=\"wpcf7-form-control wpcf7-text wpcf7-validates-as-required\" id=\"required-field\" aria-required=\"true\" aria-invalid=\"false\" value=\"\" type=\"text\" name=\"your-country\" \/><\/span> <\/label>\n<\/p>\n<p><label> Code postal<br \/>\n<span class=\"wpcf7-form-control-wrap\" data-name=\"your-postcode\"><input size=\"40\" maxlength=\"400\" class=\"wpcf7-form-control wpcf7-text wpcf7-validates-as-required\" id=\"required-field2\" aria-required=\"true\" aria-invalid=\"false\" value=\"\" type=\"text\" name=\"your-postcode\" \/><\/span> <\/label>\n<\/p>\n<p><span class=\"wpcf7-form-control-wrap\" data-name=\"acceptance-668\"><span class=\"wpcf7-form-control wpcf7-acceptance\"><span class=\"wpcf7-list-item\"><label><input type=\"checkbox\" name=\"acceptance-668\" value=\"1\" id=\"license-agreement-checkbox2\" aria-invalid=\"false\" \/><span class=\"wpcf7-list-item-label\">J'accepte les conditions <a href=\"\/fr\/terms-of-service-for-the-use-of-the-vrapp-at-height-software\/\" target=\"_blank\">d'utilisation<\/a><\/span><\/label><\/span><\/span><\/span>\n<\/p>\n<p><input class=\"wpcf7-form-control wpcf7-submit has-spinner\" id=\"download-demo-button2\" type=\"submit\" value=\"T\u00e9l\u00e9charger\" \/>\n<\/p><input type='hidden' class='wpcf7-pum' value='{\"closepopup\":false,\"closedelay\":0,\"openpopup\":false,\"openpopup_id\":0}' \/><div class=\"wpcf7-response-output\" aria-hidden=\"true\"><\/div>\n<\/form>\n<\/div>\n<\/div>\n\t\t\t\t\t\t<\/div>\n\t\t\t\t<\/div>\n\t\t\t\t<div class=\"elementor-element elementor-element-24bf590f elementor-widget elementor-widget-heading\" data-id=\"24bf590f\" data-element_type=\"widget\" data-e-type=\"widget\" data-widget_type=\"heading.default\">\n\t\t\t\t<div class=\"elementor-widget-container\">\n\t\t\t\t\t<h4 class=\"elementor-heading-title elementor-size-default\">Exigences du syst\u00e8me VRapp at Height<\/h4>\t\t\t\t<\/div>\n\t\t\t\t<\/div>\n\t\t\t\t<div class=\"elementor-element elementor-element-36efdf26 elementor-widget-divider--view-line elementor-widget elementor-widget-divider\" data-id=\"36efdf26\" data-element_type=\"widget\" data-e-type=\"widget\" data-widget_type=\"divider.default\">\n\t\t\t\t<div class=\"elementor-widget-container\">\n\t\t\t\t\t\t\t<div class=\"elementor-divider\">\n\t\t\t<span class=\"elementor-divider-separator\">\n\t\t\t\t\t\t<\/span>\n\t\t<\/div>\n\t\t\t\t\t\t<\/div>\n\t\t\t\t<\/div>\n\t\t\t\t<div class=\"elementor-element elementor-element-33a2e91b elementor-widget__width-initial elementor-widget elementor-widget-text-editor\" data-id=\"33a2e91b\" data-element_type=\"widget\" data-e-type=\"widget\" data-widget_type=\"text-editor.default\">\n\t\t\t\t<div class=\"elementor-widget-container\">\n\t\t\t\t\t\t\t\t\t<p><strong>Casques RV pris en charge:<\/strong><\/p><ul><li>HTC VIVE PRO\u00a0<\/li><li>HTC VIVE PRO 2<\/li><li>HTC VIVE Cosmos Elite<\/li><li>HTC VIVE Focus 3 Business Edition<\/li><li>HTC VIVE Focus Vision<\/li><\/ul><p><strong>Ordinateur:<\/strong><\/p><ul><li><strong>Syst\u00e8me d\u2019exploitation:<\/strong>\u00a0Windows 10\/11<\/li><li><strong>Processeur:<\/strong>\u00a0Intel Core i7-9750H 2,6 GHz (ou mieux)<\/li><li><strong>RAM:<\/strong>\u00a016 GB (ou plus)<\/li><li><strong>Carte graphique:<\/strong>\u00a0GeForce RTX 2070 (ou plus r\u00e9cent)<\/li><li><strong>Ports:<\/strong>\u00a0USB 3.0,\u00a0\u00a0DisplayPort mini ou\u00a0DisplayPort 1.2 (ou plus r\u00e9cent), USB-C (10Gbit\/s)<\/li><\/ul>\t\t\t\t\t\t\t\t<\/div>\n\t\t\t\t<\/div>\n\t\t\t\t\t<\/div>\n\t\t\t\t<\/div>\n\t\t\t\t<\/div>\n\t\t<div class=\"elementor-element elementor-element-70ca1da7 e-con-full e-flex e-con e-child\" data-id=\"70ca1da7\" data-element_type=\"container\" data-e-type=\"container\">\n\t\t\t\t<div class=\"elementor-element elementor-element-7128a10f elementor-widget elementor-widget-image\" data-id=\"7128a10f\" data-element_type=\"widget\" data-e-type=\"widget\" data-widget_type=\"image.default\">\n\t\t\t\t<div class=\"elementor-widget-container\">\n\t\t\t\t\t\t\t\t\t\t\t\t\t\t\t<img fetchpriority=\"high\" decoding=\"async\" width=\"1600\" height=\"1600\" src=\"https:\/\/rockmaster.com.pl\/wp-content\/uploads\/2024\/06\/3-1_Easy-Resize.com_wynik.webp\" class=\"attachment-full size-full wp-image-19778\" alt=\"\" srcset=\"https:\/\/rockmaster.com.pl\/wp-content\/uploads\/2024\/06\/3-1_Easy-Resize.com_wynik.webp 1600w, https:\/\/rockmaster.com.pl\/wp-content\/uploads\/2024\/06\/3-1_Easy-Resize.com_wynik-300x300.webp 300w, https:\/\/rockmaster.com.pl\/wp-content\/uploads\/2024\/06\/3-1_Easy-Resize.com_wynik-1024x1024.webp 1024w, https:\/\/rockmaster.com.pl\/wp-content\/uploads\/2024\/06\/3-1_Easy-Resize.com_wynik-150x150.webp 150w, https:\/\/rockmaster.com.pl\/wp-content\/uploads\/2024\/06\/3-1_Easy-Resize.com_wynik-768x768.webp 768w, https:\/\/rockmaster.com.pl\/wp-content\/uploads\/2024\/06\/3-1_Easy-Resize.com_wynik-1536x1536.webp 1536w\" sizes=\"(max-width: 1600px) 100vw, 1600px\" \/>\t\t\t\t\t\t\t\t\t\t\t\t\t\t\t<\/div>\n\t\t\t\t<\/div>\n\t\t\t\t<\/div>\n\t\t\t\t\t<\/div>\n\t\t\t\t<\/div>\n\t\t<div class=\"elementor-element elementor-element-414b7a28 e-flex e-con-boxed e-con e-parent\" data-id=\"414b7a28\" data-element_type=\"container\" data-e-type=\"container\">\n\t\t\t\t\t<div class=\"e-con-inner\">\n\t\t\t\t\t<\/div>\n\t\t\t\t<\/div>\n\t\t\t\t<\/div>\n\t\t","protected":false},"excerpt":{"rendered":"<p>T\u00e9l\u00e9chargez la d\u00e9mo Exigences du syst\u00e8me VRapp at Height Casques RV pris en charge: HTC VIVE PRO\u00a0 HTC VIVE PRO 2 HTC VIVE Cosmos Elite HTC VIVE Focus 3 Business Edition HTC VIVE Focus Vision Ordinateur: Syst\u00e8me d\u2019exploitation:\u00a0Windows 10\/11 Processeur:\u00a0Intel Core i7-9750H 2,6 GHz (ou mieux) RAM:\u00a016 GB (ou plus) Carte graphique:\u00a0GeForce RTX 2070 (ou [&hellip;]<\/p>\n","protected":false},"author":1,"featured_media":0,"parent":20747,"menu_order":0,"comment_status":"closed","ping_status":"closed","template":"","meta":{"site-sidebar-layout":"no-sidebar","site-content-layout":"","ast-site-content-layout":"full-width-container","site-content-style":"default","site-sidebar-style":"default","ast-global-header-display":"","ast-banner-title-visibility":"","ast-main-header-display":"","ast-hfb-above-header-display":"","ast-hfb-below-header-display":"","ast-hfb-mobile-header-display":"","site-post-title":"disabled","ast-breadcrumbs-content":"","ast-featured-img":"disabled","footer-sml-layout":"","ast-disable-related-posts":"","theme-transparent-header-meta":"","adv-header-id-meta":"","stick-header-meta":"","header-above-stick-meta":"","header-main-stick-meta":"","header-below-stick-meta":"","astra-migrate-meta-layouts":"default","ast-page-background-enabled":"default","ast-page-background-meta":{"desktop":{"background-color":"var(--ast-global-color-4)","background-image":"","background-repeat":"repeat","background-position":"center center","background-size":"auto","background-attachment":"scroll","background-type":"","background-media":"","overlay-type":"","overlay-color":"","overlay-opacity":"","overlay-gradient":""},"tablet":{"background-color":"","background-image":"","background-repeat":"repeat","background-position":"center center","background-size":"auto","background-attachment":"scroll","background-type":"","background-media":"","overlay-type":"","overlay-color":"","overlay-opacity":"","overlay-gradient":""},"mobile":{"background-color":"","background-image":"","background-repeat":"repeat","background-position":"center center","background-size":"auto","background-attachment":"scroll","background-type":"","background-media":"","overlay-type":"","overlay-color":"","overlay-opacity":"","overlay-gradient":""}},"ast-content-background-meta":{"desktop":{"background-color":"var(--ast-global-color-5)","background-image":"","background-repeat":"repeat","background-position":"center center","background-size":"auto","background-attachment":"scroll","background-type":"","background-media":"","overlay-type":"","overlay-color":"","overlay-opacity":"","overlay-gradient":""},"tablet":{"background-color":"var(--ast-global-color-5)","background-image":"","background-repeat":"repeat","background-position":"center center","background-size":"auto","background-attachment":"scroll","background-type":"","background-media":"","overlay-type":"","overlay-color":"","overlay-opacity":"","overlay-gradient":""},"mobile":{"background-color":"var(--ast-global-color-5)","background-image":"","background-repeat":"repeat","background-position":"center center","background-size":"auto","background-attachment":"scroll","background-type":"","background-media":"","overlay-type":"","overlay-color":"","overlay-opacity":"","overlay-gradient":""}},"footnotes":""},"class_list":["post-26667","page","type-page","status-publish","hentry"],"yoast_head":"<!-- This site is optimized with the Yoast SEO plugin v27.6 - https:\/\/yoast.com\/product\/yoast-seo-wordpress\/ -->\n<title>DEMO - t\u00e9l\u00e9chargeable - ROCK MASTER Entra\u00eenement en haute altitude<\/title>\n<meta name=\"robots\" content=\"index, follow, max-snippet:-1, max-image-preview:large, max-video-preview:-1\" \/>\n<link rel=\"canonical\" href=\"https:\/\/rockmaster.com.pl\/fr\/vrapp\/demo-telechargeable\/\" \/>\n<meta property=\"og:locale\" content=\"fr_FR\" \/>\n<meta property=\"og:type\" content=\"article\" \/>\n<meta property=\"og:title\" content=\"DEMO - t\u00e9l\u00e9chargeable - ROCK MASTER Entra\u00eenement en haute altitude\" \/>\n<meta property=\"og:description\" content=\"T\u00e9l\u00e9chargez la d\u00e9mo Exigences du syst\u00e8me VRapp at Height Casques RV pris en charge: HTC VIVE PRO\u00a0 HTC VIVE PRO 2 HTC VIVE Cosmos Elite HTC VIVE Focus 3 Business Edition HTC VIVE Focus Vision Ordinateur: Syst\u00e8me d\u2019exploitation:\u00a0Windows 10\/11 Processeur:\u00a0Intel Core i7-9750H 2,6 GHz (ou mieux) RAM:\u00a016 GB (ou plus) Carte graphique:\u00a0GeForce RTX 2070 (ou [&hellip;]\" \/>\n<meta property=\"og:url\" content=\"https:\/\/rockmaster.com.pl\/fr\/vrapp\/demo-telechargeable\/\" \/>\n<meta property=\"og:site_name\" content=\"ROCK MASTER Entra\u00eenement en haute altitude\" \/>\n<meta property=\"article:publisher\" content=\"https:\/\/www.facebook.com\/rock.master.bezpieczna.praca.na.wysokosci\" \/>\n<meta property=\"article:modified_time\" content=\"2025-04-25T11:24:52+00:00\" \/>\n<meta property=\"og:image\" content=\"https:\/\/rockmaster.com.pl\/wp-content\/uploads\/2024\/06\/3-1_Easy-Resize.com_wynik.webp\" \/>\n\t<meta property=\"og:image:width\" content=\"1600\" \/>\n\t<meta property=\"og:image:height\" content=\"1600\" \/>\n\t<meta property=\"og:image:type\" content=\"image\/webp\" \/>\n<meta name=\"twitter:card\" content=\"summary_large_image\" \/>\n<meta name=\"twitter:label1\" content=\"Dur\u00e9e de lecture estim\u00e9e\" \/>\n\t<meta name=\"twitter:data1\" content=\"1 minute\" \/>\n<script type=\"application\/ld+json\" class=\"yoast-schema-graph\">{\"@context\":\"https:\\\/\\\/schema.org\",\"@graph\":[{\"@type\":\"WebPage\",\"@id\":\"https:\\\/\\\/rockmaster.com.pl\\\/fr\\\/vrapp\\\/demo-telechargeable\\\/\",\"url\":\"https:\\\/\\\/rockmaster.com.pl\\\/fr\\\/vrapp\\\/demo-telechargeable\\\/\",\"name\":\"DEMO - t\u00e9l\u00e9chargeable - ROCK MASTER Entra\u00eenement en haute altitude\",\"isPartOf\":{\"@id\":\"https:\\\/\\\/rockmaster.com.pl\\\/fr\\\/#website\"},\"primaryImageOfPage\":{\"@id\":\"https:\\\/\\\/rockmaster.com.pl\\\/fr\\\/vrapp\\\/demo-telechargeable\\\/#primaryimage\"},\"image\":{\"@id\":\"https:\\\/\\\/rockmaster.com.pl\\\/fr\\\/vrapp\\\/demo-telechargeable\\\/#primaryimage\"},\"thumbnailUrl\":\"https:\\\/\\\/rockmaster.com.pl\\\/wp-content\\\/uploads\\\/2024\\\/06\\\/3-1_Easy-Resize.com_wynik.webp\",\"datePublished\":\"2023-11-27T13:53:58+00:00\",\"dateModified\":\"2025-04-25T11:24:52+00:00\",\"breadcrumb\":{\"@id\":\"https:\\\/\\\/rockmaster.com.pl\\\/fr\\\/vrapp\\\/demo-telechargeable\\\/#breadcrumb\"},\"inLanguage\":\"fr-FR\",\"potentialAction\":[{\"@type\":\"ReadAction\",\"target\":[\"https:\\\/\\\/rockmaster.com.pl\\\/fr\\\/vrapp\\\/demo-telechargeable\\\/\"]}]},{\"@type\":\"ImageObject\",\"inLanguage\":\"fr-FR\",\"@id\":\"https:\\\/\\\/rockmaster.com.pl\\\/fr\\\/vrapp\\\/demo-telechargeable\\\/#primaryimage\",\"url\":\"https:\\\/\\\/rockmaster.com.pl\\\/wp-content\\\/uploads\\\/2024\\\/06\\\/3-1_Easy-Resize.com_wynik.webp\",\"contentUrl\":\"https:\\\/\\\/rockmaster.com.pl\\\/wp-content\\\/uploads\\\/2024\\\/06\\\/3-1_Easy-Resize.com_wynik.webp\"},{\"@type\":\"BreadcrumbList\",\"@id\":\"https:\\\/\\\/rockmaster.com.pl\\\/fr\\\/vrapp\\\/demo-telechargeable\\\/#breadcrumb\",\"itemListElement\":[{\"@type\":\"ListItem\",\"position\":1,\"name\":\"VRapp\",\"item\":\"https:\\\/\\\/rockmaster.com.pl\\\/fr\\\/vrapp\\\/\"},{\"@type\":\"ListItem\",\"position\":2,\"name\":\"DEMO &#8211; t\u00e9l\u00e9chargeable\"}]},{\"@type\":\"WebSite\",\"@id\":\"https:\\\/\\\/rockmaster.com.pl\\\/fr\\\/#website\",\"url\":\"https:\\\/\\\/rockmaster.com.pl\\\/fr\\\/\",\"name\":\"ROCK MASTER Szkolenia wysoko\u015bciowe\",\"description\":\"Bezpieczna praca na wysoko\u015bci\",\"publisher\":{\"@id\":\"https:\\\/\\\/rockmaster.com.pl\\\/fr\\\/#organization\"},\"potentialAction\":[{\"@type\":\"SearchAction\",\"target\":{\"@type\":\"EntryPoint\",\"urlTemplate\":\"https:\\\/\\\/rockmaster.com.pl\\\/fr\\\/?s={search_term_string}\"},\"query-input\":{\"@type\":\"PropertyValueSpecification\",\"valueRequired\":true,\"valueName\":\"search_term_string\"}}],\"inLanguage\":\"fr-FR\"},{\"@type\":\"Organization\",\"@id\":\"https:\\\/\\\/rockmaster.com.pl\\\/fr\\\/#organization\",\"name\":\"ROCK MASTER Szkolenia wysoko\u015bciowe\",\"url\":\"https:\\\/\\\/rockmaster.com.pl\\\/fr\\\/\",\"logo\":{\"@type\":\"ImageObject\",\"inLanguage\":\"fr-FR\",\"@id\":\"https:\\\/\\\/rockmaster.com.pl\\\/fr\\\/#\\\/schema\\\/logo\\\/image\\\/\",\"url\":\"https:\\\/\\\/rockmaster.com.pl\\\/wp-content\\\/uploads\\\/2023\\\/09\\\/Logo-Pionowe-z-tagline-1.png\",\"contentUrl\":\"https:\\\/\\\/rockmaster.com.pl\\\/wp-content\\\/uploads\\\/2023\\\/09\\\/Logo-Pionowe-z-tagline-1.png\",\"width\":880,\"height\":880,\"caption\":\"ROCK MASTER Szkolenia wysoko\u015bciowe\"},\"image\":{\"@id\":\"https:\\\/\\\/rockmaster.com.pl\\\/fr\\\/#\\\/schema\\\/logo\\\/image\\\/\"},\"sameAs\":[\"https:\\\/\\\/www.facebook.com\\\/rock.master.bezpieczna.praca.na.wysokosci\"]}]}<\/script>\n<!-- \/ Yoast SEO plugin. -->","yoast_head_json":{"title":"DEMO - t\u00e9l\u00e9chargeable - ROCK MASTER Entra\u00eenement en haute altitude","robots":{"index":"index","follow":"follow","max-snippet":"max-snippet:-1","max-image-preview":"max-image-preview:large","max-video-preview":"max-video-preview:-1"},"canonical":"https:\/\/rockmaster.com.pl\/fr\/vrapp\/demo-telechargeable\/","og_locale":"fr_FR","og_type":"article","og_title":"DEMO - t\u00e9l\u00e9chargeable - ROCK MASTER Entra\u00eenement en haute altitude","og_description":"T\u00e9l\u00e9chargez la d\u00e9mo Exigences du syst\u00e8me VRapp at Height Casques RV pris en charge: HTC VIVE PRO\u00a0 HTC VIVE PRO 2 HTC VIVE Cosmos Elite HTC VIVE Focus 3 Business Edition HTC VIVE Focus Vision Ordinateur: Syst\u00e8me d\u2019exploitation:\u00a0Windows 10\/11 Processeur:\u00a0Intel Core i7-9750H 2,6 GHz (ou mieux) RAM:\u00a016 GB (ou plus) Carte graphique:\u00a0GeForce RTX 2070 (ou [&hellip;]","og_url":"https:\/\/rockmaster.com.pl\/fr\/vrapp\/demo-telechargeable\/","og_site_name":"ROCK MASTER Entra\u00eenement en haute altitude","article_publisher":"https:\/\/www.facebook.com\/rock.master.bezpieczna.praca.na.wysokosci","article_modified_time":"2025-04-25T11:24:52+00:00","og_image":[{"width":1600,"height":1600,"url":"https:\/\/rockmaster.com.pl\/wp-content\/uploads\/2024\/06\/3-1_Easy-Resize.com_wynik.webp","type":"image\/webp"}],"twitter_card":"summary_large_image","twitter_misc":{"Dur\u00e9e de lecture estim\u00e9e":"1 minute"},"schema":{"@context":"https:\/\/schema.org","@graph":[{"@type":"WebPage","@id":"https:\/\/rockmaster.com.pl\/fr\/vrapp\/demo-telechargeable\/","url":"https:\/\/rockmaster.com.pl\/fr\/vrapp\/demo-telechargeable\/","name":"DEMO - t\u00e9l\u00e9chargeable - ROCK MASTER Entra\u00eenement en haute altitude","isPartOf":{"@id":"https:\/\/rockmaster.com.pl\/fr\/#website"},"primaryImageOfPage":{"@id":"https:\/\/rockmaster.com.pl\/fr\/vrapp\/demo-telechargeable\/#primaryimage"},"image":{"@id":"https:\/\/rockmaster.com.pl\/fr\/vrapp\/demo-telechargeable\/#primaryimage"},"thumbnailUrl":"https:\/\/rockmaster.com.pl\/wp-content\/uploads\/2024\/06\/3-1_Easy-Resize.com_wynik.webp","datePublished":"2023-11-27T13:53:58+00:00","dateModified":"2025-04-25T11:24:52+00:00","breadcrumb":{"@id":"https:\/\/rockmaster.com.pl\/fr\/vrapp\/demo-telechargeable\/#breadcrumb"},"inLanguage":"fr-FR","potentialAction":[{"@type":"ReadAction","target":["https:\/\/rockmaster.com.pl\/fr\/vrapp\/demo-telechargeable\/"]}]},{"@type":"ImageObject","inLanguage":"fr-FR","@id":"https:\/\/rockmaster.com.pl\/fr\/vrapp\/demo-telechargeable\/#primaryimage","url":"https:\/\/rockmaster.com.pl\/wp-content\/uploads\/2024\/06\/3-1_Easy-Resize.com_wynik.webp","contentUrl":"https:\/\/rockmaster.com.pl\/wp-content\/uploads\/2024\/06\/3-1_Easy-Resize.com_wynik.webp"},{"@type":"BreadcrumbList","@id":"https:\/\/rockmaster.com.pl\/fr\/vrapp\/demo-telechargeable\/#breadcrumb","itemListElement":[{"@type":"ListItem","position":1,"name":"VRapp","item":"https:\/\/rockmaster.com.pl\/fr\/vrapp\/"},{"@type":"ListItem","position":2,"name":"DEMO &#8211; t\u00e9l\u00e9chargeable"}]},{"@type":"WebSite","@id":"https:\/\/rockmaster.com.pl\/fr\/#website","url":"https:\/\/rockmaster.com.pl\/fr\/","name":"ROCK MASTER Szkolenia wysoko\u015bciowe","description":"Bezpieczna praca na wysoko\u015bci","publisher":{"@id":"https:\/\/rockmaster.com.pl\/fr\/#organization"},"potentialAction":[{"@type":"SearchAction","target":{"@type":"EntryPoint","urlTemplate":"https:\/\/rockmaster.com.pl\/fr\/?s={search_term_string}"},"query-input":{"@type":"PropertyValueSpecification","valueRequired":true,"valueName":"search_term_string"}}],"inLanguage":"fr-FR"},{"@type":"Organization","@id":"https:\/\/rockmaster.com.pl\/fr\/#organization","name":"ROCK MASTER Szkolenia wysoko\u015bciowe","url":"https:\/\/rockmaster.com.pl\/fr\/","logo":{"@type":"ImageObject","inLanguage":"fr-FR","@id":"https:\/\/rockmaster.com.pl\/fr\/#\/schema\/logo\/image\/","url":"https:\/\/rockmaster.com.pl\/wp-content\/uploads\/2023\/09\/Logo-Pionowe-z-tagline-1.png","contentUrl":"https:\/\/rockmaster.com.pl\/wp-content\/uploads\/2023\/09\/Logo-Pionowe-z-tagline-1.png","width":880,"height":880,"caption":"ROCK MASTER Szkolenia wysoko\u015bciowe"},"image":{"@id":"https:\/\/rockmaster.com.pl\/fr\/#\/schema\/logo\/image\/"},"sameAs":["https:\/\/www.facebook.com\/rock.master.bezpieczna.praca.na.wysokosci"]}]}},"_links":{"self":[{"href":"https:\/\/rockmaster.com.pl\/fr\/wp-json\/wp\/v2\/pages\/26667","targetHints":{"allow":["GET"]}}],"collection":[{"href":"https:\/\/rockmaster.com.pl\/fr\/wp-json\/wp\/v2\/pages"}],"about":[{"href":"https:\/\/rockmaster.com.pl\/fr\/wp-json\/wp\/v2\/types\/page"}],"author":[{"embeddable":true,"href":"https:\/\/rockmaster.com.pl\/fr\/wp-json\/wp\/v2\/users\/1"}],"replies":[{"embeddable":true,"href":"https:\/\/rockmaster.com.pl\/fr\/wp-json\/wp\/v2\/comments?post=26667"}],"version-history":[{"count":11,"href":"https:\/\/rockmaster.com.pl\/fr\/wp-json\/wp\/v2\/pages\/26667\/revisions"}],"predecessor-version":[{"id":27124,"href":"https:\/\/rockmaster.com.pl\/fr\/wp-json\/wp\/v2\/pages\/26667\/revisions\/27124"}],"up":[{"embeddable":true,"href":"https:\/\/rockmaster.com.pl\/fr\/wp-json\/wp\/v2\/pages\/20747"}],"wp:attachment":[{"href":"https:\/\/rockmaster.com.pl\/fr\/wp-json\/wp\/v2\/media?parent=26667"}],"curies":[{"name":"wp","href":"https:\/\/api.w.org\/{rel}","templated":true}]}}