{"id":21102,"date":"2023-12-07T19:09:31","date_gmt":"2023-12-07T19:09:31","guid":{"rendered":"https:\/\/rockmaster.proadax-dev.pl\/?page_id=21102"},"modified":"2024-09-11T13:46:56","modified_gmt":"2024-09-11T13:46:56","slug":"securite-pour-le-secteur-de-la-construction","status":"publish","type":"page","link":"https:\/\/rockmaster.com.pl\/fr\/securite-pour-le-secteur-de-la-construction\/","title":{"rendered":"S\u00e9curit\u00e9 pour le secteur de la construction"},"content":{"rendered":"\t\t<div data-elementor-type=\"wp-page\" data-elementor-id=\"21102\" class=\"elementor elementor-21102 elementor-12236\" data-elementor-post-type=\"page\">\n\t\t\t\t\t\t<section class=\"elementor-section elementor-top-section elementor-element elementor-element-5a493b41 elementor-section-boxed elementor-section-height-default elementor-section-height-default\" data-id=\"5a493b41\" data-element_type=\"section\" data-e-type=\"section\">\n\t\t\t\t\t\t<div class=\"elementor-container elementor-column-gap-default\">\n\t\t\t\t\t<div class=\"elementor-column elementor-col-100 elementor-top-column elementor-element elementor-element-5e48d0d1\" data-id=\"5e48d0d1\" data-element_type=\"column\" data-e-type=\"column\">\n\t\t\t<div class=\"elementor-widget-wrap elementor-element-populated\">\n\t\t\t\t\t\t<div class=\"elementor-element elementor-element-34405f05 elementor-widget elementor-widget-elementskit-heading\" data-id=\"34405f05\" data-element_type=\"widget\" data-e-type=\"widget\" data-widget_type=\"elementskit-heading.default\">\n\t\t\t\t<div class=\"elementor-widget-container\">\n\t\t\t\t\t<div class=\"ekit-wid-con\" ><div class=\"ekit-heading elementskit-section-title-wraper text_center   ekit_heading_tablet-   ekit_heading_mobile-\"><h1 class=\"ekit-heading--title elementskit-section-title \">S\u00e9curit\u00e9 pour le secteur de la construction<\/h1><\/div><\/div>\t\t\t\t<\/div>\n\t\t\t\t<\/div>\n\t\t\t\t\t<\/div>\n\t\t<\/div>\n\t\t\t\t\t<\/div>\n\t\t<\/section>\n\t\t<div class=\"elementor-element elementor-element-62af671b e-flex e-con-boxed e-con e-parent\" data-id=\"62af671b\" data-element_type=\"container\" data-e-type=\"container\">\n\t\t\t\t\t<div class=\"e-con-inner\">\n\t\t<div class=\"elementor-element elementor-element-5d0de08 e-con-full e-flex e-con e-child\" data-id=\"5d0de08\" data-element_type=\"container\" data-e-type=\"container\">\n\t\t\t\t<div class=\"elementor-element elementor-element-23b312f4 elementor-cta--layout-image-above elementor-cta--skin-classic elementor-animated-content elementor-bg-transform elementor-bg-transform-zoom-in elementor-widget elementor-widget-call-to-action\" data-id=\"23b312f4\" data-element_type=\"widget\" data-e-type=\"widget\" data-widget_type=\"call-to-action.default\">\n\t\t\t\t<div class=\"elementor-widget-container\">\n\t\t\t\t\t\t\t<div class=\"elementor-cta\">\n\t\t\t\t\t<div class=\"elementor-cta__bg-wrapper\">\n\t\t\t\t<div class=\"elementor-cta__bg elementor-bg\" style=\"background-image: url(https:\/\/rockmaster.com.pl\/wp-content\/uploads\/2024\/03\/Budynek-1024x640.webp);\" role=\"img\" aria-label=\"\"><\/div>\n\t\t\t\t<div class=\"elementor-cta__bg-overlay\"><\/div>\n\t\t\t<\/div>\n\t\t\t\t\t\t\t<div class=\"elementor-cta__content\">\n\t\t\t\t\n\t\t\t\t\t\t\t\t\t<h2 class=\"elementor-cta__title elementor-cta__content-item elementor-content-item\">\n\t\t\t\t\t\tSYST\u00c8ME T - filets de s\u00e9curit\u00e9\t\t\t\t\t<\/h2>\n\t\t\t\t\n\t\t\t\t\t\t\t\t\t<div class=\"elementor-cta__description elementor-cta__content-item elementor-content-item\">\n\t\t\t\t\t\t \t\t\t\t\t<\/div>\n\t\t\t\t\n\t\t\t\t\t\t\t\t\t<div class=\"elementor-cta__button-wrapper elementor-cta__content-item elementor-content-item \">\n\t\t\t\t\t<a class=\"elementor-cta__button elementor-button elementor-size-\" href=\"\/fr\/produits\/filets-de-securite\/\">\n\t\t\t\t\t\tEn savoir plus !\t\t\t\t\t<\/a>\n\t\t\t\t\t<\/div>\n\t\t\t\t\t\t\t<\/div>\n\t\t\t\t\t\t\t<div class=\"elementor-ribbon\">\n\t\t\t\t<div class=\"elementor-ribbon-inner\">\n\t\t\t\t\t \t\t\t\t<\/div>\n\t\t\t<\/div>\n\t\t\t\t<\/div>\n\t\t\t\t\t\t<\/div>\n\t\t\t\t<\/div>\n\t\t\t\t<div class=\"elementor-element elementor-element-1a52aea5 elementor-cta--layout-image-above elementor-cta--skin-classic elementor-animated-content elementor-bg-transform elementor-bg-transform-zoom-in elementor-widget elementor-widget-call-to-action\" data-id=\"1a52aea5\" data-element_type=\"widget\" data-e-type=\"widget\" data-widget_type=\"call-to-action.default\">\n\t\t\t\t<div class=\"elementor-widget-container\">\n\t\t\t\t\t\t\t<div class=\"elementor-cta\">\n\t\t\t\t\t<div class=\"elementor-cta__bg-wrapper\">\n\t\t\t\t<div class=\"elementor-cta__bg elementor-bg\" style=\"background-image: url(https:\/\/rockmaster.com.pl\/wp-content\/uploads\/2024\/03\/HAK_DLUGI_04-1024x640.webp);\" role=\"img\" aria-label=\"\"><\/div>\n\t\t\t\t<div class=\"elementor-cta__bg-overlay\"><\/div>\n\t\t\t<\/div>\n\t\t\t\t\t\t\t<div class=\"elementor-cta__content\">\n\t\t\t\t\n\t\t\t\t\t\t\t\t\t<h2 class=\"elementor-cta__title elementor-cta__content-item elementor-content-item\">\n\t\t\t\t\t\tHAS - crochet de s\u00e9curit\u00e9 de coffrage\t\t\t\t\t<\/h2>\n\t\t\t\t\n\t\t\t\t\t\t\t\t\t<div class=\"elementor-cta__description elementor-cta__content-item elementor-content-item\">\n\t\t\t\t\t\t \t\t\t\t\t<\/div>\n\t\t\t\t\n\t\t\t\t\t\t\t\t\t<div class=\"elementor-cta__button-wrapper elementor-cta__content-item elementor-content-item \">\n\t\t\t\t\t<a class=\"elementor-cta__button elementor-button elementor-size-\" href=\"\/fr\/produits\/crochet-de-securite-pour-coffrage-has\/\">\n\t\t\t\t\t\tEn savoir plus !\t\t\t\t\t<\/a>\n\t\t\t\t\t<\/div>\n\t\t\t\t\t\t\t<\/div>\n\t\t\t\t\t\t\t<div class=\"elementor-ribbon\">\n\t\t\t\t<div class=\"elementor-ribbon-inner\">\n\t\t\t\t\t \t\t\t\t<\/div>\n\t\t\t<\/div>\n\t\t\t\t<\/div>\n\t\t\t\t\t\t<\/div>\n\t\t\t\t<\/div>\n\t\t\t\t<div class=\"elementor-element elementor-element-27406183 elementor-cta--layout-image-above elementor-cta--skin-classic elementor-animated-content elementor-bg-transform elementor-bg-transform-zoom-in elementor-widget elementor-widget-call-to-action\" data-id=\"27406183\" data-element_type=\"widget\" data-e-type=\"widget\" data-widget_type=\"call-to-action.default\">\n\t\t\t\t<div class=\"elementor-widget-container\">\n\t\t\t\t\t\t\t<div class=\"elementor-cta\">\n\t\t\t\t\t<div class=\"elementor-cta__bg-wrapper\">\n\t\t\t\t<div class=\"elementor-cta__bg elementor-bg\" style=\"background-image: url(https:\/\/rockmaster.com.pl\/wp-content\/uploads\/2024\/03\/Startsss_02b-1024x689.webp);\" role=\"img\" aria-label=\"\"><\/div>\n\t\t\t\t<div class=\"elementor-cta__bg-overlay\"><\/div>\n\t\t\t<\/div>\n\t\t\t\t\t\t\t<div class=\"elementor-cta__content\">\n\t\t\t\t\n\t\t\t\t\t\t\t\t\t<h2 class=\"elementor-cta__title elementor-cta__content-item elementor-content-item\">\n\t\t\t\t\t\tCAS - Syst\u00e8me d'acc\u00e8s aux conteneurs\t\t\t\t\t<\/h2>\n\t\t\t\t\n\t\t\t\t\t\t\t\t\t<div class=\"elementor-cta__description elementor-cta__content-item elementor-content-item\">\n\t\t\t\t\t\t \t\t\t\t\t<\/div>\n\t\t\t\t\n\t\t\t\t\t\t\t\t\t<div class=\"elementor-cta__button-wrapper elementor-cta__content-item elementor-content-item \">\n\t\t\t\t\t<a class=\"elementor-cta__button elementor-button elementor-size-\" href=\"\/fr\/produits\/systeme-dacces-aux-conteneurs\/\">\n\t\t\t\t\t\tEn savoir plus !\t\t\t\t\t<\/a>\n\t\t\t\t\t<\/div>\n\t\t\t\t\t\t\t<\/div>\n\t\t\t\t\t\t\t<div class=\"elementor-ribbon\">\n\t\t\t\t<div class=\"elementor-ribbon-inner\">\n\t\t\t\t\t \t\t\t\t<\/div>\n\t\t\t<\/div>\n\t\t\t\t<\/div>\n\t\t\t\t\t\t<\/div>\n\t\t\t\t<\/div>\n\t\t\t\t<\/div>\n\t\t<div class=\"elementor-element elementor-element-50166158 e-con-full e-flex e-con e-child\" data-id=\"50166158\" data-element_type=\"container\" data-e-type=\"container\">\n\t\t\t\t<div class=\"elementor-element elementor-element-5b15165 elementor-cta--layout-image-above elementor-cta--skin-classic elementor-animated-content elementor-bg-transform elementor-bg-transform-zoom-in elementor-widget elementor-widget-call-to-action\" data-id=\"5b15165\" data-element_type=\"widget\" data-e-type=\"widget\" data-widget_type=\"call-to-action.default\">\n\t\t\t\t<div class=\"elementor-widget-container\">\n\t\t\t\t\t\t\t<div class=\"elementor-cta\">\n\t\t\t\t\t<div class=\"elementor-cta__bg-wrapper\">\n\t\t\t\t<div class=\"elementor-cta__bg elementor-bg\" style=\"background-image: url(https:\/\/rockmaster.com.pl\/wp-content\/uploads\/2024\/03\/GW_04.webp);\" role=\"img\" aria-label=\"\"><\/div>\n\t\t\t\t<div class=\"elementor-cta__bg-overlay\"><\/div>\n\t\t\t<\/div>\n\t\t\t\t\t\t\t<div class=\"elementor-cta__content\">\n\t\t\t\t\n\t\t\t\t\t\t\t\t\t<h2 class=\"elementor-cta__title elementor-cta__content-item elementor-content-item\">\n\t\t\t\t\t\tSAS - poteaux de s\u00e9curit\u00e9 de coffrage\t\t\t\t\t<\/h2>\n\t\t\t\t\n\t\t\t\t\t\t\t\t\t<div class=\"elementor-cta__description elementor-cta__content-item elementor-content-item\">\n\t\t\t\t\t\t \n  \t\t\t\t\t<\/div>\n\t\t\t\t\n\t\t\t\t\t\t\t\t\t<div class=\"elementor-cta__button-wrapper elementor-cta__content-item elementor-content-item \">\n\t\t\t\t\t<a class=\"elementor-cta__button elementor-button elementor-size-\" href=\"\/fr\/produits\/poteaux-de-coffrage-sas\/\">\n\t\t\t\t\t\tEn savoir plus !\t\t\t\t\t<\/a>\n\t\t\t\t\t<\/div>\n\t\t\t\t\t\t\t<\/div>\n\t\t\t\t\t\t\t<div class=\"elementor-ribbon\">\n\t\t\t\t<div class=\"elementor-ribbon-inner\">\n\t\t\t\t\t \t\t\t\t<\/div>\n\t\t\t<\/div>\n\t\t\t\t<\/div>\n\t\t\t\t\t\t<\/div>\n\t\t\t\t<\/div>\n\t\t\t\t<div class=\"elementor-element elementor-element-72860b22 elementor-cta--layout-image-above elementor-cta--skin-classic elementor-animated-content elementor-bg-transform elementor-bg-transform-zoom-in elementor-widget elementor-widget-call-to-action\" data-id=\"72860b22\" data-element_type=\"widget\" data-e-type=\"widget\" data-widget_type=\"call-to-action.default\">\n\t\t\t\t<div class=\"elementor-widget-container\">\n\t\t\t\t\t\t\t<div class=\"elementor-cta\">\n\t\t\t\t\t<div class=\"elementor-cta__bg-wrapper\">\n\t\t\t\t<div class=\"elementor-cta__bg elementor-bg\" style=\"background-image: url(https:\/\/rockmaster.com.pl\/wp-content\/uploads\/2024\/03\/H_04-1024x724.webp);\" role=\"img\" aria-label=\"\"><\/div>\n\t\t\t\t<div class=\"elementor-cta__bg-overlay\"><\/div>\n\t\t\t<\/div>\n\t\t\t\t\t\t\t<div class=\"elementor-cta__content\">\n\t\t\t\t\n\t\t\t\t\t\t\t\t\t<h2 class=\"elementor-cta__title elementor-cta__content-item elementor-content-item\">\n\t\t\t\t\t\tHAWP - crochet d'assurage pour tours de soutien\t\t\t\t\t<\/h2>\n\t\t\t\t\n\t\t\t\t\t\t\t\t\t<div class=\"elementor-cta__description elementor-cta__content-item elementor-content-item\">\n\t\t\t\t\t\t \n  \t\t\t\t\t<\/div>\n\t\t\t\t\n\t\t\t\t\t\t\t\t\t<div class=\"elementor-cta__button-wrapper elementor-cta__content-item elementor-content-item \">\n\t\t\t\t\t<a class=\"elementor-cta__button elementor-button elementor-size-\" href=\"\/fr\/produits\/crochet-dassurage-pour-tours-de-support\/\">\n\t\t\t\t\t\tEn savoir plus !\t\t\t\t\t<\/a>\n\t\t\t\t\t<\/div>\n\t\t\t\t\t\t\t<\/div>\n\t\t\t\t\t\t\t<div class=\"elementor-ribbon\">\n\t\t\t\t<div class=\"elementor-ribbon-inner\">\n\t\t\t\t\t \t\t\t\t<\/div>\n\t\t\t<\/div>\n\t\t\t\t<\/div>\n\t\t\t\t\t\t<\/div>\n\t\t\t\t<\/div>\n\t\t\t\t<div class=\"elementor-element elementor-element-333564e8 elementor-cta--layout-image-above elementor-cta--skin-classic elementor-animated-content elementor-bg-transform elementor-bg-transform-zoom-in elementor-widget elementor-widget-call-to-action\" data-id=\"333564e8\" data-element_type=\"widget\" data-e-type=\"widget\" data-widget_type=\"call-to-action.default\">\n\t\t\t\t<div class=\"elementor-widget-container\">\n\t\t\t\t\t\t\t<div class=\"elementor-cta\">\n\t\t\t\t\t<div class=\"elementor-cta__bg-wrapper\">\n\t\t\t\t<div class=\"elementor-cta__bg elementor-bg\" style=\"background-image: url(https:\/\/rockmaster.com.pl\/wp-content\/uploads\/2024\/03\/PSA2-kopia-945x1024.png);\" role=\"img\" aria-label=\"PSA2 kopia\"><\/div>\n\t\t\t\t<div class=\"elementor-cta__bg-overlay\"><\/div>\n\t\t\t<\/div>\n\t\t\t\t\t\t\t<div class=\"elementor-cta__content\">\n\t\t\t\t\n\t\t\t\t\t\t\t\t\t<h2 class=\"elementor-cta__title elementor-cta__content-item elementor-content-item\">\n\t\t\t\t\t\tPSA - syst\u00e8me d'assurage horizontal\t\t\t\t\t<\/h2>\n\t\t\t\t\n\t\t\t\t\t\t\t\t\t<div class=\"elementor-cta__description elementor-cta__content-item elementor-content-item\">\n\t\t\t\t\t\t \n  \t\t\t\t\t<\/div>\n\t\t\t\t\n\t\t\t\t\t\t\t\t\t<div class=\"elementor-cta__button-wrapper elementor-cta__content-item elementor-content-item \">\n\t\t\t\t\t<a class=\"elementor-cta__button elementor-button elementor-size-\" href=\"\/fr\/produits\/systeme-dassurage-horizontal\/\">\n\t\t\t\t\t\tEn savoir plus !\t\t\t\t\t<\/a>\n\t\t\t\t\t<\/div>\n\t\t\t\t\t\t\t<\/div>\n\t\t\t\t\t\t\t<div class=\"elementor-ribbon\">\n\t\t\t\t<div class=\"elementor-ribbon-inner\">\n\t\t\t\t\t \t\t\t\t<\/div>\n\t\t\t<\/div>\n\t\t\t\t<\/div>\n\t\t\t\t\t\t<\/div>\n\t\t\t\t<\/div>\n\t\t\t\t<\/div>\n\t\t\t\t\t<\/div>\n\t\t\t\t<\/div>\n\t\t<div class=\"elementor-element elementor-element-1bcdfb4 e-flex e-con-boxed e-con e-parent\" data-id=\"1bcdfb4\" data-element_type=\"container\" data-e-type=\"container\">\n\t\t\t\t\t<div class=\"e-con-inner\">\n\t\t<div class=\"elementor-element elementor-element-4aafbf7 e-con-full e-flex e-con e-child\" data-id=\"4aafbf7\" data-element_type=\"container\" data-e-type=\"container\">\n\t\t\t\t<\/div>\n\t\t<div class=\"elementor-element elementor-element-0e9028b e-con-full e-flex e-con e-child\" data-id=\"0e9028b\" data-element_type=\"container\" data-e-type=\"container\">\n\t\t\t\t<div class=\"elementor-element elementor-element-6620d92f elementor-cta--layout-image-above elementor-cta--skin-classic elementor-animated-content elementor-bg-transform elementor-bg-transform-zoom-in elementor-widget elementor-widget-call-to-action\" data-id=\"6620d92f\" data-element_type=\"widget\" data-e-type=\"widget\" data-widget_type=\"call-to-action.default\">\n\t\t\t\t<div class=\"elementor-widget-container\">\n\t\t\t\t\t\t\t<div class=\"elementor-cta\">\n\t\t\t\t\t<div class=\"elementor-cta__bg-wrapper\">\n\t\t\t\t<div class=\"elementor-cta__bg elementor-bg\" style=\"background-image: url(https:\/\/rockmaster.com.pl\/wp-content\/uploads\/2024\/03\/UZO-Z-LINA-PNG-kopia-724x1024.png);\" role=\"img\" aria-label=\"UZO Z LIN\u0104\"><\/div>\n\t\t\t\t<div class=\"elementor-cta__bg-overlay\"><\/div>\n\t\t\t<\/div>\n\t\t\t\t\t\t\t<div class=\"elementor-cta__content\">\n\t\t\t\t\n\t\t\t\t\t\t\t\t\t<h2 class=\"elementor-cta__title elementor-cta__content-item elementor-content-item\">\n\t\t\t\t\t\tUZO - appareil de descente avec fonction de sauvetage\t\t\t\t\t<\/h2>\n\t\t\t\t\n\t\t\t\t\n\t\t\t\t\t\t\t\t\t<div class=\"elementor-cta__button-wrapper elementor-cta__content-item elementor-content-item \">\n\t\t\t\t\t<a class=\"elementor-cta__button elementor-button elementor-size-\" href=\"\/fr\/produits\/equipement-de-sauvetage-uzo\/\">\n\t\t\t\t\t\tEn savoir plus !\t\t\t\t\t<\/a>\n\t\t\t\t\t<\/div>\n\t\t\t\t\t\t\t<\/div>\n\t\t\t\t\t\t\t<div class=\"elementor-ribbon\">\n\t\t\t\t<div class=\"elementor-ribbon-inner\">\n\t\t\t\t\t \t\t\t\t<\/div>\n\t\t\t<\/div>\n\t\t\t\t<\/div>\n\t\t\t\t\t\t<\/div>\n\t\t\t\t<\/div>\n\t\t\t\t<\/div>\n\t\t<div class=\"elementor-element elementor-element-73c1586 e-con-full e-flex e-con e-child\" data-id=\"73c1586\" data-element_type=\"container\" data-e-type=\"container\">\n\t\t\t\t<\/div>\n\t\t\t\t\t<\/div>\n\t\t\t\t<\/div>\n\t\t\t\t<\/div>\n\t\t","protected":false},"excerpt":{"rendered":"<p>S\u00e9curit\u00e9 pour le secteur de la construction SYST\u00c8ME T &#8211; filets de s\u00e9curit\u00e9 En savoir plus ! HAS &#8211; crochet de s\u00e9curit\u00e9 de coffrage En savoir plus ! CAS &#8211; Syst\u00e8me d&rsquo;acc\u00e8s aux conteneurs En savoir plus ! SAS &#8211; poteaux de s\u00e9curit\u00e9 de coffrage En savoir plus ! HAWP &#8211; crochet d&rsquo;assurage pour tours [&hellip;]<\/p>\n","protected":false},"author":1,"featured_media":0,"parent":0,"menu_order":0,"comment_status":"closed","ping_status":"closed","template":"","meta":{"site-sidebar-layout":"no-sidebar","site-content-layout":"","ast-site-content-layout":"full-width-container","site-content-style":"default","site-sidebar-style":"default","ast-global-header-display":"","ast-banner-title-visibility":"","ast-main-header-display":"","ast-hfb-above-header-display":"","ast-hfb-below-header-display":"","ast-hfb-mobile-header-display":"","site-post-title":"disabled","ast-breadcrumbs-content":"","ast-featured-img":"disabled","footer-sml-layout":"","ast-disable-related-posts":"","theme-transparent-header-meta":"","adv-header-id-meta":"","stick-header-meta":"","header-above-stick-meta":"","header-main-stick-meta":"","header-below-stick-meta":"","astra-migrate-meta-layouts":"default","ast-page-background-enabled":"default","ast-page-background-meta":{"desktop":{"background-color":"var(--ast-global-color-4)","background-image":"","background-repeat":"repeat","background-position":"center center","background-size":"auto","background-attachment":"scroll","background-type":"","background-media":"","overlay-type":"","overlay-color":"","overlay-opacity":"","overlay-gradient":""},"tablet":{"background-color":"","background-image":"","background-repeat":"repeat","background-position":"center center","background-size":"auto","background-attachment":"scroll","background-type":"","background-media":"","overlay-type":"","overlay-color":"","overlay-opacity":"","overlay-gradient":""},"mobile":{"background-color":"","background-image":"","background-repeat":"repeat","background-position":"center center","background-size":"auto","background-attachment":"scroll","background-type":"","background-media":"","overlay-type":"","overlay-color":"","overlay-opacity":"","overlay-gradient":""}},"ast-content-background-meta":{"desktop":{"background-color":"var(--ast-global-color-5)","background-image":"","background-repeat":"repeat","background-position":"center center","background-size":"auto","background-attachment":"scroll","background-type":"","background-media":"","overlay-type":"","overlay-color":"","overlay-opacity":"","overlay-gradient":""},"tablet":{"background-color":"var(--ast-global-color-5)","background-image":"","background-repeat":"repeat","background-position":"center center","background-size":"auto","background-attachment":"scroll","background-type":"","background-media":"","overlay-type":"","overlay-color":"","overlay-opacity":"","overlay-gradient":""},"mobile":{"background-color":"var(--ast-global-color-5)","background-image":"","background-repeat":"repeat","background-position":"center center","background-size":"auto","background-attachment":"scroll","background-type":"","background-media":"","overlay-type":"","overlay-color":"","overlay-opacity":"","overlay-gradient":""}},"footnotes":""},"class_list":["post-21102","page","type-page","status-publish","hentry"],"yoast_head":"<!-- This site is optimized with the Yoast SEO plugin v27.6 - https:\/\/yoast.com\/product\/yoast-seo-wordpress\/ -->\n<title>S\u00e9curit\u00e9 pour le secteur de la construction - ROCK MASTER Entra\u00eenement en haute altitude<\/title>\n<meta name=\"robots\" content=\"index, follow, max-snippet:-1, max-image-preview:large, max-video-preview:-1\" \/>\n<link rel=\"canonical\" href=\"https:\/\/rockmaster.com.pl\/fr\/securite-pour-le-secteur-de-la-construction\/\" \/>\n<meta property=\"og:locale\" content=\"fr_FR\" \/>\n<meta property=\"og:type\" content=\"article\" \/>\n<meta property=\"og:title\" content=\"S\u00e9curit\u00e9 pour le secteur de la construction - ROCK MASTER Entra\u00eenement en haute altitude\" \/>\n<meta property=\"og:description\" content=\"S\u00e9curit\u00e9 pour le secteur de la construction SYST\u00c8ME T &#8211; filets de s\u00e9curit\u00e9 En savoir plus ! HAS &#8211; crochet de s\u00e9curit\u00e9 de coffrage En savoir plus ! CAS &#8211; Syst\u00e8me d&rsquo;acc\u00e8s aux conteneurs En savoir plus ! SAS &#8211; poteaux de s\u00e9curit\u00e9 de coffrage En savoir plus ! HAWP &#8211; crochet d&rsquo;assurage pour tours [&hellip;]\" \/>\n<meta property=\"og:url\" content=\"https:\/\/rockmaster.com.pl\/fr\/securite-pour-le-secteur-de-la-construction\/\" \/>\n<meta property=\"og:site_name\" content=\"ROCK MASTER Entra\u00eenement en haute altitude\" \/>\n<meta property=\"article:publisher\" content=\"https:\/\/www.facebook.com\/rock.master.bezpieczna.praca.na.wysokosci\" \/>\n<meta property=\"article:modified_time\" content=\"2024-09-11T13:46:56+00:00\" \/>\n<meta property=\"og:image\" content=\"https:\/\/rockmaster.com.pl\/wp-content\/uploads\/2023\/09\/Logo-Pionowe-z-tagline-1.png\" \/>\n\t<meta property=\"og:image:width\" content=\"880\" \/>\n\t<meta property=\"og:image:height\" content=\"880\" \/>\n\t<meta property=\"og:image:type\" content=\"image\/png\" \/>\n<meta name=\"twitter:card\" content=\"summary_large_image\" \/>\n<meta name=\"twitter:label1\" content=\"Dur\u00e9e de lecture estim\u00e9e\" \/>\n\t<meta name=\"twitter:data1\" content=\"1 minute\" \/>\n<script type=\"application\/ld+json\" class=\"yoast-schema-graph\">{\"@context\":\"https:\\\/\\\/schema.org\",\"@graph\":[{\"@type\":\"WebPage\",\"@id\":\"https:\\\/\\\/rockmaster.com.pl\\\/fr\\\/securite-pour-le-secteur-de-la-construction\\\/\",\"url\":\"https:\\\/\\\/rockmaster.com.pl\\\/fr\\\/securite-pour-le-secteur-de-la-construction\\\/\",\"name\":\"S\u00e9curit\u00e9 pour le secteur de la construction - ROCK MASTER Entra\u00eenement en haute altitude\",\"isPartOf\":{\"@id\":\"https:\\\/\\\/rockmaster.com.pl\\\/fr\\\/#website\"},\"datePublished\":\"2023-12-07T19:09:31+00:00\",\"dateModified\":\"2024-09-11T13:46:56+00:00\",\"inLanguage\":\"fr-FR\",\"potentialAction\":[{\"@type\":\"ReadAction\",\"target\":[\"https:\\\/\\\/rockmaster.com.pl\\\/fr\\\/securite-pour-le-secteur-de-la-construction\\\/\"]}]},{\"@type\":\"WebSite\",\"@id\":\"https:\\\/\\\/rockmaster.com.pl\\\/fr\\\/#website\",\"url\":\"https:\\\/\\\/rockmaster.com.pl\\\/fr\\\/\",\"name\":\"ROCK MASTER Szkolenia wysoko\u015bciowe\",\"description\":\"Bezpieczna praca na wysoko\u015bci\",\"publisher\":{\"@id\":\"https:\\\/\\\/rockmaster.com.pl\\\/fr\\\/#organization\"},\"potentialAction\":[{\"@type\":\"SearchAction\",\"target\":{\"@type\":\"EntryPoint\",\"urlTemplate\":\"https:\\\/\\\/rockmaster.com.pl\\\/fr\\\/?s={search_term_string}\"},\"query-input\":{\"@type\":\"PropertyValueSpecification\",\"valueRequired\":true,\"valueName\":\"search_term_string\"}}],\"inLanguage\":\"fr-FR\"},{\"@type\":\"Organization\",\"@id\":\"https:\\\/\\\/rockmaster.com.pl\\\/fr\\\/#organization\",\"name\":\"ROCK MASTER Szkolenia wysoko\u015bciowe\",\"url\":\"https:\\\/\\\/rockmaster.com.pl\\\/fr\\\/\",\"logo\":{\"@type\":\"ImageObject\",\"inLanguage\":\"fr-FR\",\"@id\":\"https:\\\/\\\/rockmaster.com.pl\\\/fr\\\/#\\\/schema\\\/logo\\\/image\\\/\",\"url\":\"https:\\\/\\\/rockmaster.com.pl\\\/wp-content\\\/uploads\\\/2023\\\/09\\\/Logo-Pionowe-z-tagline-1.png\",\"contentUrl\":\"https:\\\/\\\/rockmaster.com.pl\\\/wp-content\\\/uploads\\\/2023\\\/09\\\/Logo-Pionowe-z-tagline-1.png\",\"width\":880,\"height\":880,\"caption\":\"ROCK MASTER Szkolenia wysoko\u015bciowe\"},\"image\":{\"@id\":\"https:\\\/\\\/rockmaster.com.pl\\\/fr\\\/#\\\/schema\\\/logo\\\/image\\\/\"},\"sameAs\":[\"https:\\\/\\\/www.facebook.com\\\/rock.master.bezpieczna.praca.na.wysokosci\"]}]}<\/script>\n<!-- \/ Yoast SEO plugin. -->","yoast_head_json":{"title":"S\u00e9curit\u00e9 pour le secteur de la construction - ROCK MASTER Entra\u00eenement en haute altitude","robots":{"index":"index","follow":"follow","max-snippet":"max-snippet:-1","max-image-preview":"max-image-preview:large","max-video-preview":"max-video-preview:-1"},"canonical":"https:\/\/rockmaster.com.pl\/fr\/securite-pour-le-secteur-de-la-construction\/","og_locale":"fr_FR","og_type":"article","og_title":"S\u00e9curit\u00e9 pour le secteur de la construction - ROCK MASTER Entra\u00eenement en haute altitude","og_description":"S\u00e9curit\u00e9 pour le secteur de la construction SYST\u00c8ME T &#8211; filets de s\u00e9curit\u00e9 En savoir plus ! HAS &#8211; crochet de s\u00e9curit\u00e9 de coffrage En savoir plus ! CAS &#8211; Syst\u00e8me d&rsquo;acc\u00e8s aux conteneurs En savoir plus ! SAS &#8211; poteaux de s\u00e9curit\u00e9 de coffrage En savoir plus ! HAWP &#8211; crochet d&rsquo;assurage pour tours [&hellip;]","og_url":"https:\/\/rockmaster.com.pl\/fr\/securite-pour-le-secteur-de-la-construction\/","og_site_name":"ROCK MASTER Entra\u00eenement en haute altitude","article_publisher":"https:\/\/www.facebook.com\/rock.master.bezpieczna.praca.na.wysokosci","article_modified_time":"2024-09-11T13:46:56+00:00","og_image":[{"width":880,"height":880,"url":"https:\/\/rockmaster.com.pl\/wp-content\/uploads\/2023\/09\/Logo-Pionowe-z-tagline-1.png","type":"image\/png"}],"twitter_card":"summary_large_image","twitter_misc":{"Dur\u00e9e de lecture estim\u00e9e":"1 minute"},"schema":{"@context":"https:\/\/schema.org","@graph":[{"@type":"WebPage","@id":"https:\/\/rockmaster.com.pl\/fr\/securite-pour-le-secteur-de-la-construction\/","url":"https:\/\/rockmaster.com.pl\/fr\/securite-pour-le-secteur-de-la-construction\/","name":"S\u00e9curit\u00e9 pour le secteur de la construction - ROCK MASTER Entra\u00eenement en haute altitude","isPartOf":{"@id":"https:\/\/rockmaster.com.pl\/fr\/#website"},"datePublished":"2023-12-07T19:09:31+00:00","dateModified":"2024-09-11T13:46:56+00:00","inLanguage":"fr-FR","potentialAction":[{"@type":"ReadAction","target":["https:\/\/rockmaster.com.pl\/fr\/securite-pour-le-secteur-de-la-construction\/"]}]},{"@type":"WebSite","@id":"https:\/\/rockmaster.com.pl\/fr\/#website","url":"https:\/\/rockmaster.com.pl\/fr\/","name":"ROCK MASTER Szkolenia wysoko\u015bciowe","description":"Bezpieczna praca na wysoko\u015bci","publisher":{"@id":"https:\/\/rockmaster.com.pl\/fr\/#organization"},"potentialAction":[{"@type":"SearchAction","target":{"@type":"EntryPoint","urlTemplate":"https:\/\/rockmaster.com.pl\/fr\/?s={search_term_string}"},"query-input":{"@type":"PropertyValueSpecification","valueRequired":true,"valueName":"search_term_string"}}],"inLanguage":"fr-FR"},{"@type":"Organization","@id":"https:\/\/rockmaster.com.pl\/fr\/#organization","name":"ROCK MASTER Szkolenia wysoko\u015bciowe","url":"https:\/\/rockmaster.com.pl\/fr\/","logo":{"@type":"ImageObject","inLanguage":"fr-FR","@id":"https:\/\/rockmaster.com.pl\/fr\/#\/schema\/logo\/image\/","url":"https:\/\/rockmaster.com.pl\/wp-content\/uploads\/2023\/09\/Logo-Pionowe-z-tagline-1.png","contentUrl":"https:\/\/rockmaster.com.pl\/wp-content\/uploads\/2023\/09\/Logo-Pionowe-z-tagline-1.png","width":880,"height":880,"caption":"ROCK MASTER Szkolenia wysoko\u015bciowe"},"image":{"@id":"https:\/\/rockmaster.com.pl\/fr\/#\/schema\/logo\/image\/"},"sameAs":["https:\/\/www.facebook.com\/rock.master.bezpieczna.praca.na.wysokosci"]}]}},"_links":{"self":[{"href":"https:\/\/rockmaster.com.pl\/fr\/wp-json\/wp\/v2\/pages\/21102","targetHints":{"allow":["GET"]}}],"collection":[{"href":"https:\/\/rockmaster.com.pl\/fr\/wp-json\/wp\/v2\/pages"}],"about":[{"href":"https:\/\/rockmaster.com.pl\/fr\/wp-json\/wp\/v2\/types\/page"}],"author":[{"embeddable":true,"href":"https:\/\/rockmaster.com.pl\/fr\/wp-json\/wp\/v2\/users\/1"}],"replies":[{"embeddable":true,"href":"https:\/\/rockmaster.com.pl\/fr\/wp-json\/wp\/v2\/comments?post=21102"}],"version-history":[{"count":25,"href":"https:\/\/rockmaster.com.pl\/fr\/wp-json\/wp\/v2\/pages\/21102\/revisions"}],"predecessor-version":[{"id":25690,"href":"https:\/\/rockmaster.com.pl\/fr\/wp-json\/wp\/v2\/pages\/21102\/revisions\/25690"}],"wp:attachment":[{"href":"https:\/\/rockmaster.com.pl\/fr\/wp-json\/wp\/v2\/media?parent=21102"}],"curies":[{"name":"wp","href":"https:\/\/api.w.org\/{rel}","templated":true}]}}