{"id":20702,"date":"2023-10-02T13:52:18","date_gmt":"2023-10-02T13:52:18","guid":{"rendered":"https:\/\/rockmaster.proadax-dev.pl\/?page_id=20702"},"modified":"2024-09-18T04:05:22","modified_gmt":"2024-09-18T04:05:22","slug":"mise-en-place-des-installations","status":"publish","type":"page","link":"https:\/\/rockmaster.com.pl\/fr\/services\/mise-en-place-des-installations\/","title":{"rendered":"Mise en place des installations"},"content":{"rendered":"\t\t<div data-elementor-type=\"wp-page\" data-elementor-id=\"20702\" class=\"elementor elementor-20702 elementor-54\" data-elementor-post-type=\"page\">\n\t\t\t\t\t\t<section class=\"elementor-section elementor-top-section elementor-element elementor-element-2c6d309 elementor-section-height-min-height elementor-section-boxed elementor-section-height-default elementor-section-items-middle\" data-id=\"2c6d309\" data-element_type=\"section\" data-e-type=\"section\" data-settings=\"{&quot;background_background&quot;:&quot;classic&quot;}\">\n\t\t\t\t\t\t\t<div class=\"elementor-background-overlay\"><\/div>\n\t\t\t\t\t\t\t<div class=\"elementor-container elementor-column-gap-default\">\n\t\t\t\t\t<div class=\"elementor-column elementor-col-100 elementor-top-column elementor-element elementor-element-167d6d42\" data-id=\"167d6d42\" data-element_type=\"column\" data-e-type=\"column\">\n\t\t\t<div class=\"elementor-widget-wrap elementor-element-populated\">\n\t\t\t\t\t\t<div class=\"elementor-element elementor-element-69646c0 elementor-widget elementor-widget-elementskit-heading\" data-id=\"69646c0\" data-element_type=\"widget\" data-e-type=\"widget\" data-widget_type=\"elementskit-heading.default\">\n\t\t\t\t<div class=\"elementor-widget-container\">\n\t\t\t\t\t<div class=\"ekit-wid-con\" ><div class=\"ekit-heading elementskit-section-title-wraper text_left   ekit_heading_tablet-   ekit_heading_mobile-text_center\"><h1 class=\"ekit-heading--title elementskit-section-title \">Mise en place des installations<\/h1><\/div><\/div>\t\t\t\t<\/div>\n\t\t\t\t<\/div>\n\t\t\t\t\t<\/div>\n\t\t<\/div>\n\t\t\t\t\t<\/div>\n\t\t<\/section>\n\t\t\t\t<section class=\"elementor-section elementor-top-section elementor-element elementor-element-1b686396 elementor-section-boxed elementor-section-height-default elementor-section-height-default\" data-id=\"1b686396\" data-element_type=\"section\" data-e-type=\"section\">\n\t\t\t\t\t\t<div class=\"elementor-container elementor-column-gap-default\">\n\t\t\t\t\t<div class=\"elementor-column elementor-col-100 elementor-top-column elementor-element elementor-element-1c3ac5b\" data-id=\"1c3ac5b\" data-element_type=\"column\" data-e-type=\"column\">\n\t\t\t<div class=\"elementor-widget-wrap\">\n\t\t\t\t\t\t\t<\/div>\n\t\t<\/div>\n\t\t\t\t\t<\/div>\n\t\t<\/section>\n\t\t\t\t<section class=\"elementor-section elementor-top-section elementor-element elementor-element-2bfaae53 elementor-section-boxed elementor-section-height-default elementor-section-height-default\" data-id=\"2bfaae53\" data-element_type=\"section\" data-e-type=\"section\">\n\t\t\t\t\t\t<div class=\"elementor-container elementor-column-gap-default\">\n\t\t\t\t\t<div class=\"elementor-column elementor-col-100 elementor-top-column elementor-element elementor-element-13f1ad6d\" data-id=\"13f1ad6d\" data-element_type=\"column\" data-e-type=\"column\">\n\t\t\t<div class=\"elementor-widget-wrap elementor-element-populated\">\n\t\t\t\t\t\t<div class=\"elementor-element elementor-element-621a9a0 elementor-widget elementor-widget-elementskit-heading\" data-id=\"621a9a0\" data-element_type=\"widget\" data-e-type=\"widget\" data-widget_type=\"elementskit-heading.default\">\n\t\t\t\t<div class=\"elementor-widget-container\">\n\t\t\t\t\t<div class=\"ekit-wid-con\" ><div class=\"ekit-heading elementskit-section-title-wraper text_center   ekit_heading_tablet-   ekit_heading_mobile-\"><h3 class=\"ekit-heading--title elementskit-section-title \">Mise en place de syst\u00e8mes de s\u00e9curit\u00e9<\/h3>\t\t\t\t<div class='ekit-heading__description'>\n\t\t\t\t\t<p><span style=\"font-weight: 400\">Avec notre aide, votre lieu de travail sera transform\u00e9 en un espace s\u00fbr. Nous proposons l'installation de cordes de vie, du syst\u00e8me de plafond Top Master, du syst\u00e8me d'acc\u00e8s au toit Track Master, de points d'assurage et d'autres syst\u00e8mes de s\u00e9curit\u00e9 conform\u00e9ment aux normes de s\u00e9curit\u00e9 les plus strictes<\/span><\/p>\n\t\t\t\t<\/div>\n\t\t\t<\/div><\/div>\t\t\t\t<\/div>\n\t\t\t\t<\/div>\n\t\t\t\t<div class=\"elementor-element elementor-element-fd954c6 elementor-widget elementor-widget-elementskit-heading\" data-id=\"fd954c6\" data-element_type=\"widget\" data-e-type=\"widget\" data-widget_type=\"elementskit-heading.default\">\n\t\t\t\t<div class=\"elementor-widget-container\">\n\t\t\t\t\t<div class=\"ekit-wid-con\" ><div class=\"ekit-heading elementskit-section-title-wraper text_center   ekit_heading_tablet-   ekit_heading_mobile-\"><h3 class=\"ekit-heading--title elementskit-section-title \">Pourquoi choisir Rock Master?<\/h3>\t\t\t\t<div class='ekit-heading__description'>\n\t\t\t\t\t<p><span style=\"font-weight: 400\">Une \u00e9quipe exp\u00e9riment\u00e9e, des solutions personnalis\u00e9es et l'utilisation de composants certifi\u00e9s et innovants ne sont que quelques-unes des raisons pour lesquelles nos clients nous font confiance. Nous traitons chaque projet individuellement, en proposant des solutions parfaitement adapt\u00e9es aux besoins sp\u00e9cifiques.<\/span><\/p>\n\t\t\t\t<\/div>\n\t\t\t<\/div><\/div>\t\t\t\t<\/div>\n\t\t\t\t<\/div>\n\t\t\t\t\t<\/div>\n\t\t<\/div>\n\t\t\t\t\t<\/div>\n\t\t<\/section>\n\t\t\t\t<section class=\"elementor-section elementor-top-section elementor-element elementor-element-16eb17ca elementor-section-full_width elementor-section-height-default elementor-section-height-default\" data-id=\"16eb17ca\" data-element_type=\"section\" data-e-type=\"section\" data-settings=\"{&quot;background_background&quot;:&quot;classic&quot;}\">\n\t\t\t\t\t\t<div class=\"elementor-container elementor-column-gap-default\">\n\t\t\t\t\t<div class=\"elementor-column elementor-col-50 elementor-top-column elementor-element elementor-element-32e03c88\" data-id=\"32e03c88\" data-element_type=\"column\" data-e-type=\"column\" data-settings=\"{&quot;background_background&quot;:&quot;classic&quot;}\">\n\t\t\t<div class=\"elementor-widget-wrap elementor-element-populated\">\n\t\t\t\t\t\t<div class=\"elementor-element elementor-element-793d0ab1 elementor-widget-mobile__width-initial elementor-widget elementor-widget-elementskit-heading\" data-id=\"793d0ab1\" data-element_type=\"widget\" data-e-type=\"widget\" data-widget_type=\"elementskit-heading.default\">\n\t\t\t\t<div class=\"elementor-widget-container\">\n\t\t\t\t\t<div class=\"ekit-wid-con\" ><div class=\"ekit-heading elementskit-section-title-wraper    ekit_heading_tablet-   ekit_heading_mobile-text_left\"><h3 class=\"elementskit-section-subtitle  \">\n\t\t\t\t\t\tFaites un pas vers un avenir s\u00fbr\n\t\t\t\t\t<\/h3><h3 class=\"ekit-heading--title elementskit-section-title \">Pr\u00eat pour le montage? Contactez-nous!<\/h3><\/div><\/div>\t\t\t\t<\/div>\n\t\t\t\t<\/div>\n\t\t\t\t<div class=\"elementor-element elementor-element-384a7889 elementor-widget-mobile__width-initial elementor-widget elementor-widget-text-editor\" data-id=\"384a7889\" data-element_type=\"widget\" data-e-type=\"widget\" data-widget_type=\"text-editor.default\">\n\t\t\t\t<div class=\"elementor-widget-container\">\n\t\t\t\t\t\t\t\t\t<p>Si vous \u00eates pr\u00eat \u00e0 accro\u00eetre la s\u00e9curit\u00e9 dans votre installation industrielle ou sur votre toit, nos experts sont l\u00e0 pour vous aider. Cliquez ci-dessous et d\u00e9marrez un dialogue sur la s\u00e9curit\u00e9 en hauteur<\/p>\t\t\t\t\t\t\t\t<\/div>\n\t\t\t\t<\/div>\n\t\t\t\t<div class=\"elementor-element elementor-element-2fe05d58 elementor-align-left elementor-widget-mobile__width-initial elementor-widget elementor-widget-elementskit-button\" data-id=\"2fe05d58\" data-element_type=\"widget\" data-e-type=\"widget\" data-widget_type=\"elementskit-button.default\">\n\t\t\t\t<div class=\"elementor-widget-container\">\n\t\t\t\t\t<div class=\"ekit-wid-con\" >\t\t<div class=\"ekit-btn-wraper\">\n\t\t\t\t\t\t\t<a href=\"\/fr\/contact\/\" class=\"elementskit-btn  whitespace--normal\" id=\"\">\n\t\t\t\t\tPrendre rendez-vous pour une consultation\t\t\t\t<\/a>\n\t\t\t\t\t<\/div>\n        <\/div>\t\t\t\t<\/div>\n\t\t\t\t<\/div>\n\t\t\t\t\t<\/div>\n\t\t<\/div>\n\t\t\t\t<div class=\"elementor-column elementor-col-50 elementor-top-column elementor-element elementor-element-5a2154a\" data-id=\"5a2154a\" data-element_type=\"column\" data-e-type=\"column\" data-settings=\"{&quot;background_background&quot;:&quot;classic&quot;}\">\n\t\t\t<div class=\"elementor-widget-wrap elementor-element-populated\">\n\t\t\t\t\t\t\t<\/div>\n\t\t<\/div>\n\t\t\t\t\t<\/div>\n\t\t<\/section>\n\t\t\t\t<\/div>\n\t\t","protected":false},"excerpt":{"rendered":"<p>Mise en place des installations Mise en place de syst\u00e8mes de s\u00e9curit\u00e9 Avec notre aide, votre lieu de travail sera transform\u00e9 en un espace s\u00fbr. Nous proposons l&rsquo;installation de cordes de vie, du syst\u00e8me de plafond Top Master, du syst\u00e8me d&rsquo;acc\u00e8s au toit Track Master, de points d&rsquo;assurage et d&rsquo;autres syst\u00e8mes de s\u00e9curit\u00e9 conform\u00e9ment aux [&hellip;]<\/p>\n","protected":false},"author":1,"featured_media":0,"parent":20679,"menu_order":0,"comment_status":"closed","ping_status":"closed","template":"","meta":{"site-sidebar-layout":"no-sidebar","site-content-layout":"","ast-site-content-layout":"full-width-container","site-content-style":"default","site-sidebar-style":"default","ast-global-header-display":"","ast-banner-title-visibility":"","ast-main-header-display":"","ast-hfb-above-header-display":"","ast-hfb-below-header-display":"","ast-hfb-mobile-header-display":"","site-post-title":"disabled","ast-breadcrumbs-content":"","ast-featured-img":"disabled","footer-sml-layout":"","ast-disable-related-posts":"","theme-transparent-header-meta":"","adv-header-id-meta":"","stick-header-meta":"","header-above-stick-meta":"","header-main-stick-meta":"","header-below-stick-meta":"","astra-migrate-meta-layouts":"default","ast-page-background-enabled":"default","ast-page-background-meta":{"desktop":{"background-color":"var(--ast-global-color-4)","background-image":"","background-repeat":"repeat","background-position":"center center","background-size":"auto","background-attachment":"scroll","background-type":"","background-media":"","overlay-type":"","overlay-color":"","overlay-opacity":"","overlay-gradient":""},"tablet":{"background-color":"","background-image":"","background-repeat":"repeat","background-position":"center center","background-size":"auto","background-attachment":"scroll","background-type":"","background-media":"","overlay-type":"","overlay-color":"","overlay-opacity":"","overlay-gradient":""},"mobile":{"background-color":"","background-image":"","background-repeat":"repeat","background-position":"center center","background-size":"auto","background-attachment":"scroll","background-type":"","background-media":"","overlay-type":"","overlay-color":"","overlay-opacity":"","overlay-gradient":""}},"ast-content-background-meta":{"desktop":{"background-color":"var(--ast-global-color-5)","background-image":"","background-repeat":"repeat","background-position":"center center","background-size":"auto","background-attachment":"scroll","background-type":"","background-media":"","overlay-type":"","overlay-color":"","overlay-opacity":"","overlay-gradient":""},"tablet":{"background-color":"var(--ast-global-color-5)","background-image":"","background-repeat":"repeat","background-position":"center center","background-size":"auto","background-attachment":"scroll","background-type":"","background-media":"","overlay-type":"","overlay-color":"","overlay-opacity":"","overlay-gradient":""},"mobile":{"background-color":"var(--ast-global-color-5)","background-image":"","background-repeat":"repeat","background-position":"center center","background-size":"auto","background-attachment":"scroll","background-type":"","background-media":"","overlay-type":"","overlay-color":"","overlay-opacity":"","overlay-gradient":""}},"footnotes":""},"class_list":["post-20702","page","type-page","status-publish","hentry"],"yoast_head":"<!-- This site is optimized with the Yoast SEO plugin v27.6 - https:\/\/yoast.com\/product\/yoast-seo-wordpress\/ -->\n<title>Mise en place des installations - ROCK MASTER Entra\u00eenement en haute altitude<\/title>\n<meta name=\"robots\" content=\"index, follow, max-snippet:-1, max-image-preview:large, max-video-preview:-1\" \/>\n<link rel=\"canonical\" href=\"https:\/\/rockmaster.com.pl\/fr\/services\/mise-en-place-des-installations\/\" \/>\n<meta property=\"og:locale\" content=\"fr_FR\" \/>\n<meta property=\"og:type\" content=\"article\" \/>\n<meta property=\"og:title\" content=\"Mise en place des installations - ROCK MASTER Entra\u00eenement en haute altitude\" \/>\n<meta property=\"og:description\" content=\"Mise en place des installations Mise en place de syst\u00e8mes de s\u00e9curit\u00e9 Avec notre aide, votre lieu de travail sera transform\u00e9 en un espace s\u00fbr. Nous proposons l&rsquo;installation de cordes de vie, du syst\u00e8me de plafond Top Master, du syst\u00e8me d&rsquo;acc\u00e8s au toit Track Master, de points d&rsquo;assurage et d&rsquo;autres syst\u00e8mes de s\u00e9curit\u00e9 conform\u00e9ment aux [&hellip;]\" \/>\n<meta property=\"og:url\" content=\"https:\/\/rockmaster.com.pl\/fr\/services\/mise-en-place-des-installations\/\" \/>\n<meta property=\"og:site_name\" content=\"ROCK MASTER Entra\u00eenement en haute altitude\" \/>\n<meta property=\"article:publisher\" content=\"https:\/\/www.facebook.com\/rock.master.bezpieczna.praca.na.wysokosci\" \/>\n<meta property=\"article:modified_time\" content=\"2024-09-18T04:05:22+00:00\" \/>\n<meta property=\"og:image\" content=\"https:\/\/rockmaster.com.pl\/wp-content\/uploads\/2023\/09\/Logo-Pionowe-z-tagline-1.png\" \/>\n\t<meta property=\"og:image:width\" content=\"880\" \/>\n\t<meta property=\"og:image:height\" content=\"880\" \/>\n\t<meta property=\"og:image:type\" content=\"image\/png\" \/>\n<meta name=\"twitter:card\" content=\"summary_large_image\" \/>\n<meta name=\"twitter:label1\" content=\"Dur\u00e9e de lecture estim\u00e9e\" \/>\n\t<meta name=\"twitter:data1\" content=\"1 minute\" \/>\n<script type=\"application\/ld+json\" class=\"yoast-schema-graph\">{\"@context\":\"https:\\\/\\\/schema.org\",\"@graph\":[{\"@type\":\"WebPage\",\"@id\":\"https:\\\/\\\/rockmaster.com.pl\\\/fr\\\/services\\\/mise-en-place-des-installations\\\/\",\"url\":\"https:\\\/\\\/rockmaster.com.pl\\\/fr\\\/services\\\/mise-en-place-des-installations\\\/\",\"name\":\"Mise en place des installations - ROCK MASTER Entra\u00eenement en haute altitude\",\"isPartOf\":{\"@id\":\"https:\\\/\\\/rockmaster.com.pl\\\/fr\\\/#website\"},\"datePublished\":\"2023-10-02T13:52:18+00:00\",\"dateModified\":\"2024-09-18T04:05:22+00:00\",\"breadcrumb\":{\"@id\":\"https:\\\/\\\/rockmaster.com.pl\\\/fr\\\/services\\\/mise-en-place-des-installations\\\/#breadcrumb\"},\"inLanguage\":\"fr-FR\",\"potentialAction\":[{\"@type\":\"ReadAction\",\"target\":[\"https:\\\/\\\/rockmaster.com.pl\\\/fr\\\/services\\\/mise-en-place-des-installations\\\/\"]}]},{\"@type\":\"BreadcrumbList\",\"@id\":\"https:\\\/\\\/rockmaster.com.pl\\\/fr\\\/services\\\/mise-en-place-des-installations\\\/#breadcrumb\",\"itemListElement\":[{\"@type\":\"ListItem\",\"position\":1,\"name\":\"Services\",\"item\":\"https:\\\/\\\/rockmaster.com.pl\\\/fr\\\/uslugi\\\/\"},{\"@type\":\"ListItem\",\"position\":2,\"name\":\"Mise en place des installations\"}]},{\"@type\":\"WebSite\",\"@id\":\"https:\\\/\\\/rockmaster.com.pl\\\/fr\\\/#website\",\"url\":\"https:\\\/\\\/rockmaster.com.pl\\\/fr\\\/\",\"name\":\"ROCK MASTER Szkolenia wysoko\u015bciowe\",\"description\":\"Bezpieczna praca na wysoko\u015bci\",\"publisher\":{\"@id\":\"https:\\\/\\\/rockmaster.com.pl\\\/fr\\\/#organization\"},\"potentialAction\":[{\"@type\":\"SearchAction\",\"target\":{\"@type\":\"EntryPoint\",\"urlTemplate\":\"https:\\\/\\\/rockmaster.com.pl\\\/fr\\\/?s={search_term_string}\"},\"query-input\":{\"@type\":\"PropertyValueSpecification\",\"valueRequired\":true,\"valueName\":\"search_term_string\"}}],\"inLanguage\":\"fr-FR\"},{\"@type\":\"Organization\",\"@id\":\"https:\\\/\\\/rockmaster.com.pl\\\/fr\\\/#organization\",\"name\":\"ROCK MASTER Szkolenia wysoko\u015bciowe\",\"url\":\"https:\\\/\\\/rockmaster.com.pl\\\/fr\\\/\",\"logo\":{\"@type\":\"ImageObject\",\"inLanguage\":\"fr-FR\",\"@id\":\"https:\\\/\\\/rockmaster.com.pl\\\/fr\\\/#\\\/schema\\\/logo\\\/image\\\/\",\"url\":\"https:\\\/\\\/rockmaster.com.pl\\\/wp-content\\\/uploads\\\/2023\\\/09\\\/Logo-Pionowe-z-tagline-1.png\",\"contentUrl\":\"https:\\\/\\\/rockmaster.com.pl\\\/wp-content\\\/uploads\\\/2023\\\/09\\\/Logo-Pionowe-z-tagline-1.png\",\"width\":880,\"height\":880,\"caption\":\"ROCK MASTER Szkolenia wysoko\u015bciowe\"},\"image\":{\"@id\":\"https:\\\/\\\/rockmaster.com.pl\\\/fr\\\/#\\\/schema\\\/logo\\\/image\\\/\"},\"sameAs\":[\"https:\\\/\\\/www.facebook.com\\\/rock.master.bezpieczna.praca.na.wysokosci\"]}]}<\/script>\n<!-- \/ Yoast SEO plugin. -->","yoast_head_json":{"title":"Mise en place des installations - ROCK MASTER Entra\u00eenement en haute altitude","robots":{"index":"index","follow":"follow","max-snippet":"max-snippet:-1","max-image-preview":"max-image-preview:large","max-video-preview":"max-video-preview:-1"},"canonical":"https:\/\/rockmaster.com.pl\/fr\/services\/mise-en-place-des-installations\/","og_locale":"fr_FR","og_type":"article","og_title":"Mise en place des installations - ROCK MASTER Entra\u00eenement en haute altitude","og_description":"Mise en place des installations Mise en place de syst\u00e8mes de s\u00e9curit\u00e9 Avec notre aide, votre lieu de travail sera transform\u00e9 en un espace s\u00fbr. Nous proposons l&rsquo;installation de cordes de vie, du syst\u00e8me de plafond Top Master, du syst\u00e8me d&rsquo;acc\u00e8s au toit Track Master, de points d&rsquo;assurage et d&rsquo;autres syst\u00e8mes de s\u00e9curit\u00e9 conform\u00e9ment aux [&hellip;]","og_url":"https:\/\/rockmaster.com.pl\/fr\/services\/mise-en-place-des-installations\/","og_site_name":"ROCK MASTER Entra\u00eenement en haute altitude","article_publisher":"https:\/\/www.facebook.com\/rock.master.bezpieczna.praca.na.wysokosci","article_modified_time":"2024-09-18T04:05:22+00:00","og_image":[{"width":880,"height":880,"url":"https:\/\/rockmaster.com.pl\/wp-content\/uploads\/2023\/09\/Logo-Pionowe-z-tagline-1.png","type":"image\/png"}],"twitter_card":"summary_large_image","twitter_misc":{"Dur\u00e9e de lecture estim\u00e9e":"1 minute"},"schema":{"@context":"https:\/\/schema.org","@graph":[{"@type":"WebPage","@id":"https:\/\/rockmaster.com.pl\/fr\/services\/mise-en-place-des-installations\/","url":"https:\/\/rockmaster.com.pl\/fr\/services\/mise-en-place-des-installations\/","name":"Mise en place des installations - ROCK MASTER Entra\u00eenement en haute altitude","isPartOf":{"@id":"https:\/\/rockmaster.com.pl\/fr\/#website"},"datePublished":"2023-10-02T13:52:18+00:00","dateModified":"2024-09-18T04:05:22+00:00","breadcrumb":{"@id":"https:\/\/rockmaster.com.pl\/fr\/services\/mise-en-place-des-installations\/#breadcrumb"},"inLanguage":"fr-FR","potentialAction":[{"@type":"ReadAction","target":["https:\/\/rockmaster.com.pl\/fr\/services\/mise-en-place-des-installations\/"]}]},{"@type":"BreadcrumbList","@id":"https:\/\/rockmaster.com.pl\/fr\/services\/mise-en-place-des-installations\/#breadcrumb","itemListElement":[{"@type":"ListItem","position":1,"name":"Services","item":"https:\/\/rockmaster.com.pl\/fr\/uslugi\/"},{"@type":"ListItem","position":2,"name":"Mise en place des installations"}]},{"@type":"WebSite","@id":"https:\/\/rockmaster.com.pl\/fr\/#website","url":"https:\/\/rockmaster.com.pl\/fr\/","name":"ROCK MASTER Szkolenia wysoko\u015bciowe","description":"Bezpieczna praca na wysoko\u015bci","publisher":{"@id":"https:\/\/rockmaster.com.pl\/fr\/#organization"},"potentialAction":[{"@type":"SearchAction","target":{"@type":"EntryPoint","urlTemplate":"https:\/\/rockmaster.com.pl\/fr\/?s={search_term_string}"},"query-input":{"@type":"PropertyValueSpecification","valueRequired":true,"valueName":"search_term_string"}}],"inLanguage":"fr-FR"},{"@type":"Organization","@id":"https:\/\/rockmaster.com.pl\/fr\/#organization","name":"ROCK MASTER Szkolenia wysoko\u015bciowe","url":"https:\/\/rockmaster.com.pl\/fr\/","logo":{"@type":"ImageObject","inLanguage":"fr-FR","@id":"https:\/\/rockmaster.com.pl\/fr\/#\/schema\/logo\/image\/","url":"https:\/\/rockmaster.com.pl\/wp-content\/uploads\/2023\/09\/Logo-Pionowe-z-tagline-1.png","contentUrl":"https:\/\/rockmaster.com.pl\/wp-content\/uploads\/2023\/09\/Logo-Pionowe-z-tagline-1.png","width":880,"height":880,"caption":"ROCK MASTER Szkolenia wysoko\u015bciowe"},"image":{"@id":"https:\/\/rockmaster.com.pl\/fr\/#\/schema\/logo\/image\/"},"sameAs":["https:\/\/www.facebook.com\/rock.master.bezpieczna.praca.na.wysokosci"]}]}},"_links":{"self":[{"href":"https:\/\/rockmaster.com.pl\/fr\/wp-json\/wp\/v2\/pages\/20702","targetHints":{"allow":["GET"]}}],"collection":[{"href":"https:\/\/rockmaster.com.pl\/fr\/wp-json\/wp\/v2\/pages"}],"about":[{"href":"https:\/\/rockmaster.com.pl\/fr\/wp-json\/wp\/v2\/types\/page"}],"author":[{"embeddable":true,"href":"https:\/\/rockmaster.com.pl\/fr\/wp-json\/wp\/v2\/users\/1"}],"replies":[{"embeddable":true,"href":"https:\/\/rockmaster.com.pl\/fr\/wp-json\/wp\/v2\/comments?post=20702"}],"version-history":[{"count":10,"href":"https:\/\/rockmaster.com.pl\/fr\/wp-json\/wp\/v2\/pages\/20702\/revisions"}],"predecessor-version":[{"id":26129,"href":"https:\/\/rockmaster.com.pl\/fr\/wp-json\/wp\/v2\/pages\/20702\/revisions\/26129"}],"up":[{"embeddable":true,"href":"https:\/\/rockmaster.com.pl\/fr\/wp-json\/wp\/v2\/pages\/20679"}],"wp:attachment":[{"href":"https:\/\/rockmaster.com.pl\/fr\/wp-json\/wp\/v2\/media?parent=20702"}],"curies":[{"name":"wp","href":"https:\/\/api.w.org\/{rel}","templated":true}]}}