{"id":20684,"date":"2023-10-02T13:49:12","date_gmt":"2023-10-02T13:49:12","guid":{"rendered":"https:\/\/rockmaster.proadax-dev.pl\/?page_id=20684"},"modified":"2024-09-18T04:00:35","modified_gmt":"2024-09-18T04:00:35","slug":"audits-detablissements-industriels","status":"publish","type":"page","link":"https:\/\/rockmaster.com.pl\/fr\/services\/audits-detablissements-industriels\/","title":{"rendered":"Audits d&rsquo;\u00e9tablissements industriels"},"content":{"rendered":"\t\t<div data-elementor-type=\"wp-page\" data-elementor-id=\"20684\" class=\"elementor elementor-20684 elementor-48\" data-elementor-post-type=\"page\">\n\t\t\t\t\t\t<section class=\"elementor-section elementor-top-section elementor-element elementor-element-1a712813 elementor-section-height-min-height elementor-section-boxed elementor-section-height-default elementor-section-items-middle\" data-id=\"1a712813\" data-element_type=\"section\" data-e-type=\"section\" data-settings=\"{&quot;background_background&quot;:&quot;classic&quot;}\">\n\t\t\t\t\t\t\t<div class=\"elementor-background-overlay\"><\/div>\n\t\t\t\t\t\t\t<div class=\"elementor-container elementor-column-gap-default\">\n\t\t\t\t\t<div class=\"elementor-column elementor-col-100 elementor-top-column elementor-element elementor-element-55d52e7c\" data-id=\"55d52e7c\" data-element_type=\"column\" data-e-type=\"column\">\n\t\t\t<div class=\"elementor-widget-wrap elementor-element-populated\">\n\t\t\t\t\t\t<div class=\"elementor-element elementor-element-22dbf1a0 elementor-widget elementor-widget-elementskit-heading\" data-id=\"22dbf1a0\" data-element_type=\"widget\" data-e-type=\"widget\" data-widget_type=\"elementskit-heading.default\">\n\t\t\t\t<div class=\"elementor-widget-container\">\n\t\t\t\t\t<div class=\"ekit-wid-con\" ><div class=\"ekit-heading elementskit-section-title-wraper text_left   ekit_heading_tablet-   ekit_heading_mobile-text_center\"><h1 class=\"ekit-heading--title elementskit-section-title \">Audits d'\u00e9tablissements industriels<\/h1><\/div><\/div>\t\t\t\t<\/div>\n\t\t\t\t<\/div>\n\t\t\t\t\t<\/div>\n\t\t<\/div>\n\t\t\t\t\t<\/div>\n\t\t<\/section>\n\t\t\t\t<section class=\"elementor-section elementor-top-section elementor-element elementor-element-7285911 elementor-section-boxed elementor-section-height-default elementor-section-height-default\" data-id=\"7285911\" data-element_type=\"section\" data-e-type=\"section\">\n\t\t\t\t\t\t<div class=\"elementor-container elementor-column-gap-default\">\n\t\t\t\t\t<div class=\"elementor-column elementor-col-100 elementor-top-column elementor-element elementor-element-10d346ec\" data-id=\"10d346ec\" data-element_type=\"column\" data-e-type=\"column\">\n\t\t\t<div class=\"elementor-widget-wrap elementor-element-populated\">\n\t\t\t\t\t\t<div class=\"elementor-element elementor-element-0285acc elementor-widget elementor-widget-elementskit-heading\" data-id=\"0285acc\" data-element_type=\"widget\" data-e-type=\"widget\" data-widget_type=\"elementskit-heading.default\">\n\t\t\t\t<div class=\"elementor-widget-container\">\n\t\t\t\t\t<div class=\"ekit-wid-con\" ><div class=\"ekit-heading elementskit-section-title-wraper text_center   ekit_heading_tablet-   ekit_heading_mobile-\"><h2 class=\"ekit-heading--title elementskit-section-title \">Garantie des normes les plus \u00e9lev\u00e9es en mati\u00e8re de s\u00e9curit\u00e9 et d'efficacit\u00e9<\/h2>\t\t\t\t<div class='ekit-heading__description'>\n\t\t\t\t\t<p><span style=\"font-weight: 400\">Dans un monde industriel o\u00f9 les exigences en mati\u00e8re de qualit\u00e9 et de s\u00e9curit\u00e9 ne cessent de cro\u00eetre, les audits d'usine constituent un \u00e9l\u00e9ment cl\u00e9 de la strat\u00e9gie de toute entreprise. Rock Master propose des audits complets des \u00e9tablissements industriels afin d'identifier les domaines \u00e0 am\u00e9liorer, d'accro\u00eetre l'efficacit\u00e9 et de garantir la conformit\u00e9 avec les r\u00e9glementations en vigueur.<\/span><\/p>\n\t\t\t\t<\/div>\n\t\t\t<\/div><\/div>\t\t\t\t<\/div>\n\t\t\t\t<\/div>\n\t\t\t\t\t<\/div>\n\t\t<\/div>\n\t\t\t\t\t<\/div>\n\t\t<\/section>\n\t\t\t\t<section class=\"elementor-section elementor-top-section elementor-element elementor-element-579451d6 elementor-section-boxed elementor-section-height-default elementor-section-height-default\" data-id=\"579451d6\" data-element_type=\"section\" data-e-type=\"section\">\n\t\t\t\t\t\t<div class=\"elementor-container elementor-column-gap-default\">\n\t\t\t\t\t<div class=\"elementor-column elementor-col-100 elementor-top-column elementor-element elementor-element-7466eacc\" data-id=\"7466eacc\" data-element_type=\"column\" data-e-type=\"column\">\n\t\t\t<div class=\"elementor-widget-wrap elementor-element-populated\">\n\t\t\t\t\t\t<div class=\"elementor-element elementor-element-1d2ef77 elementor-widget elementor-widget-elementskit-heading\" data-id=\"1d2ef77\" data-element_type=\"widget\" data-e-type=\"widget\" data-widget_type=\"elementskit-heading.default\">\n\t\t\t\t<div class=\"elementor-widget-container\">\n\t\t\t\t\t<div class=\"ekit-wid-con\" ><div class=\"ekit-heading elementskit-section-title-wraper text_center   ekit_heading_tablet-   ekit_heading_mobile-\"><h3 class=\"ekit-heading--title elementskit-section-title \">\u00c9valuation et analyse par des experts<\/h3>\t\t\t\t<div class='ekit-heading__description'>\n\t\t\t\t\t<p><span style=\"font-weight: 400\">En faisant appel \u00e0 nos services, vous aurez acc\u00e8s aux connaissances et \u00e0 l'exp\u00e9rience de nos sp\u00e9cialistes, qui \u00e9valueront soigneusement chaque aspect de votre installation, en identifiant les risques potentiels et les domaines \u00e0 optimiser.<\/span><\/p>\n\t\t\t\t<\/div>\n\t\t\t<\/div><\/div>\t\t\t\t<\/div>\n\t\t\t\t<\/div>\n\t\t\t\t<div class=\"elementor-element elementor-element-eab7401 elementor-widget elementor-widget-elementskit-heading\" data-id=\"eab7401\" data-element_type=\"widget\" data-e-type=\"widget\" data-widget_type=\"elementskit-heading.default\">\n\t\t\t\t<div class=\"elementor-widget-container\">\n\t\t\t\t\t<div class=\"ekit-wid-con\" ><div class=\"ekit-heading elementskit-section-title-wraper text_center   ekit_heading_tablet-   ekit_heading_mobile-\"><h3 class=\"ekit-heading--title elementskit-section-title \">Respect des normes internationales<\/h3>\t\t\t\t<div class='ekit-heading__description'>\n\t\t\t\t\t<p><span style=\"font-weight: 400\">Notre \u00e9quipe suit en permanence l'\u00e9volution des r\u00e9glementations et des normes industrielles, ce qui garantit que votre usine r\u00e9pond toujours aux exigences internationales les plus strictes en mati\u00e8re de s\u00e9curit\u00e9 et de qualit\u00e9.<\/span><\/p>\n\t\t\t\t<\/div>\n\t\t\t<\/div><\/div>\t\t\t\t<\/div>\n\t\t\t\t<\/div>\n\t\t\t\t<div class=\"elementor-element elementor-element-cb00690 elementor-widget elementor-widget-elementskit-heading\" data-id=\"cb00690\" data-element_type=\"widget\" data-e-type=\"widget\" data-widget_type=\"elementskit-heading.default\">\n\t\t\t\t<div class=\"elementor-widget-container\">\n\t\t\t\t\t<div class=\"ekit-wid-con\" ><div class=\"ekit-heading elementskit-section-title-wraper text_center   ekit_heading_tablet-   ekit_heading_mobile-\"><h3 class=\"ekit-heading--title elementskit-section-title \">Conseils au plus haut niveau<\/h3>\t\t\t\t<div class='ekit-heading__description'>\n\t\t\t\t\t<p><span style=\"font-weight: 400\">\u00c0 l'issue de l'audit, nous formulons des recommandations d\u00e9taill\u00e9es pour vous aider \u00e0 apporter les changements n\u00e9cessaires de mani\u00e8re efficace et rentable, en garantissant des processus de la plus haute qualit\u00e9 dans votre \u00e9tablissement.<\/span><\/p>\n\t\t\t\t<\/div>\n\t\t\t<\/div><\/div>\t\t\t\t<\/div>\n\t\t\t\t<\/div>\n\t\t\t\t\t<\/div>\n\t\t<\/div>\n\t\t\t\t\t<\/div>\n\t\t<\/section>\n\t\t\t\t<section class=\"elementor-section elementor-top-section elementor-element elementor-element-623f7a8f elementor-section-full_width elementor-section-height-default elementor-section-height-default\" data-id=\"623f7a8f\" data-element_type=\"section\" data-e-type=\"section\" data-settings=\"{&quot;background_background&quot;:&quot;classic&quot;}\">\n\t\t\t\t\t\t<div class=\"elementor-container elementor-column-gap-default\">\n\t\t\t\t\t<div class=\"elementor-column elementor-col-50 elementor-top-column elementor-element elementor-element-aa0f161\" data-id=\"aa0f161\" data-element_type=\"column\" data-e-type=\"column\" data-settings=\"{&quot;background_background&quot;:&quot;classic&quot;}\">\n\t\t\t<div class=\"elementor-widget-wrap elementor-element-populated\">\n\t\t\t\t\t\t<div class=\"elementor-element elementor-element-427b6b90 elementor-widget-mobile__width-initial elementor-widget elementor-widget-elementskit-heading\" data-id=\"427b6b90\" data-element_type=\"widget\" data-e-type=\"widget\" data-widget_type=\"elementskit-heading.default\">\n\t\t\t\t<div class=\"elementor-widget-container\">\n\t\t\t\t\t<div class=\"ekit-wid-con\" ><div class=\"ekit-heading elementskit-section-title-wraper    ekit_heading_tablet-   ekit_heading_mobile-text_left\"><h3 class=\"elementskit-section-subtitle  \">\n\t\t\t\t\t\tN&#039;attendez pas, prenez soin de votre \u00e9tablissement industriel d\u00e8s aujourd&#039;hui.\n\t\t\t\t\t<\/h3><h3 class=\"ekit-heading--title elementskit-section-title \">Contactez-nous pour en savoir plus.<\/h3><\/div><\/div>\t\t\t\t<\/div>\n\t\t\t\t<\/div>\n\t\t\t\t<div class=\"elementor-element elementor-element-639707a5 elementor-widget-mobile__width-initial elementor-widget elementor-widget-text-editor\" data-id=\"639707a5\" data-element_type=\"widget\" data-e-type=\"widget\" data-widget_type=\"text-editor.default\">\n\t\t\t\t<div class=\"elementor-widget-container\">\n\t\t\t\t\t\t\t\t\t<p><span style=\"font-weight: 400;\">Voulez-vous vous assurer que votre \u00e9tablissement r\u00e9pond \u00e0 toutes les exigences ? Voulez-vous gagner en efficacit\u00e9 et \u00e9viter des probl\u00e8mes potentiels \u00e0 l&rsquo;avenir ? Notre \u00e9quipe d&rsquo;experts est pr\u00eate \u00e0 vous aider. Contactez-nous et vous verrez comment, ensemble, nous pouvons rehausser les normes de votre \u00e9tablissement<\/span><\/p>\t\t\t\t\t\t\t\t<\/div>\n\t\t\t\t<\/div>\n\t\t\t\t<div class=\"elementor-element elementor-element-4aae9915 elementor-align-left elementor-widget-mobile__width-initial elementor-widget elementor-widget-elementskit-button\" data-id=\"4aae9915\" data-element_type=\"widget\" data-e-type=\"widget\" data-widget_type=\"elementskit-button.default\">\n\t\t\t\t<div class=\"elementor-widget-container\">\n\t\t\t\t\t<div class=\"ekit-wid-con\" >\t\t<div class=\"ekit-btn-wraper\">\n\t\t\t\t\t\t\t<a href=\"\/fr\/contact\/\" class=\"elementskit-btn  whitespace--normal\" id=\"\">\n\t\t\t\t\tPrenez contact avec nous !\t\t\t\t<\/a>\n\t\t\t\t\t<\/div>\n        <\/div>\t\t\t\t<\/div>\n\t\t\t\t<\/div>\n\t\t\t\t\t<\/div>\n\t\t<\/div>\n\t\t\t\t<div class=\"elementor-column elementor-col-50 elementor-top-column elementor-element elementor-element-20445999\" data-id=\"20445999\" data-element_type=\"column\" data-e-type=\"column\" data-settings=\"{&quot;background_background&quot;:&quot;classic&quot;}\">\n\t\t\t<div class=\"elementor-widget-wrap elementor-element-populated\">\n\t\t\t\t\t\t\t<\/div>\n\t\t<\/div>\n\t\t\t\t\t<\/div>\n\t\t<\/section>\n\t\t\t\t<\/div>\n\t\t","protected":false},"excerpt":{"rendered":"<p>Audits d&rsquo;\u00e9tablissements industriels Garantie des normes les plus \u00e9lev\u00e9es en mati\u00e8re de s\u00e9curit\u00e9 et d&rsquo;efficacit\u00e9 Dans un monde industriel o\u00f9 les exigences en mati\u00e8re de qualit\u00e9 et de s\u00e9curit\u00e9 ne cessent de cro\u00eetre, les audits d&rsquo;usine constituent un \u00e9l\u00e9ment cl\u00e9 de la strat\u00e9gie de toute entreprise. Rock Master propose des audits complets des \u00e9tablissements industriels [&hellip;]<\/p>\n","protected":false},"author":1,"featured_media":0,"parent":20679,"menu_order":0,"comment_status":"closed","ping_status":"closed","template":"","meta":{"site-sidebar-layout":"no-sidebar","site-content-layout":"","ast-site-content-layout":"full-width-container","site-content-style":"default","site-sidebar-style":"default","ast-global-header-display":"","ast-banner-title-visibility":"","ast-main-header-display":"","ast-hfb-above-header-display":"","ast-hfb-below-header-display":"","ast-hfb-mobile-header-display":"","site-post-title":"disabled","ast-breadcrumbs-content":"","ast-featured-img":"disabled","footer-sml-layout":"","ast-disable-related-posts":"","theme-transparent-header-meta":"","adv-header-id-meta":"","stick-header-meta":"","header-above-stick-meta":"","header-main-stick-meta":"","header-below-stick-meta":"","astra-migrate-meta-layouts":"default","ast-page-background-enabled":"default","ast-page-background-meta":{"desktop":{"background-color":"var(--ast-global-color-4)","background-image":"","background-repeat":"repeat","background-position":"center center","background-size":"auto","background-attachment":"scroll","background-type":"","background-media":"","overlay-type":"","overlay-color":"","overlay-opacity":"","overlay-gradient":""},"tablet":{"background-color":"","background-image":"","background-repeat":"repeat","background-position":"center center","background-size":"auto","background-attachment":"scroll","background-type":"","background-media":"","overlay-type":"","overlay-color":"","overlay-opacity":"","overlay-gradient":""},"mobile":{"background-color":"","background-image":"","background-repeat":"repeat","background-position":"center center","background-size":"auto","background-attachment":"scroll","background-type":"","background-media":"","overlay-type":"","overlay-color":"","overlay-opacity":"","overlay-gradient":""}},"ast-content-background-meta":{"desktop":{"background-color":"var(--ast-global-color-5)","background-image":"","background-repeat":"repeat","background-position":"center center","background-size":"auto","background-attachment":"scroll","background-type":"","background-media":"","overlay-type":"","overlay-color":"","overlay-opacity":"","overlay-gradient":""},"tablet":{"background-color":"var(--ast-global-color-5)","background-image":"","background-repeat":"repeat","background-position":"center center","background-size":"auto","background-attachment":"scroll","background-type":"","background-media":"","overlay-type":"","overlay-color":"","overlay-opacity":"","overlay-gradient":""},"mobile":{"background-color":"var(--ast-global-color-5)","background-image":"","background-repeat":"repeat","background-position":"center center","background-size":"auto","background-attachment":"scroll","background-type":"","background-media":"","overlay-type":"","overlay-color":"","overlay-opacity":"","overlay-gradient":""}},"footnotes":""},"class_list":["post-20684","page","type-page","status-publish","hentry"],"yoast_head":"<!-- This site is optimized with the Yoast SEO plugin v27.6 - https:\/\/yoast.com\/product\/yoast-seo-wordpress\/ -->\n<title>Audits d&#039;\u00e9tablissements industriels - ROCK MASTER Entra\u00eenement en haute altitude<\/title>\n<meta name=\"robots\" content=\"index, follow, max-snippet:-1, max-image-preview:large, max-video-preview:-1\" \/>\n<link rel=\"canonical\" href=\"https:\/\/rockmaster.com.pl\/fr\/services\/audits-detablissements-industriels\/\" \/>\n<meta property=\"og:locale\" content=\"fr_FR\" \/>\n<meta property=\"og:type\" content=\"article\" \/>\n<meta property=\"og:title\" content=\"Audits d&#039;\u00e9tablissements industriels - ROCK MASTER Entra\u00eenement en haute altitude\" \/>\n<meta property=\"og:description\" content=\"Audits d&rsquo;\u00e9tablissements industriels Garantie des normes les plus \u00e9lev\u00e9es en mati\u00e8re de s\u00e9curit\u00e9 et d&rsquo;efficacit\u00e9 Dans un monde industriel o\u00f9 les exigences en mati\u00e8re de qualit\u00e9 et de s\u00e9curit\u00e9 ne cessent de cro\u00eetre, les audits d&rsquo;usine constituent un \u00e9l\u00e9ment cl\u00e9 de la strat\u00e9gie de toute entreprise. Rock Master propose des audits complets des \u00e9tablissements industriels [&hellip;]\" \/>\n<meta property=\"og:url\" content=\"https:\/\/rockmaster.com.pl\/fr\/services\/audits-detablissements-industriels\/\" \/>\n<meta property=\"og:site_name\" content=\"ROCK MASTER Entra\u00eenement en haute altitude\" \/>\n<meta property=\"article:publisher\" content=\"https:\/\/www.facebook.com\/rock.master.bezpieczna.praca.na.wysokosci\" \/>\n<meta property=\"article:modified_time\" content=\"2024-09-18T04:00:35+00:00\" \/>\n<meta property=\"og:image\" content=\"https:\/\/rockmaster.com.pl\/wp-content\/uploads\/2023\/09\/Logo-Pionowe-z-tagline-1.png\" \/>\n\t<meta property=\"og:image:width\" content=\"880\" \/>\n\t<meta property=\"og:image:height\" content=\"880\" \/>\n\t<meta property=\"og:image:type\" content=\"image\/png\" \/>\n<meta name=\"twitter:card\" content=\"summary_large_image\" \/>\n<meta name=\"twitter:label1\" content=\"Dur\u00e9e de lecture estim\u00e9e\" \/>\n\t<meta name=\"twitter:data1\" content=\"2 minutes\" \/>\n<script type=\"application\/ld+json\" class=\"yoast-schema-graph\">{\"@context\":\"https:\\\/\\\/schema.org\",\"@graph\":[{\"@type\":\"WebPage\",\"@id\":\"https:\\\/\\\/rockmaster.com.pl\\\/fr\\\/services\\\/audits-detablissements-industriels\\\/\",\"url\":\"https:\\\/\\\/rockmaster.com.pl\\\/fr\\\/services\\\/audits-detablissements-industriels\\\/\",\"name\":\"Audits d'\u00e9tablissements industriels - ROCK MASTER Entra\u00eenement en haute altitude\",\"isPartOf\":{\"@id\":\"https:\\\/\\\/rockmaster.com.pl\\\/fr\\\/#website\"},\"datePublished\":\"2023-10-02T13:49:12+00:00\",\"dateModified\":\"2024-09-18T04:00:35+00:00\",\"breadcrumb\":{\"@id\":\"https:\\\/\\\/rockmaster.com.pl\\\/fr\\\/services\\\/audits-detablissements-industriels\\\/#breadcrumb\"},\"inLanguage\":\"fr-FR\",\"potentialAction\":[{\"@type\":\"ReadAction\",\"target\":[\"https:\\\/\\\/rockmaster.com.pl\\\/fr\\\/services\\\/audits-detablissements-industriels\\\/\"]}]},{\"@type\":\"BreadcrumbList\",\"@id\":\"https:\\\/\\\/rockmaster.com.pl\\\/fr\\\/services\\\/audits-detablissements-industriels\\\/#breadcrumb\",\"itemListElement\":[{\"@type\":\"ListItem\",\"position\":1,\"name\":\"Services\",\"item\":\"https:\\\/\\\/rockmaster.com.pl\\\/fr\\\/uslugi\\\/\"},{\"@type\":\"ListItem\",\"position\":2,\"name\":\"Audits d&#8217;\u00e9tablissements industriels\"}]},{\"@type\":\"WebSite\",\"@id\":\"https:\\\/\\\/rockmaster.com.pl\\\/fr\\\/#website\",\"url\":\"https:\\\/\\\/rockmaster.com.pl\\\/fr\\\/\",\"name\":\"ROCK MASTER Szkolenia wysoko\u015bciowe\",\"description\":\"Bezpieczna praca na wysoko\u015bci\",\"publisher\":{\"@id\":\"https:\\\/\\\/rockmaster.com.pl\\\/fr\\\/#organization\"},\"potentialAction\":[{\"@type\":\"SearchAction\",\"target\":{\"@type\":\"EntryPoint\",\"urlTemplate\":\"https:\\\/\\\/rockmaster.com.pl\\\/fr\\\/?s={search_term_string}\"},\"query-input\":{\"@type\":\"PropertyValueSpecification\",\"valueRequired\":true,\"valueName\":\"search_term_string\"}}],\"inLanguage\":\"fr-FR\"},{\"@type\":\"Organization\",\"@id\":\"https:\\\/\\\/rockmaster.com.pl\\\/fr\\\/#organization\",\"name\":\"ROCK MASTER Szkolenia wysoko\u015bciowe\",\"url\":\"https:\\\/\\\/rockmaster.com.pl\\\/fr\\\/\",\"logo\":{\"@type\":\"ImageObject\",\"inLanguage\":\"fr-FR\",\"@id\":\"https:\\\/\\\/rockmaster.com.pl\\\/fr\\\/#\\\/schema\\\/logo\\\/image\\\/\",\"url\":\"https:\\\/\\\/rockmaster.com.pl\\\/wp-content\\\/uploads\\\/2023\\\/09\\\/Logo-Pionowe-z-tagline-1.png\",\"contentUrl\":\"https:\\\/\\\/rockmaster.com.pl\\\/wp-content\\\/uploads\\\/2023\\\/09\\\/Logo-Pionowe-z-tagline-1.png\",\"width\":880,\"height\":880,\"caption\":\"ROCK MASTER Szkolenia wysoko\u015bciowe\"},\"image\":{\"@id\":\"https:\\\/\\\/rockmaster.com.pl\\\/fr\\\/#\\\/schema\\\/logo\\\/image\\\/\"},\"sameAs\":[\"https:\\\/\\\/www.facebook.com\\\/rock.master.bezpieczna.praca.na.wysokosci\"]}]}<\/script>\n<!-- \/ Yoast SEO plugin. -->","yoast_head_json":{"title":"Audits d'\u00e9tablissements industriels - ROCK MASTER Entra\u00eenement en haute altitude","robots":{"index":"index","follow":"follow","max-snippet":"max-snippet:-1","max-image-preview":"max-image-preview:large","max-video-preview":"max-video-preview:-1"},"canonical":"https:\/\/rockmaster.com.pl\/fr\/services\/audits-detablissements-industriels\/","og_locale":"fr_FR","og_type":"article","og_title":"Audits d'\u00e9tablissements industriels - ROCK MASTER Entra\u00eenement en haute altitude","og_description":"Audits d&rsquo;\u00e9tablissements industriels Garantie des normes les plus \u00e9lev\u00e9es en mati\u00e8re de s\u00e9curit\u00e9 et d&rsquo;efficacit\u00e9 Dans un monde industriel o\u00f9 les exigences en mati\u00e8re de qualit\u00e9 et de s\u00e9curit\u00e9 ne cessent de cro\u00eetre, les audits d&rsquo;usine constituent un \u00e9l\u00e9ment cl\u00e9 de la strat\u00e9gie de toute entreprise. Rock Master propose des audits complets des \u00e9tablissements industriels [&hellip;]","og_url":"https:\/\/rockmaster.com.pl\/fr\/services\/audits-detablissements-industriels\/","og_site_name":"ROCK MASTER Entra\u00eenement en haute altitude","article_publisher":"https:\/\/www.facebook.com\/rock.master.bezpieczna.praca.na.wysokosci","article_modified_time":"2024-09-18T04:00:35+00:00","og_image":[{"width":880,"height":880,"url":"https:\/\/rockmaster.com.pl\/wp-content\/uploads\/2023\/09\/Logo-Pionowe-z-tagline-1.png","type":"image\/png"}],"twitter_card":"summary_large_image","twitter_misc":{"Dur\u00e9e de lecture estim\u00e9e":"2 minutes"},"schema":{"@context":"https:\/\/schema.org","@graph":[{"@type":"WebPage","@id":"https:\/\/rockmaster.com.pl\/fr\/services\/audits-detablissements-industriels\/","url":"https:\/\/rockmaster.com.pl\/fr\/services\/audits-detablissements-industriels\/","name":"Audits d'\u00e9tablissements industriels - ROCK MASTER Entra\u00eenement en haute altitude","isPartOf":{"@id":"https:\/\/rockmaster.com.pl\/fr\/#website"},"datePublished":"2023-10-02T13:49:12+00:00","dateModified":"2024-09-18T04:00:35+00:00","breadcrumb":{"@id":"https:\/\/rockmaster.com.pl\/fr\/services\/audits-detablissements-industriels\/#breadcrumb"},"inLanguage":"fr-FR","potentialAction":[{"@type":"ReadAction","target":["https:\/\/rockmaster.com.pl\/fr\/services\/audits-detablissements-industriels\/"]}]},{"@type":"BreadcrumbList","@id":"https:\/\/rockmaster.com.pl\/fr\/services\/audits-detablissements-industriels\/#breadcrumb","itemListElement":[{"@type":"ListItem","position":1,"name":"Services","item":"https:\/\/rockmaster.com.pl\/fr\/uslugi\/"},{"@type":"ListItem","position":2,"name":"Audits d&#8217;\u00e9tablissements industriels"}]},{"@type":"WebSite","@id":"https:\/\/rockmaster.com.pl\/fr\/#website","url":"https:\/\/rockmaster.com.pl\/fr\/","name":"ROCK MASTER Szkolenia wysoko\u015bciowe","description":"Bezpieczna praca na wysoko\u015bci","publisher":{"@id":"https:\/\/rockmaster.com.pl\/fr\/#organization"},"potentialAction":[{"@type":"SearchAction","target":{"@type":"EntryPoint","urlTemplate":"https:\/\/rockmaster.com.pl\/fr\/?s={search_term_string}"},"query-input":{"@type":"PropertyValueSpecification","valueRequired":true,"valueName":"search_term_string"}}],"inLanguage":"fr-FR"},{"@type":"Organization","@id":"https:\/\/rockmaster.com.pl\/fr\/#organization","name":"ROCK MASTER Szkolenia wysoko\u015bciowe","url":"https:\/\/rockmaster.com.pl\/fr\/","logo":{"@type":"ImageObject","inLanguage":"fr-FR","@id":"https:\/\/rockmaster.com.pl\/fr\/#\/schema\/logo\/image\/","url":"https:\/\/rockmaster.com.pl\/wp-content\/uploads\/2023\/09\/Logo-Pionowe-z-tagline-1.png","contentUrl":"https:\/\/rockmaster.com.pl\/wp-content\/uploads\/2023\/09\/Logo-Pionowe-z-tagline-1.png","width":880,"height":880,"caption":"ROCK MASTER Szkolenia wysoko\u015bciowe"},"image":{"@id":"https:\/\/rockmaster.com.pl\/fr\/#\/schema\/logo\/image\/"},"sameAs":["https:\/\/www.facebook.com\/rock.master.bezpieczna.praca.na.wysokosci"]}]}},"_links":{"self":[{"href":"https:\/\/rockmaster.com.pl\/fr\/wp-json\/wp\/v2\/pages\/20684","targetHints":{"allow":["GET"]}}],"collection":[{"href":"https:\/\/rockmaster.com.pl\/fr\/wp-json\/wp\/v2\/pages"}],"about":[{"href":"https:\/\/rockmaster.com.pl\/fr\/wp-json\/wp\/v2\/types\/page"}],"author":[{"embeddable":true,"href":"https:\/\/rockmaster.com.pl\/fr\/wp-json\/wp\/v2\/users\/1"}],"replies":[{"embeddable":true,"href":"https:\/\/rockmaster.com.pl\/fr\/wp-json\/wp\/v2\/comments?post=20684"}],"version-history":[{"count":10,"href":"https:\/\/rockmaster.com.pl\/fr\/wp-json\/wp\/v2\/pages\/20684\/revisions"}],"predecessor-version":[{"id":26093,"href":"https:\/\/rockmaster.com.pl\/fr\/wp-json\/wp\/v2\/pages\/20684\/revisions\/26093"}],"up":[{"embeddable":true,"href":"https:\/\/rockmaster.com.pl\/fr\/wp-json\/wp\/v2\/pages\/20679"}],"wp:attachment":[{"href":"https:\/\/rockmaster.com.pl\/fr\/wp-json\/wp\/v2\/media?parent=20684"}],"curies":[{"name":"wp","href":"https:\/\/api.w.org\/{rel}","templated":true}]}}