{"id":20653,"date":"2023-10-02T12:45:19","date_gmt":"2023-10-02T12:45:19","guid":{"rendered":"https:\/\/rockmaster.proadax-dev.pl\/?page_id=20653"},"modified":"2024-09-18T03:54:19","modified_gmt":"2024-09-18T03:54:19","slug":"grimpeur-industriel","status":"publish","type":"page","link":"https:\/\/rockmaster.com.pl\/fr\/entrainement\/grimpeur-industriel\/","title":{"rendered":"Grimpeur industriel"},"content":{"rendered":"\t\t<div data-elementor-type=\"wp-page\" data-elementor-id=\"20653\" class=\"elementor elementor-20653 elementor-31\" data-elementor-post-type=\"page\">\n\t\t\t\t\t\t<section class=\"elementor-section elementor-top-section elementor-element elementor-element-5602e7fb elementor-section-height-min-height elementor-section-boxed elementor-section-height-default elementor-section-items-middle\" data-id=\"5602e7fb\" data-element_type=\"section\" data-e-type=\"section\" data-settings=\"{&quot;background_background&quot;:&quot;classic&quot;}\">\n\t\t\t\t\t\t\t<div class=\"elementor-background-overlay\"><\/div>\n\t\t\t\t\t\t\t<div class=\"elementor-container elementor-column-gap-default\">\n\t\t\t\t\t<div class=\"elementor-column elementor-col-100 elementor-top-column elementor-element elementor-element-7d50976f\" data-id=\"7d50976f\" data-element_type=\"column\" data-e-type=\"column\">\n\t\t\t<div class=\"elementor-widget-wrap elementor-element-populated\">\n\t\t\t\t\t\t<div class=\"elementor-element elementor-element-7a890f62 elementor-widget elementor-widget-elementskit-heading\" data-id=\"7a890f62\" data-element_type=\"widget\" data-e-type=\"widget\" data-widget_type=\"elementskit-heading.default\">\n\t\t\t\t<div class=\"elementor-widget-container\">\n\t\t\t\t\t<div class=\"ekit-wid-con\" ><div class=\"ekit-heading elementskit-section-title-wraper text_left   ekit_heading_tablet-   ekit_heading_mobile-text_center\"><h1 class=\"ekit-heading--title elementskit-section-title \">Grimpeur industriel<\/h1><\/div><\/div>\t\t\t\t<\/div>\n\t\t\t\t<\/div>\n\t\t\t\t\t<\/div>\n\t\t<\/div>\n\t\t\t\t\t<\/div>\n\t\t<\/section>\n\t\t\t\t<section class=\"elementor-section elementor-top-section elementor-element elementor-element-4d57015 elementor-section-boxed elementor-section-height-default elementor-section-height-default\" data-id=\"4d57015\" data-element_type=\"section\" data-e-type=\"section\">\n\t\t\t\t\t\t<div class=\"elementor-container elementor-column-gap-default\">\n\t\t\t\t\t<div class=\"elementor-column elementor-col-50 elementor-top-column elementor-element elementor-element-70077422\" data-id=\"70077422\" data-element_type=\"column\" data-e-type=\"column\">\n\t\t\t<div class=\"elementor-widget-wrap elementor-element-populated\">\n\t\t\t\t\t\t<div class=\"elementor-element elementor-element-1a78ecee elementor-widget elementor-widget-heading\" data-id=\"1a78ecee\" data-element_type=\"widget\" data-e-type=\"widget\" data-widget_type=\"heading.default\">\n\t\t\t\t<div class=\"elementor-widget-container\">\n\t\t\t\t\t<h3 class=\"elementor-heading-title elementor-size-default\">La formation<\/h3>\t\t\t\t<\/div>\n\t\t\t\t<\/div>\n\t\t\t\t<div class=\"elementor-element elementor-element-2e78ffa1 elementor-widget-divider--view-line elementor-widget elementor-widget-divider\" data-id=\"2e78ffa1\" data-element_type=\"widget\" data-e-type=\"widget\" data-widget_type=\"divider.default\">\n\t\t\t\t<div class=\"elementor-widget-container\">\n\t\t\t\t\t\t\t<div class=\"elementor-divider\">\n\t\t\t<span class=\"elementor-divider-separator\">\n\t\t\t\t\t\t<\/span>\n\t\t<\/div>\n\t\t\t\t\t\t<\/div>\n\t\t\t\t<\/div>\n\t\t\t\t<div class=\"elementor-element elementor-element-c675199 elementor-widget elementor-widget-text-editor\" data-id=\"c675199\" data-element_type=\"widget\" data-e-type=\"widget\" data-widget_type=\"text-editor.default\">\n\t\t\t\t<div class=\"elementor-widget-container\">\n\t\t\t\t\t\t\t\t\t<p><span style=\"font-weight: 400;\">La formation de grimpeur industriel dure 4 jours. La formation comprend une courte partie th\u00e9orique, mais il s&rsquo;agit avant tout d&rsquo;une formation pratique. La formation se termine par un examen. Le certificat obtenu permet de travailler en hauteur sur l&rsquo;ensemble du territoire polonais.<\/span><\/p><p><span style=\"font-weight: 400;\">Nos instructeurs ont de nombreuses ann\u00e9es d&rsquo;exp\u00e9rience dans le domaine du travail en hauteur &#8211; nous avons commenc\u00e9 \u00e0 travailler en hauteur dans les ann\u00e9es 1980 &#8211; et dans le domaine de la formation. Nous avons la plus longue exp\u00e9rience dans ce domaine sur le march\u00e9. Pour en savoir plus sur nous, cliquez <a href=\"\/fr\/a-propos-de-nous\/historie\/\">ici<\/a>. <\/span><\/p><p><span style=\"font-weight: 400;\">Le programme de formation Grimpeur industriel est bas\u00e9 non seulement sur nos connaissances et nos ann\u00e9es d&rsquo;exp\u00e9rience, mais aussi sur la norme britannique BS 8454:2006 &#8211; Code de pratique pour la formation et l&rsquo;\u00e9ducation au travail en hauteur et au sauvetage.Il s&rsquo;agit de la norme qui d\u00e9finit les principes et les m\u00e9thodes de la formation \u00e0 l&rsquo;acc\u00e8s par corde. Non seulement nous avons construit le syst\u00e8me de formation <a href=\"\/fr\/irata\/\">IRATA<\/a> selon cette norme, mais nous l&rsquo;avons \u00e9galement adapt\u00e9 au reste de la formation que nous proposons.<\/span><\/p>\t\t\t\t\t\t\t\t<\/div>\n\t\t\t\t<\/div>\n\t\t\t\t\t<\/div>\n\t\t<\/div>\n\t\t\t\t<div class=\"elementor-column elementor-col-50 elementor-top-column elementor-element elementor-element-49992db3\" data-id=\"49992db3\" data-element_type=\"column\" data-e-type=\"column\">\n\t\t\t<div class=\"elementor-widget-wrap elementor-element-populated\">\n\t\t\t\t\t\t<div class=\"elementor-element elementor-element-33b7f8e elementor-widget elementor-widget-image\" data-id=\"33b7f8e\" data-element_type=\"widget\" data-e-type=\"widget\" data-widget_type=\"image.default\">\n\t\t\t\t<div class=\"elementor-widget-container\">\n\t\t\t\t\t\t\t\t\t\t\t\t\t\t\t<img fetchpriority=\"high\" decoding=\"async\" width=\"899\" height=\"745\" src=\"https:\/\/rockmaster.com.pl\/wp-content\/uploads\/2023\/10\/strona-glowna-szkolenia-jasniejsze.jpg\" class=\"attachment-full size-full wp-image-17889\" alt=\"\" srcset=\"https:\/\/rockmaster.com.pl\/wp-content\/uploads\/2023\/10\/strona-glowna-szkolenia-jasniejsze.jpg 899w, https:\/\/rockmaster.com.pl\/wp-content\/uploads\/2023\/10\/strona-glowna-szkolenia-jasniejsze-600x497.jpg 600w, https:\/\/rockmaster.com.pl\/wp-content\/uploads\/2023\/10\/strona-glowna-szkolenia-jasniejsze-300x249.jpg 300w, https:\/\/rockmaster.com.pl\/wp-content\/uploads\/2023\/10\/strona-glowna-szkolenia-jasniejsze-768x636.jpg 768w\" sizes=\"(max-width: 899px) 100vw, 899px\" \/>\t\t\t\t\t\t\t\t\t\t\t\t\t\t\t<\/div>\n\t\t\t\t<\/div>\n\t\t\t\t\t<\/div>\n\t\t<\/div>\n\t\t\t\t\t<\/div>\n\t\t<\/section>\n\t\t\t\t<section class=\"elementor-section elementor-top-section elementor-element elementor-element-fbd6cce elementor-section-boxed elementor-section-height-default elementor-section-height-default\" data-id=\"fbd6cce\" data-element_type=\"section\" data-e-type=\"section\">\n\t\t\t\t\t\t<div class=\"elementor-container elementor-column-gap-default\">\n\t\t\t\t\t<div class=\"elementor-column elementor-col-50 elementor-top-column elementor-element elementor-element-46d9682\" data-id=\"46d9682\" data-element_type=\"column\" data-e-type=\"column\">\n\t\t\t<div class=\"elementor-widget-wrap elementor-element-populated\">\n\t\t\t\t\t\t<div class=\"elementor-element elementor-element-50c463d elementor-widget elementor-widget-heading\" data-id=\"50c463d\" data-element_type=\"widget\" data-e-type=\"widget\" data-widget_type=\"heading.default\">\n\t\t\t\t<div class=\"elementor-widget-container\">\n\t\t\t\t\t<h3 class=\"elementor-heading-title elementor-size-default\">Grimpeur industriel<\/h3>\t\t\t\t<\/div>\n\t\t\t\t<\/div>\n\t\t\t\t<div class=\"elementor-element elementor-element-b335c74 elementor-widget-divider--view-line elementor-widget elementor-widget-divider\" data-id=\"b335c74\" data-element_type=\"widget\" data-e-type=\"widget\" data-widget_type=\"divider.default\">\n\t\t\t\t<div class=\"elementor-widget-container\">\n\t\t\t\t\t\t\t<div class=\"elementor-divider\">\n\t\t\t<span class=\"elementor-divider-separator\">\n\t\t\t\t\t\t<\/span>\n\t\t<\/div>\n\t\t\t\t\t\t<\/div>\n\t\t\t\t<\/div>\n\t\t\t\t<div class=\"elementor-element elementor-element-9acda2f elementor-widget elementor-widget-text-editor\" data-id=\"9acda2f\" data-element_type=\"widget\" data-e-type=\"widget\" data-widget_type=\"text-editor.default\">\n\t\t\t\t<div class=\"elementor-widget-container\">\n\t\t\t\t\t\t\t\t\t<ul><li><span style=\"font-weight: 400;\">Les candidats doivent \u00eatre \u00e2g\u00e9s d&rsquo;au moins 18 ans.<\/span><\/li><li><span style=\"font-weight: 400;\">Les candidats doivent \u00eatre physiquement aptes et ne pas pr\u00e9senter de conditions susceptibles de les emp\u00eacher de travailler en toute s\u00e9curit\u00e9.<\/span><\/li><li><span style=\"font-weight: 400;\">Ils doivent \u00eatre convaincus qu&rsquo;ils ont une condition physique et une r\u00e9sistance physique et mentale suffisantes pour le travail. En outre, ce candidat doit \u00eatre capable de r\u00e9sister \u00e0 diverses conditions m\u00e9t\u00e9orologiques telles que le froid, la chaleur ou le vent.<\/span><\/li><li><span style=\"font-weight: 400;\">Le candidat doit \u00eatre responsable, fiable et cr\u00e9dible.<\/span><\/li><li><span style=\"font-weight: 400;\">Pas de contre-indications au travail en hauteur, telles que<\/span><br \/><ul><li><span style=\"font-weight: 400;\">maladie cardiaque\/douleurs thoraciques<\/span><\/li><li><span style=\"font-weight: 400;\">hypertension art\u00e9rielle<\/span><\/li><li><span style=\"font-weight: 400;\">\u00e9pilepsie, syncope<\/span><\/li><li><span style=\"font-weight: 400;\">peur des hauteurs, vertiges <\/span><\/li><li><span style=\"font-weight: 400;\">d\u00e9s\u00e9quilibres<\/span><\/li><li><span style=\"font-weight: 400;\">atteintes \u00e0 la fonction des membres <\/span><\/li><li><span style=\"font-weight: 400;\">alcoolisme ou la toxicomanie<\/span><\/li><li><span style=\"font-weight: 400;\">troubles et les maladies mentales<\/span><\/li><li><span style=\"font-weight: 400;\">diab\u00e8te<\/span><\/li><\/ul><\/li><\/ul>\t\t\t\t\t\t\t\t<\/div>\n\t\t\t\t<\/div>\n\t\t\t\t<div class=\"elementor-element elementor-element-c30f6e1 elementor-align-center elementor-widget elementor-widget-button\" data-id=\"c30f6e1\" data-element_type=\"widget\" data-e-type=\"widget\" data-widget_type=\"button.default\">\n\t\t\t\t<div class=\"elementor-widget-container\">\n\t\t\t\t\t\t\t\t\t<div class=\"elementor-button-wrapper\">\n\t\t\t\t\t<a class=\"elementor-button elementor-button-link elementor-size-sm\" href=\"#popmake-23133\">\n\t\t\t\t\t\t<span class=\"elementor-button-content-wrapper\">\n\t\t\t\t\t\t\t\t\t<span class=\"elementor-button-text\">Demandez de renseignements sur la formation<\/span>\n\t\t\t\t\t<\/span>\n\t\t\t\t\t<\/a>\n\t\t\t\t<\/div>\n\t\t\t\t\t\t\t\t<\/div>\n\t\t\t\t<\/div>\n\t\t\t\t\t<\/div>\n\t\t<\/div>\n\t\t\t\t<div class=\"elementor-column elementor-col-50 elementor-top-column elementor-element elementor-element-ed27ad8\" data-id=\"ed27ad8\" data-element_type=\"column\" data-e-type=\"column\">\n\t\t\t<div class=\"elementor-widget-wrap elementor-element-populated\">\n\t\t\t\t\t\t<div class=\"elementor-element elementor-element-e965073 elementor-widget elementor-widget-image\" data-id=\"e965073\" data-element_type=\"widget\" data-e-type=\"widget\" data-widget_type=\"image.default\">\n\t\t\t\t<div class=\"elementor-widget-container\">\n\t\t\t\t\t\t\t\t\t\t\t\t\t\t\t<img decoding=\"async\" width=\"1500\" height=\"1859\" src=\"https:\/\/rockmaster.com.pl\/wp-content\/uploads\/2024\/03\/DSC00745.webp\" class=\"attachment-full size-full wp-image-19494\" alt=\"\" srcset=\"https:\/\/rockmaster.com.pl\/wp-content\/uploads\/2024\/03\/DSC00745.webp 1500w, https:\/\/rockmaster.com.pl\/wp-content\/uploads\/2024\/03\/DSC00745-242x300.webp 242w, https:\/\/rockmaster.com.pl\/wp-content\/uploads\/2024\/03\/DSC00745-826x1024.webp 826w, https:\/\/rockmaster.com.pl\/wp-content\/uploads\/2024\/03\/DSC00745-768x952.webp 768w, https:\/\/rockmaster.com.pl\/wp-content\/uploads\/2024\/03\/DSC00745-1239x1536.webp 1239w\" sizes=\"(max-width: 1500px) 100vw, 1500px\" \/>\t\t\t\t\t\t\t\t\t\t\t\t\t\t\t<\/div>\n\t\t\t\t<\/div>\n\t\t\t\t\t<\/div>\n\t\t<\/div>\n\t\t\t\t\t<\/div>\n\t\t<\/section>\n\t\t\t\t<\/div>\n\t\t","protected":false},"excerpt":{"rendered":"<p>Grimpeur industriel La formation La formation de grimpeur industriel dure 4 jours. La formation comprend une courte partie th\u00e9orique, mais il s&rsquo;agit avant tout d&rsquo;une formation pratique. La formation se termine par un examen. Le certificat obtenu permet de travailler en hauteur sur l&rsquo;ensemble du territoire polonais. Nos instructeurs ont de nombreuses ann\u00e9es d&rsquo;exp\u00e9rience dans [&hellip;]<\/p>\n","protected":false},"author":1,"featured_media":0,"parent":21004,"menu_order":0,"comment_status":"closed","ping_status":"closed","template":"","meta":{"site-sidebar-layout":"no-sidebar","site-content-layout":"","ast-site-content-layout":"full-width-container","site-content-style":"default","site-sidebar-style":"default","ast-global-header-display":"","ast-banner-title-visibility":"","ast-main-header-display":"","ast-hfb-above-header-display":"","ast-hfb-below-header-display":"","ast-hfb-mobile-header-display":"","site-post-title":"disabled","ast-breadcrumbs-content":"","ast-featured-img":"disabled","footer-sml-layout":"","ast-disable-related-posts":"","theme-transparent-header-meta":"","adv-header-id-meta":"","stick-header-meta":"","header-above-stick-meta":"","header-main-stick-meta":"","header-below-stick-meta":"","astra-migrate-meta-layouts":"default","ast-page-background-enabled":"default","ast-page-background-meta":{"desktop":{"background-color":"var(--ast-global-color-4)","background-image":"","background-repeat":"repeat","background-position":"center center","background-size":"auto","background-attachment":"scroll","background-type":"","background-media":"","overlay-type":"","overlay-color":"","overlay-opacity":"","overlay-gradient":""},"tablet":{"background-color":"","background-image":"","background-repeat":"repeat","background-position":"center center","background-size":"auto","background-attachment":"scroll","background-type":"","background-media":"","overlay-type":"","overlay-color":"","overlay-opacity":"","overlay-gradient":""},"mobile":{"background-color":"","background-image":"","background-repeat":"repeat","background-position":"center center","background-size":"auto","background-attachment":"scroll","background-type":"","background-media":"","overlay-type":"","overlay-color":"","overlay-opacity":"","overlay-gradient":""}},"ast-content-background-meta":{"desktop":{"background-color":"var(--ast-global-color-5)","background-image":"","background-repeat":"repeat","background-position":"center center","background-size":"auto","background-attachment":"scroll","background-type":"","background-media":"","overlay-type":"","overlay-color":"","overlay-opacity":"","overlay-gradient":""},"tablet":{"background-color":"var(--ast-global-color-5)","background-image":"","background-repeat":"repeat","background-position":"center center","background-size":"auto","background-attachment":"scroll","background-type":"","background-media":"","overlay-type":"","overlay-color":"","overlay-opacity":"","overlay-gradient":""},"mobile":{"background-color":"var(--ast-global-color-5)","background-image":"","background-repeat":"repeat","background-position":"center center","background-size":"auto","background-attachment":"scroll","background-type":"","background-media":"","overlay-type":"","overlay-color":"","overlay-opacity":"","overlay-gradient":""}},"footnotes":""},"class_list":["post-20653","page","type-page","status-publish","hentry"],"yoast_head":"<!-- This site is optimized with the Yoast SEO plugin v27.6 - https:\/\/yoast.com\/product\/yoast-seo-wordpress\/ -->\n<title>Grimpeur industriel - ROCK MASTER Entra\u00eenement en haute altitude<\/title>\n<meta name=\"robots\" content=\"index, follow, max-snippet:-1, max-image-preview:large, max-video-preview:-1\" \/>\n<link rel=\"canonical\" href=\"https:\/\/rockmaster.com.pl\/fr\/entrainement\/grimpeur-industriel\/\" \/>\n<meta property=\"og:locale\" content=\"fr_FR\" \/>\n<meta property=\"og:type\" content=\"article\" \/>\n<meta property=\"og:title\" content=\"Grimpeur industriel - ROCK MASTER Entra\u00eenement en haute altitude\" \/>\n<meta property=\"og:description\" content=\"Grimpeur industriel La formation La formation de grimpeur industriel dure 4 jours. La formation comprend une courte partie th\u00e9orique, mais il s&rsquo;agit avant tout d&rsquo;une formation pratique. La formation se termine par un examen. Le certificat obtenu permet de travailler en hauteur sur l&rsquo;ensemble du territoire polonais. Nos instructeurs ont de nombreuses ann\u00e9es d&rsquo;exp\u00e9rience dans [&hellip;]\" \/>\n<meta property=\"og:url\" content=\"https:\/\/rockmaster.com.pl\/fr\/entrainement\/grimpeur-industriel\/\" \/>\n<meta property=\"og:site_name\" content=\"ROCK MASTER Entra\u00eenement en haute altitude\" \/>\n<meta property=\"article:publisher\" content=\"https:\/\/www.facebook.com\/rock.master.bezpieczna.praca.na.wysokosci\" \/>\n<meta property=\"article:modified_time\" content=\"2024-09-18T03:54:19+00:00\" \/>\n<meta property=\"og:image\" content=\"https:\/\/rockmaster.com.pl\/wp-content\/uploads\/2023\/10\/strona-glowna-szkolenia-jasniejsze.jpg\" \/>\n<meta name=\"twitter:card\" content=\"summary_large_image\" \/>\n<meta name=\"twitter:label1\" content=\"Dur\u00e9e de lecture estim\u00e9e\" \/>\n\t<meta name=\"twitter:data1\" content=\"2 minutes\" \/>\n<script type=\"application\/ld+json\" class=\"yoast-schema-graph\">{\"@context\":\"https:\\\/\\\/schema.org\",\"@graph\":[{\"@type\":\"WebPage\",\"@id\":\"https:\\\/\\\/rockmaster.com.pl\\\/fr\\\/entrainement\\\/grimpeur-industriel\\\/\",\"url\":\"https:\\\/\\\/rockmaster.com.pl\\\/fr\\\/entrainement\\\/grimpeur-industriel\\\/\",\"name\":\"Grimpeur industriel - ROCK MASTER Entra\u00eenement en haute altitude\",\"isPartOf\":{\"@id\":\"https:\\\/\\\/rockmaster.com.pl\\\/fr\\\/#website\"},\"primaryImageOfPage\":{\"@id\":\"https:\\\/\\\/rockmaster.com.pl\\\/fr\\\/entrainement\\\/grimpeur-industriel\\\/#primaryimage\"},\"image\":{\"@id\":\"https:\\\/\\\/rockmaster.com.pl\\\/fr\\\/entrainement\\\/grimpeur-industriel\\\/#primaryimage\"},\"thumbnailUrl\":\"https:\\\/\\\/rockmaster.com.pl\\\/wp-content\\\/uploads\\\/2023\\\/10\\\/strona-glowna-szkolenia-jasniejsze.jpg\",\"datePublished\":\"2023-10-02T12:45:19+00:00\",\"dateModified\":\"2024-09-18T03:54:19+00:00\",\"breadcrumb\":{\"@id\":\"https:\\\/\\\/rockmaster.com.pl\\\/fr\\\/entrainement\\\/grimpeur-industriel\\\/#breadcrumb\"},\"inLanguage\":\"fr-FR\",\"potentialAction\":[{\"@type\":\"ReadAction\",\"target\":[\"https:\\\/\\\/rockmaster.com.pl\\\/fr\\\/entrainement\\\/grimpeur-industriel\\\/\"]}]},{\"@type\":\"ImageObject\",\"inLanguage\":\"fr-FR\",\"@id\":\"https:\\\/\\\/rockmaster.com.pl\\\/fr\\\/entrainement\\\/grimpeur-industriel\\\/#primaryimage\",\"url\":\"https:\\\/\\\/rockmaster.com.pl\\\/wp-content\\\/uploads\\\/2023\\\/10\\\/strona-glowna-szkolenia-jasniejsze.jpg\",\"contentUrl\":\"https:\\\/\\\/rockmaster.com.pl\\\/wp-content\\\/uploads\\\/2023\\\/10\\\/strona-glowna-szkolenia-jasniejsze.jpg\"},{\"@type\":\"BreadcrumbList\",\"@id\":\"https:\\\/\\\/rockmaster.com.pl\\\/fr\\\/entrainement\\\/grimpeur-industriel\\\/#breadcrumb\",\"itemListElement\":[{\"@type\":\"ListItem\",\"position\":1,\"name\":\"Entra\u00eenement\",\"item\":\"https:\\\/\\\/rockmaster.com.pl\\\/fr\\\/szkolenia\\\/\"},{\"@type\":\"ListItem\",\"position\":2,\"name\":\"Grimpeur industriel\"}]},{\"@type\":\"WebSite\",\"@id\":\"https:\\\/\\\/rockmaster.com.pl\\\/fr\\\/#website\",\"url\":\"https:\\\/\\\/rockmaster.com.pl\\\/fr\\\/\",\"name\":\"ROCK MASTER Szkolenia wysoko\u015bciowe\",\"description\":\"Bezpieczna praca na wysoko\u015bci\",\"publisher\":{\"@id\":\"https:\\\/\\\/rockmaster.com.pl\\\/fr\\\/#organization\"},\"potentialAction\":[{\"@type\":\"SearchAction\",\"target\":{\"@type\":\"EntryPoint\",\"urlTemplate\":\"https:\\\/\\\/rockmaster.com.pl\\\/fr\\\/?s={search_term_string}\"},\"query-input\":{\"@type\":\"PropertyValueSpecification\",\"valueRequired\":true,\"valueName\":\"search_term_string\"}}],\"inLanguage\":\"fr-FR\"},{\"@type\":\"Organization\",\"@id\":\"https:\\\/\\\/rockmaster.com.pl\\\/fr\\\/#organization\",\"name\":\"ROCK MASTER Szkolenia wysoko\u015bciowe\",\"url\":\"https:\\\/\\\/rockmaster.com.pl\\\/fr\\\/\",\"logo\":{\"@type\":\"ImageObject\",\"inLanguage\":\"fr-FR\",\"@id\":\"https:\\\/\\\/rockmaster.com.pl\\\/fr\\\/#\\\/schema\\\/logo\\\/image\\\/\",\"url\":\"https:\\\/\\\/rockmaster.com.pl\\\/wp-content\\\/uploads\\\/2023\\\/09\\\/Logo-Pionowe-z-tagline-1.png\",\"contentUrl\":\"https:\\\/\\\/rockmaster.com.pl\\\/wp-content\\\/uploads\\\/2023\\\/09\\\/Logo-Pionowe-z-tagline-1.png\",\"width\":880,\"height\":880,\"caption\":\"ROCK MASTER Szkolenia wysoko\u015bciowe\"},\"image\":{\"@id\":\"https:\\\/\\\/rockmaster.com.pl\\\/fr\\\/#\\\/schema\\\/logo\\\/image\\\/\"},\"sameAs\":[\"https:\\\/\\\/www.facebook.com\\\/rock.master.bezpieczna.praca.na.wysokosci\"]}]}<\/script>\n<!-- \/ Yoast SEO plugin. -->","yoast_head_json":{"title":"Grimpeur industriel - ROCK MASTER Entra\u00eenement en haute altitude","robots":{"index":"index","follow":"follow","max-snippet":"max-snippet:-1","max-image-preview":"max-image-preview:large","max-video-preview":"max-video-preview:-1"},"canonical":"https:\/\/rockmaster.com.pl\/fr\/entrainement\/grimpeur-industriel\/","og_locale":"fr_FR","og_type":"article","og_title":"Grimpeur industriel - ROCK MASTER Entra\u00eenement en haute altitude","og_description":"Grimpeur industriel La formation La formation de grimpeur industriel dure 4 jours. La formation comprend une courte partie th\u00e9orique, mais il s&rsquo;agit avant tout d&rsquo;une formation pratique. La formation se termine par un examen. Le certificat obtenu permet de travailler en hauteur sur l&rsquo;ensemble du territoire polonais. Nos instructeurs ont de nombreuses ann\u00e9es d&rsquo;exp\u00e9rience dans [&hellip;]","og_url":"https:\/\/rockmaster.com.pl\/fr\/entrainement\/grimpeur-industriel\/","og_site_name":"ROCK MASTER Entra\u00eenement en haute altitude","article_publisher":"https:\/\/www.facebook.com\/rock.master.bezpieczna.praca.na.wysokosci","article_modified_time":"2024-09-18T03:54:19+00:00","og_image":[{"url":"https:\/\/rockmaster.com.pl\/wp-content\/uploads\/2023\/10\/strona-glowna-szkolenia-jasniejsze.jpg","type":"","width":"","height":""}],"twitter_card":"summary_large_image","twitter_misc":{"Dur\u00e9e de lecture estim\u00e9e":"2 minutes"},"schema":{"@context":"https:\/\/schema.org","@graph":[{"@type":"WebPage","@id":"https:\/\/rockmaster.com.pl\/fr\/entrainement\/grimpeur-industriel\/","url":"https:\/\/rockmaster.com.pl\/fr\/entrainement\/grimpeur-industriel\/","name":"Grimpeur industriel - ROCK MASTER Entra\u00eenement en haute altitude","isPartOf":{"@id":"https:\/\/rockmaster.com.pl\/fr\/#website"},"primaryImageOfPage":{"@id":"https:\/\/rockmaster.com.pl\/fr\/entrainement\/grimpeur-industriel\/#primaryimage"},"image":{"@id":"https:\/\/rockmaster.com.pl\/fr\/entrainement\/grimpeur-industriel\/#primaryimage"},"thumbnailUrl":"https:\/\/rockmaster.com.pl\/wp-content\/uploads\/2023\/10\/strona-glowna-szkolenia-jasniejsze.jpg","datePublished":"2023-10-02T12:45:19+00:00","dateModified":"2024-09-18T03:54:19+00:00","breadcrumb":{"@id":"https:\/\/rockmaster.com.pl\/fr\/entrainement\/grimpeur-industriel\/#breadcrumb"},"inLanguage":"fr-FR","potentialAction":[{"@type":"ReadAction","target":["https:\/\/rockmaster.com.pl\/fr\/entrainement\/grimpeur-industriel\/"]}]},{"@type":"ImageObject","inLanguage":"fr-FR","@id":"https:\/\/rockmaster.com.pl\/fr\/entrainement\/grimpeur-industriel\/#primaryimage","url":"https:\/\/rockmaster.com.pl\/wp-content\/uploads\/2023\/10\/strona-glowna-szkolenia-jasniejsze.jpg","contentUrl":"https:\/\/rockmaster.com.pl\/wp-content\/uploads\/2023\/10\/strona-glowna-szkolenia-jasniejsze.jpg"},{"@type":"BreadcrumbList","@id":"https:\/\/rockmaster.com.pl\/fr\/entrainement\/grimpeur-industriel\/#breadcrumb","itemListElement":[{"@type":"ListItem","position":1,"name":"Entra\u00eenement","item":"https:\/\/rockmaster.com.pl\/fr\/szkolenia\/"},{"@type":"ListItem","position":2,"name":"Grimpeur industriel"}]},{"@type":"WebSite","@id":"https:\/\/rockmaster.com.pl\/fr\/#website","url":"https:\/\/rockmaster.com.pl\/fr\/","name":"ROCK MASTER Szkolenia wysoko\u015bciowe","description":"Bezpieczna praca na wysoko\u015bci","publisher":{"@id":"https:\/\/rockmaster.com.pl\/fr\/#organization"},"potentialAction":[{"@type":"SearchAction","target":{"@type":"EntryPoint","urlTemplate":"https:\/\/rockmaster.com.pl\/fr\/?s={search_term_string}"},"query-input":{"@type":"PropertyValueSpecification","valueRequired":true,"valueName":"search_term_string"}}],"inLanguage":"fr-FR"},{"@type":"Organization","@id":"https:\/\/rockmaster.com.pl\/fr\/#organization","name":"ROCK MASTER Szkolenia wysoko\u015bciowe","url":"https:\/\/rockmaster.com.pl\/fr\/","logo":{"@type":"ImageObject","inLanguage":"fr-FR","@id":"https:\/\/rockmaster.com.pl\/fr\/#\/schema\/logo\/image\/","url":"https:\/\/rockmaster.com.pl\/wp-content\/uploads\/2023\/09\/Logo-Pionowe-z-tagline-1.png","contentUrl":"https:\/\/rockmaster.com.pl\/wp-content\/uploads\/2023\/09\/Logo-Pionowe-z-tagline-1.png","width":880,"height":880,"caption":"ROCK MASTER Szkolenia wysoko\u015bciowe"},"image":{"@id":"https:\/\/rockmaster.com.pl\/fr\/#\/schema\/logo\/image\/"},"sameAs":["https:\/\/www.facebook.com\/rock.master.bezpieczna.praca.na.wysokosci"]}]}},"_links":{"self":[{"href":"https:\/\/rockmaster.com.pl\/fr\/wp-json\/wp\/v2\/pages\/20653","targetHints":{"allow":["GET"]}}],"collection":[{"href":"https:\/\/rockmaster.com.pl\/fr\/wp-json\/wp\/v2\/pages"}],"about":[{"href":"https:\/\/rockmaster.com.pl\/fr\/wp-json\/wp\/v2\/types\/page"}],"author":[{"embeddable":true,"href":"https:\/\/rockmaster.com.pl\/fr\/wp-json\/wp\/v2\/users\/1"}],"replies":[{"embeddable":true,"href":"https:\/\/rockmaster.com.pl\/fr\/wp-json\/wp\/v2\/comments?post=20653"}],"version-history":[{"count":13,"href":"https:\/\/rockmaster.com.pl\/fr\/wp-json\/wp\/v2\/pages\/20653\/revisions"}],"predecessor-version":[{"id":26060,"href":"https:\/\/rockmaster.com.pl\/fr\/wp-json\/wp\/v2\/pages\/20653\/revisions\/26060"}],"up":[{"embeddable":true,"href":"https:\/\/rockmaster.com.pl\/fr\/wp-json\/wp\/v2\/pages\/21004"}],"wp:attachment":[{"href":"https:\/\/rockmaster.com.pl\/fr\/wp-json\/wp\/v2\/media?parent=20653"}],"curies":[{"name":"wp","href":"https:\/\/api.w.org\/{rel}","templated":true}]}}