{"id":21113,"date":"2024-04-12T08:47:27","date_gmt":"2024-04-12T08:47:27","guid":{"rendered":"https:\/\/rockmaster.proadax-dev.pl\/?page_id=21113"},"modified":"2024-09-16T07:18:33","modified_gmt":"2024-09-16T07:18:33","slug":"quadropod-ankerpfosten-fuer-deckenschalungen-aus-holz","status":"publish","type":"page","link":"https:\/\/rockmaster.com.pl\/de\/produkte\/quadropod-ankerpfosten-fuer-deckenschalungen-aus-holz\/","title":{"rendered":"Quadropod \u2013 Ankerpfosten f\u00fcr deckenschalungen aus holz"},"content":{"rendered":"\t\t<div data-elementor-type=\"wp-page\" data-elementor-id=\"21113\" class=\"elementor elementor-21113 elementor-17602\" data-elementor-post-type=\"page\">\n\t\t\t\t\t\t<section class=\"elementor-section elementor-top-section elementor-element elementor-element-8c6d9f2 elementor-section-boxed elementor-section-height-default elementor-section-height-default\" data-id=\"8c6d9f2\" data-element_type=\"section\" data-e-type=\"section\">\n\t\t\t\t\t\t<div class=\"elementor-container elementor-column-gap-default\">\n\t\t\t\t\t<div class=\"elementor-column elementor-col-100 elementor-top-column elementor-element elementor-element-78a9ff1b\" data-id=\"78a9ff1b\" data-element_type=\"column\" data-e-type=\"column\">\n\t\t\t<div class=\"elementor-widget-wrap elementor-element-populated\">\n\t\t\t\t\t\t<div class=\"elementor-element elementor-element-17db0995 elementor-widget elementor-widget-elementskit-heading\" data-id=\"17db0995\" data-element_type=\"widget\" data-e-type=\"widget\" data-widget_type=\"elementskit-heading.default\">\n\t\t\t\t<div class=\"elementor-widget-container\">\n\t\t\t\t\t<div class=\"ekit-wid-con\" ><div class=\"ekit-heading elementskit-section-title-wraper text_center   ekit_heading_tablet-   ekit_heading_mobile-\"><h1 class=\"ekit-heading--title elementskit-section-title \">Quadropod \u2013 Ankerpfosten f\u00fcr deckenschalungen aus holz<\/h1><\/div><\/div>\t\t\t\t<\/div>\n\t\t\t\t<\/div>\n\t\t\t\t\t<\/div>\n\t\t<\/div>\n\t\t\t\t\t<\/div>\n\t\t<\/section>\n\t\t\t\t<section class=\"elementor-section elementor-top-section elementor-element elementor-element-1159c503 elementor-section-boxed elementor-section-height-default elementor-section-height-default\" data-id=\"1159c503\" data-element_type=\"section\" data-e-type=\"section\">\n\t\t\t\t\t\t<div class=\"elementor-container elementor-column-gap-default\">\n\t\t\t\t\t<div class=\"elementor-column elementor-col-50 elementor-top-column elementor-element elementor-element-209c919a\" data-id=\"209c919a\" data-element_type=\"column\" data-e-type=\"column\">\n\t\t\t<div class=\"elementor-widget-wrap elementor-element-populated\">\n\t\t\t\t\t\t<div class=\"elementor-element elementor-element-23f6ea1a elementor-widget elementor-widget-heading\" data-id=\"23f6ea1a\" data-element_type=\"widget\" data-e-type=\"widget\" data-widget_type=\"heading.default\">\n\t\t\t\t<div class=\"elementor-widget-container\">\n\t\t\t\t\t<h3 class=\"elementor-heading-title elementor-size-default\">Charakteristisch<\/h3>\t\t\t\t<\/div>\n\t\t\t\t<\/div>\n\t\t\t\t<div class=\"elementor-element elementor-element-4acd619a elementor-widget-divider--view-line elementor-widget elementor-widget-divider\" data-id=\"4acd619a\" data-element_type=\"widget\" data-e-type=\"widget\" data-widget_type=\"divider.default\">\n\t\t\t\t<div class=\"elementor-widget-container\">\n\t\t\t\t\t\t\t<div class=\"elementor-divider\">\n\t\t\t<span class=\"elementor-divider-separator\">\n\t\t\t\t\t\t<\/span>\n\t\t<\/div>\n\t\t\t\t\t\t<\/div>\n\t\t\t\t<\/div>\n\t\t\t\t<div class=\"elementor-element elementor-element-407d8792 elementor-widget__width-initial elementor-widget elementor-widget-text-editor\" data-id=\"407d8792\" data-element_type=\"widget\" data-e-type=\"widget\" data-widget_type=\"text-editor.default\">\n\t\t\t\t<div class=\"elementor-widget-container\">\n\t\t\t\t\t\t\t\t\t<p>Der SQ10-Ankerpfosten ist f\u00fcr die Montage an horizontalen Schalungsbrettern (Holz) bei Deckenschalungen konzipiert. SQ10 erf\u00fcllt die Anforderungen der EN 795:2012 Typ A f\u00fcr die gleichzeitige Verwendung durch 2 Personen. Das einzigartige Design des Pfostens bietet auch eine energiedampfende Funktion \u2013 was sowohl die Arbeitenden sch\u00fctzt wie auch Sch\u00e4den an der Schalungsstruktur vermeiden l\u00e4sst.<\/p><p>Der Pfosten kann eigenst\u00e4ndig (auch als AntiPendel) oder als Komponente in horizontalen Seilsystemen verwendet werden.<\/p><p>Der Anschlagpunkt f\u00fcr Verbindungselemente befindet sich auf einer H\u00f6he von 70 cm \u00fcber dem Boden, was den Arbeitskomfort erh\u00f6ht, sowohl bei der eigenst\u00e4ndigen Verwendung als auch innerhalb eines Sicherheitssystems.<\/p><p>Der Ankerpfosten wird an dem horizontalen Sperrholz-Schalungsbrett mit 24 Schrauben befestigt. Das Schalungsbrett muss an allen Schalungstr\u00e4gern fest angenagelt sein. Sowohl der Pfosten als auch die Grundplatte sind aus korrosionsgesch\u00fctztem und\/oder rostfreiem Material.<\/p><p>Das Set enth\u00e4lt:<\/p><ul><li>einen energieabsorbierenden Ankerpfosten mit Anschlagpunkt<\/li><li>einen Satz von Montageschrauben<\/li><\/ul><p style=\"text-align: left;\">Mo\u017ce by\u0107 wykorzystywany jako s\u0142upek pojedynczy (r\u00f3wnie\u017c antywahada\u0142owy) lub jako element do budowy poziomego systemu linowego.<\/p>\t\t\t\t\t\t\t\t<\/div>\n\t\t\t\t<\/div>\n\t\t\t\t<div class=\"elementor-element elementor-element-4757cf9d elementor-align-center elementor-widget elementor-widget-button\" data-id=\"4757cf9d\" data-element_type=\"widget\" data-e-type=\"widget\" data-widget_type=\"button.default\">\n\t\t\t\t<div class=\"elementor-widget-container\">\n\t\t\t\t\t\t\t\t\t<div class=\"elementor-button-wrapper\">\n\t\t\t\t\t<a class=\"elementor-button elementor-button-link elementor-size-sm\" href=\"https:\/\/altosekura.com\/de\/p\/quadropod-ankerpfosten-fuer-deckenschalungen-aus-holz\/\" target=\"_blank\">\n\t\t\t\t\t\t<span class=\"elementor-button-content-wrapper\">\n\t\t\t\t\t\t\t\t\t<span class=\"elementor-button-text\">Ich kaufe<\/span>\n\t\t\t\t\t<\/span>\n\t\t\t\t\t<\/a>\n\t\t\t\t<\/div>\n\t\t\t\t\t\t\t\t<\/div>\n\t\t\t\t<\/div>\n\t\t\t\t<div class=\"elementor-element elementor-element-76433c4 elementor-widget elementor-widget-heading\" data-id=\"76433c4\" data-element_type=\"widget\" data-e-type=\"widget\" data-widget_type=\"heading.default\">\n\t\t\t\t<div class=\"elementor-widget-container\">\n\t\t\t\t\t<h3 class=\"elementor-heading-title elementor-size-default\">Technische Daten<\/h3>\t\t\t\t<\/div>\n\t\t\t\t<\/div>\n\t\t\t\t<div class=\"elementor-element elementor-element-4517cead elementor-widget-divider--view-line elementor-widget elementor-widget-divider\" data-id=\"4517cead\" data-element_type=\"widget\" data-e-type=\"widget\" data-widget_type=\"divider.default\">\n\t\t\t\t<div class=\"elementor-widget-container\">\n\t\t\t\t\t\t\t<div class=\"elementor-divider\">\n\t\t\t<span class=\"elementor-divider-separator\">\n\t\t\t\t\t\t<\/span>\n\t\t<\/div>\n\t\t\t\t\t\t<\/div>\n\t\t\t\t<\/div>\n\t\t\t\t<div class=\"elementor-element elementor-element-45cfe2b6 elementor-widget elementor-widget-text-editor\" data-id=\"45cfe2b6\" data-element_type=\"widget\" data-e-type=\"widget\" data-widget_type=\"text-editor.default\">\n\t\t\t\t<div class=\"elementor-widget-container\">\n\t\t\t\t\t\t\t\t\t<ul><li>Norm: EN 795:2012 \u2013 A<\/li><li style=\"text-align: left;\">Zul\u00e4ssige Anzahl Benutzer: 2 Person<\/li><li style=\"text-align: left;\">Max. Traglast: max. 100 kg\/Person<\/li><li style=\"text-align: left;\"><p>Abmessungen der Basis: 44 cm x 44 cm<\/p><\/li><li style=\"text-align: left;\"><p>Material: Rostfreier Stahl, Verzinkter Stahl<\/p><\/li><li style=\"text-align: left;\">Gewicht: 6,9 kg<\/li><\/ul>\t\t\t\t\t\t\t\t<\/div>\n\t\t\t\t<\/div>\n\t\t\t\t\t<\/div>\n\t\t<\/div>\n\t\t\t\t<div class=\"elementor-column elementor-col-50 elementor-top-column elementor-element elementor-element-3674b992\" data-id=\"3674b992\" data-element_type=\"column\" data-e-type=\"column\">\n\t\t\t<div class=\"elementor-widget-wrap elementor-element-populated\">\n\t\t\t\t\t\t<div class=\"elementor-element elementor-element-30ed0ee2 elementor-widget elementor-widget-image\" data-id=\"30ed0ee2\" data-element_type=\"widget\" data-e-type=\"widget\" data-widget_type=\"image.default\">\n\t\t\t\t<div class=\"elementor-widget-container\">\n\t\t\t\t\t\t\t\t\t\t\t\t\t\t\t<img fetchpriority=\"high\" decoding=\"async\" width=\"1135\" height=\"1698\" src=\"https:\/\/rockmaster.com.pl\/wp-content\/uploads\/2024\/04\/QUADROPOD_bez-tla-1.webp\" class=\"attachment-full size-full wp-image-19543\" alt=\"\" srcset=\"https:\/\/rockmaster.com.pl\/wp-content\/uploads\/2024\/04\/QUADROPOD_bez-tla-1.webp 1135w, https:\/\/rockmaster.com.pl\/wp-content\/uploads\/2024\/04\/QUADROPOD_bez-tla-1-201x300.webp 201w, https:\/\/rockmaster.com.pl\/wp-content\/uploads\/2024\/04\/QUADROPOD_bez-tla-1-684x1024.webp 684w, https:\/\/rockmaster.com.pl\/wp-content\/uploads\/2024\/04\/QUADROPOD_bez-tla-1-768x1149.webp 768w, https:\/\/rockmaster.com.pl\/wp-content\/uploads\/2024\/04\/QUADROPOD_bez-tla-1-1027x1536.webp 1027w\" sizes=\"(max-width: 1135px) 100vw, 1135px\" \/>\t\t\t\t\t\t\t\t\t\t\t\t\t\t\t<\/div>\n\t\t\t\t<\/div>\n\t\t\t\t\t<\/div>\n\t\t<\/div>\n\t\t\t\t\t<\/div>\n\t\t<\/section>\n\t\t<div class=\"elementor-element elementor-element-48d0c3eb e-flex e-con-boxed e-con e-parent\" data-id=\"48d0c3eb\" data-element_type=\"container\" data-e-type=\"container\">\n\t\t\t\t\t<div class=\"e-con-inner\">\n\t\t<div class=\"elementor-element elementor-element-5bf16fc4 e-con-full e-flex e-con e-child\" data-id=\"5bf16fc4\" data-element_type=\"container\" data-e-type=\"container\">\n\t\t\t\t<div class=\"elementor-element elementor-element-47d5f9af elementor-align-center elementor-widget elementor-widget-button\" data-id=\"47d5f9af\" data-element_type=\"widget\" data-e-type=\"widget\" data-widget_type=\"button.default\">\n\t\t\t\t<div class=\"elementor-widget-container\">\n\t\t\t\t\t\t\t\t\t<div class=\"elementor-button-wrapper\">\n\t\t\t\t\t<a class=\"elementor-button elementor-button-link elementor-size-sm\" href=\"\/wp-content\/uploads\/2024\/08\/QUADROPOD-User-Manual_EN.pdf\" target=\"_blank\">\n\t\t\t\t\t\t<span class=\"elementor-button-content-wrapper\">\n\t\t\t\t\t\t\t\t\t<span class=\"elementor-button-text\">Benutzerhandbuch\ufeff<\/span>\n\t\t\t\t\t<\/span>\n\t\t\t\t\t<\/a>\n\t\t\t\t<\/div>\n\t\t\t\t\t\t\t\t<\/div>\n\t\t\t\t<\/div>\n\t\t\t\t<\/div>\n\t\t<div class=\"elementor-element elementor-element-780eacc0 e-con-full e-flex e-con e-child\" data-id=\"780eacc0\" data-element_type=\"container\" data-e-type=\"container\">\n\t\t\t\t<div class=\"elementor-element elementor-element-29f1a484 elementor-align-center elementor-widget elementor-widget-button\" data-id=\"29f1a484\" data-element_type=\"widget\" data-e-type=\"widget\" data-widget_type=\"button.default\">\n\t\t\t\t<div class=\"elementor-widget-container\">\n\t\t\t\t\t\t\t\t\t<div class=\"elementor-button-wrapper\">\n\t\t\t\t\t<a class=\"elementor-button elementor-button-link elementor-size-sm\" href=\"\/wp-content\/uploads\/2024\/09\/Rock-Master-QUADROPOD-DE-2024.pdf\" target=\"_blank\">\n\t\t\t\t\t\t<span class=\"elementor-button-content-wrapper\">\n\t\t\t\t\t\t\t\t\t<span class=\"elementor-button-text\">Beschreibung<\/span>\n\t\t\t\t\t<\/span>\n\t\t\t\t\t<\/a>\n\t\t\t\t<\/div>\n\t\t\t\t\t\t\t\t<\/div>\n\t\t\t\t<\/div>\n\t\t\t\t<\/div>\n\t\t<div class=\"elementor-element elementor-element-71e042a8 e-con-full e-flex e-con e-child\" data-id=\"71e042a8\" data-element_type=\"container\" data-e-type=\"container\">\n\t\t\t\t<div class=\"elementor-element elementor-element-68f70283 elementor-align-center elementor-widget elementor-widget-button\" data-id=\"68f70283\" data-element_type=\"widget\" data-e-type=\"widget\" data-widget_type=\"button.default\">\n\t\t\t\t<div class=\"elementor-widget-container\">\n\t\t\t\t\t\t\t\t\t<div class=\"elementor-button-wrapper\">\n\t\t\t\t\t<a class=\"elementor-button elementor-button-link elementor-size-sm\" href=\"\/wp-content\/uploads\/2024\/08\/QUADROPOD-Certificate-EN.pdf\" target=\"_blank\">\n\t\t\t\t\t\t<span class=\"elementor-button-content-wrapper\">\n\t\t\t\t\t\t\t\t\t<span class=\"elementor-button-text\">Zertifikat<\/span>\n\t\t\t\t\t<\/span>\n\t\t\t\t\t<\/a>\n\t\t\t\t<\/div>\n\t\t\t\t\t\t\t\t<\/div>\n\t\t\t\t<\/div>\n\t\t\t\t<\/div>\n\t\t\t\t\t<\/div>\n\t\t\t\t<\/div>\n\t\t\t\t<\/div>\n\t\t","protected":false},"excerpt":{"rendered":"<p>Quadropod \u2013 Ankerpfosten f\u00fcr deckenschalungen aus holz Charakteristisch Der SQ10-Ankerpfosten ist f\u00fcr die Montage an horizontalen Schalungsbrettern (Holz) bei Deckenschalungen konzipiert. SQ10 erf\u00fcllt die Anforderungen der EN 795:2012 Typ A f\u00fcr die gleichzeitige Verwendung durch 2 Personen. Das einzigartige Design des Pfostens bietet auch eine energiedampfende Funktion \u2013 was sowohl die Arbeitenden sch\u00fctzt wie auch [&hellip;]<\/p>\n","protected":false},"author":1,"featured_media":0,"parent":20384,"menu_order":0,"comment_status":"closed","ping_status":"closed","template":"","meta":{"site-sidebar-layout":"no-sidebar","site-content-layout":"","ast-site-content-layout":"full-width-container","site-content-style":"default","site-sidebar-style":"default","ast-global-header-display":"","ast-banner-title-visibility":"","ast-main-header-display":"","ast-hfb-above-header-display":"","ast-hfb-below-header-display":"","ast-hfb-mobile-header-display":"","site-post-title":"disabled","ast-breadcrumbs-content":"","ast-featured-img":"disabled","footer-sml-layout":"","ast-disable-related-posts":"","theme-transparent-header-meta":"","adv-header-id-meta":"","stick-header-meta":"","header-above-stick-meta":"","header-main-stick-meta":"","header-below-stick-meta":"","astra-migrate-meta-layouts":"default","ast-page-background-enabled":"default","ast-page-background-meta":{"desktop":{"background-color":"var(--ast-global-color-4)","background-image":"","background-repeat":"repeat","background-position":"center center","background-size":"auto","background-attachment":"scroll","background-type":"","background-media":"","overlay-type":"","overlay-color":"","overlay-opacity":"","overlay-gradient":""},"tablet":{"background-color":"","background-image":"","background-repeat":"repeat","background-position":"center center","background-size":"auto","background-attachment":"scroll","background-type":"","background-media":"","overlay-type":"","overlay-color":"","overlay-opacity":"","overlay-gradient":""},"mobile":{"background-color":"","background-image":"","background-repeat":"repeat","background-position":"center center","background-size":"auto","background-attachment":"scroll","background-type":"","background-media":"","overlay-type":"","overlay-color":"","overlay-opacity":"","overlay-gradient":""}},"ast-content-background-meta":{"desktop":{"background-color":"var(--ast-global-color-5)","background-image":"","background-repeat":"repeat","background-position":"center center","background-size":"auto","background-attachment":"scroll","background-type":"","background-media":"","overlay-type":"","overlay-color":"","overlay-opacity":"","overlay-gradient":""},"tablet":{"background-color":"var(--ast-global-color-5)","background-image":"","background-repeat":"repeat","background-position":"center center","background-size":"auto","background-attachment":"scroll","background-type":"","background-media":"","overlay-type":"","overlay-color":"","overlay-opacity":"","overlay-gradient":""},"mobile":{"background-color":"var(--ast-global-color-5)","background-image":"","background-repeat":"repeat","background-position":"center center","background-size":"auto","background-attachment":"scroll","background-type":"","background-media":"","overlay-type":"","overlay-color":"","overlay-opacity":"","overlay-gradient":""}},"footnotes":""},"class_list":["post-21113","page","type-page","status-publish","hentry"],"yoast_head":"<!-- This site is optimized with the Yoast SEO plugin v27.6 - https:\/\/yoast.com\/product\/yoast-seo-wordpress\/ -->\n<title>Quadropod \u2013 Ankerpfosten f\u00fcr deckenschalungen aus holz - ROCK MASTER H\u00f6hentraining<\/title>\n<meta name=\"robots\" content=\"index, follow, max-snippet:-1, max-image-preview:large, max-video-preview:-1\" \/>\n<link rel=\"canonical\" href=\"https:\/\/rockmaster.com.pl\/de\/produkte\/quadropod-ankerpfosten-fuer-deckenschalungen-aus-holz\/\" \/>\n<meta property=\"og:locale\" content=\"de_DE\" \/>\n<meta property=\"og:type\" content=\"article\" \/>\n<meta property=\"og:title\" content=\"Quadropod \u2013 Ankerpfosten f\u00fcr deckenschalungen aus holz - ROCK MASTER H\u00f6hentraining\" \/>\n<meta property=\"og:description\" content=\"Quadropod \u2013 Ankerpfosten f\u00fcr deckenschalungen aus holz Charakteristisch Der SQ10-Ankerpfosten ist f\u00fcr die Montage an horizontalen Schalungsbrettern (Holz) bei Deckenschalungen konzipiert. SQ10 erf\u00fcllt die Anforderungen der EN 795:2012 Typ A f\u00fcr die gleichzeitige Verwendung durch 2 Personen. Das einzigartige Design des Pfostens bietet auch eine energiedampfende Funktion \u2013 was sowohl die Arbeitenden sch\u00fctzt wie auch [&hellip;]\" \/>\n<meta property=\"og:url\" content=\"https:\/\/rockmaster.com.pl\/de\/produkte\/quadropod-ankerpfosten-fuer-deckenschalungen-aus-holz\/\" \/>\n<meta property=\"og:site_name\" content=\"ROCK MASTER H\u00f6hentraining\" \/>\n<meta property=\"article:publisher\" content=\"https:\/\/www.facebook.com\/rock.master.bezpieczna.praca.na.wysokosci\" \/>\n<meta property=\"article:modified_time\" content=\"2024-09-16T07:18:33+00:00\" \/>\n<meta property=\"og:image\" content=\"https:\/\/rockmaster.com.pl\/wp-content\/uploads\/2024\/04\/QUADROPOD_bez-tla-1.webp\" \/>\n<meta name=\"twitter:card\" content=\"summary_large_image\" \/>\n<meta name=\"twitter:label1\" content=\"Gesch\u00e4tzte Lesezeit\" \/>\n\t<meta name=\"twitter:data1\" content=\"2\u00a0Minuten\" \/>\n<script type=\"application\/ld+json\" class=\"yoast-schema-graph\">{\"@context\":\"https:\\\/\\\/schema.org\",\"@graph\":[{\"@type\":\"WebPage\",\"@id\":\"https:\\\/\\\/rockmaster.com.pl\\\/de\\\/produkte\\\/quadropod-ankerpfosten-fuer-deckenschalungen-aus-holz\\\/\",\"url\":\"https:\\\/\\\/rockmaster.com.pl\\\/de\\\/produkte\\\/quadropod-ankerpfosten-fuer-deckenschalungen-aus-holz\\\/\",\"name\":\"Quadropod \u2013 Ankerpfosten f\u00fcr deckenschalungen aus holz - ROCK MASTER H\u00f6hentraining\",\"isPartOf\":{\"@id\":\"https:\\\/\\\/rockmaster.com.pl\\\/de\\\/#website\"},\"primaryImageOfPage\":{\"@id\":\"https:\\\/\\\/rockmaster.com.pl\\\/de\\\/produkte\\\/quadropod-ankerpfosten-fuer-deckenschalungen-aus-holz\\\/#primaryimage\"},\"image\":{\"@id\":\"https:\\\/\\\/rockmaster.com.pl\\\/de\\\/produkte\\\/quadropod-ankerpfosten-fuer-deckenschalungen-aus-holz\\\/#primaryimage\"},\"thumbnailUrl\":\"https:\\\/\\\/rockmaster.com.pl\\\/wp-content\\\/uploads\\\/2024\\\/04\\\/QUADROPOD_bez-tla-1.webp\",\"datePublished\":\"2024-04-12T08:47:27+00:00\",\"dateModified\":\"2024-09-16T07:18:33+00:00\",\"breadcrumb\":{\"@id\":\"https:\\\/\\\/rockmaster.com.pl\\\/de\\\/produkte\\\/quadropod-ankerpfosten-fuer-deckenschalungen-aus-holz\\\/#breadcrumb\"},\"inLanguage\":\"de\",\"potentialAction\":[{\"@type\":\"ReadAction\",\"target\":[\"https:\\\/\\\/rockmaster.com.pl\\\/de\\\/produkte\\\/quadropod-ankerpfosten-fuer-deckenschalungen-aus-holz\\\/\"]}]},{\"@type\":\"ImageObject\",\"inLanguage\":\"de\",\"@id\":\"https:\\\/\\\/rockmaster.com.pl\\\/de\\\/produkte\\\/quadropod-ankerpfosten-fuer-deckenschalungen-aus-holz\\\/#primaryimage\",\"url\":\"https:\\\/\\\/rockmaster.com.pl\\\/wp-content\\\/uploads\\\/2024\\\/04\\\/QUADROPOD_bez-tla-1.webp\",\"contentUrl\":\"https:\\\/\\\/rockmaster.com.pl\\\/wp-content\\\/uploads\\\/2024\\\/04\\\/QUADROPOD_bez-tla-1.webp\"},{\"@type\":\"BreadcrumbList\",\"@id\":\"https:\\\/\\\/rockmaster.com.pl\\\/de\\\/produkte\\\/quadropod-ankerpfosten-fuer-deckenschalungen-aus-holz\\\/#breadcrumb\",\"itemListElement\":[{\"@type\":\"ListItem\",\"position\":1,\"name\":\"Produkte\",\"item\":\"https:\\\/\\\/rockmaster.com.pl\\\/de\\\/produkty\\\/\"},{\"@type\":\"ListItem\",\"position\":2,\"name\":\"Quadropod \u2013 Ankerpfosten f\u00fcr deckenschalungen aus holz\"}]},{\"@type\":\"WebSite\",\"@id\":\"https:\\\/\\\/rockmaster.com.pl\\\/de\\\/#website\",\"url\":\"https:\\\/\\\/rockmaster.com.pl\\\/de\\\/\",\"name\":\"ROCK MASTER Szkolenia wysoko\u015bciowe\",\"description\":\"Bezpieczna praca na wysoko\u015bci\",\"publisher\":{\"@id\":\"https:\\\/\\\/rockmaster.com.pl\\\/de\\\/#organization\"},\"potentialAction\":[{\"@type\":\"SearchAction\",\"target\":{\"@type\":\"EntryPoint\",\"urlTemplate\":\"https:\\\/\\\/rockmaster.com.pl\\\/de\\\/?s={search_term_string}\"},\"query-input\":{\"@type\":\"PropertyValueSpecification\",\"valueRequired\":true,\"valueName\":\"search_term_string\"}}],\"inLanguage\":\"de\"},{\"@type\":\"Organization\",\"@id\":\"https:\\\/\\\/rockmaster.com.pl\\\/de\\\/#organization\",\"name\":\"ROCK MASTER Szkolenia wysoko\u015bciowe\",\"url\":\"https:\\\/\\\/rockmaster.com.pl\\\/de\\\/\",\"logo\":{\"@type\":\"ImageObject\",\"inLanguage\":\"de\",\"@id\":\"https:\\\/\\\/rockmaster.com.pl\\\/de\\\/#\\\/schema\\\/logo\\\/image\\\/\",\"url\":\"https:\\\/\\\/rockmaster.com.pl\\\/wp-content\\\/uploads\\\/2023\\\/09\\\/Logo-Pionowe-z-tagline-1.png\",\"contentUrl\":\"https:\\\/\\\/rockmaster.com.pl\\\/wp-content\\\/uploads\\\/2023\\\/09\\\/Logo-Pionowe-z-tagline-1.png\",\"width\":880,\"height\":880,\"caption\":\"ROCK MASTER Szkolenia wysoko\u015bciowe\"},\"image\":{\"@id\":\"https:\\\/\\\/rockmaster.com.pl\\\/de\\\/#\\\/schema\\\/logo\\\/image\\\/\"},\"sameAs\":[\"https:\\\/\\\/www.facebook.com\\\/rock.master.bezpieczna.praca.na.wysokosci\"]}]}<\/script>\n<!-- \/ Yoast SEO plugin. -->","yoast_head_json":{"title":"Quadropod \u2013 Ankerpfosten f\u00fcr deckenschalungen aus holz - ROCK MASTER H\u00f6hentraining","robots":{"index":"index","follow":"follow","max-snippet":"max-snippet:-1","max-image-preview":"max-image-preview:large","max-video-preview":"max-video-preview:-1"},"canonical":"https:\/\/rockmaster.com.pl\/de\/produkte\/quadropod-ankerpfosten-fuer-deckenschalungen-aus-holz\/","og_locale":"de_DE","og_type":"article","og_title":"Quadropod \u2013 Ankerpfosten f\u00fcr deckenschalungen aus holz - ROCK MASTER H\u00f6hentraining","og_description":"Quadropod \u2013 Ankerpfosten f\u00fcr deckenschalungen aus holz Charakteristisch Der SQ10-Ankerpfosten ist f\u00fcr die Montage an horizontalen Schalungsbrettern (Holz) bei Deckenschalungen konzipiert. SQ10 erf\u00fcllt die Anforderungen der EN 795:2012 Typ A f\u00fcr die gleichzeitige Verwendung durch 2 Personen. Das einzigartige Design des Pfostens bietet auch eine energiedampfende Funktion \u2013 was sowohl die Arbeitenden sch\u00fctzt wie auch [&hellip;]","og_url":"https:\/\/rockmaster.com.pl\/de\/produkte\/quadropod-ankerpfosten-fuer-deckenschalungen-aus-holz\/","og_site_name":"ROCK MASTER H\u00f6hentraining","article_publisher":"https:\/\/www.facebook.com\/rock.master.bezpieczna.praca.na.wysokosci","article_modified_time":"2024-09-16T07:18:33+00:00","og_image":[{"url":"https:\/\/rockmaster.com.pl\/wp-content\/uploads\/2024\/04\/QUADROPOD_bez-tla-1.webp","type":"","width":"","height":""}],"twitter_card":"summary_large_image","twitter_misc":{"Gesch\u00e4tzte Lesezeit":"2\u00a0Minuten"},"schema":{"@context":"https:\/\/schema.org","@graph":[{"@type":"WebPage","@id":"https:\/\/rockmaster.com.pl\/de\/produkte\/quadropod-ankerpfosten-fuer-deckenschalungen-aus-holz\/","url":"https:\/\/rockmaster.com.pl\/de\/produkte\/quadropod-ankerpfosten-fuer-deckenschalungen-aus-holz\/","name":"Quadropod \u2013 Ankerpfosten f\u00fcr deckenschalungen aus holz - ROCK MASTER H\u00f6hentraining","isPartOf":{"@id":"https:\/\/rockmaster.com.pl\/de\/#website"},"primaryImageOfPage":{"@id":"https:\/\/rockmaster.com.pl\/de\/produkte\/quadropod-ankerpfosten-fuer-deckenschalungen-aus-holz\/#primaryimage"},"image":{"@id":"https:\/\/rockmaster.com.pl\/de\/produkte\/quadropod-ankerpfosten-fuer-deckenschalungen-aus-holz\/#primaryimage"},"thumbnailUrl":"https:\/\/rockmaster.com.pl\/wp-content\/uploads\/2024\/04\/QUADROPOD_bez-tla-1.webp","datePublished":"2024-04-12T08:47:27+00:00","dateModified":"2024-09-16T07:18:33+00:00","breadcrumb":{"@id":"https:\/\/rockmaster.com.pl\/de\/produkte\/quadropod-ankerpfosten-fuer-deckenschalungen-aus-holz\/#breadcrumb"},"inLanguage":"de","potentialAction":[{"@type":"ReadAction","target":["https:\/\/rockmaster.com.pl\/de\/produkte\/quadropod-ankerpfosten-fuer-deckenschalungen-aus-holz\/"]}]},{"@type":"ImageObject","inLanguage":"de","@id":"https:\/\/rockmaster.com.pl\/de\/produkte\/quadropod-ankerpfosten-fuer-deckenschalungen-aus-holz\/#primaryimage","url":"https:\/\/rockmaster.com.pl\/wp-content\/uploads\/2024\/04\/QUADROPOD_bez-tla-1.webp","contentUrl":"https:\/\/rockmaster.com.pl\/wp-content\/uploads\/2024\/04\/QUADROPOD_bez-tla-1.webp"},{"@type":"BreadcrumbList","@id":"https:\/\/rockmaster.com.pl\/de\/produkte\/quadropod-ankerpfosten-fuer-deckenschalungen-aus-holz\/#breadcrumb","itemListElement":[{"@type":"ListItem","position":1,"name":"Produkte","item":"https:\/\/rockmaster.com.pl\/de\/produkty\/"},{"@type":"ListItem","position":2,"name":"Quadropod \u2013 Ankerpfosten f\u00fcr deckenschalungen aus holz"}]},{"@type":"WebSite","@id":"https:\/\/rockmaster.com.pl\/de\/#website","url":"https:\/\/rockmaster.com.pl\/de\/","name":"ROCK MASTER Szkolenia wysoko\u015bciowe","description":"Bezpieczna praca na wysoko\u015bci","publisher":{"@id":"https:\/\/rockmaster.com.pl\/de\/#organization"},"potentialAction":[{"@type":"SearchAction","target":{"@type":"EntryPoint","urlTemplate":"https:\/\/rockmaster.com.pl\/de\/?s={search_term_string}"},"query-input":{"@type":"PropertyValueSpecification","valueRequired":true,"valueName":"search_term_string"}}],"inLanguage":"de"},{"@type":"Organization","@id":"https:\/\/rockmaster.com.pl\/de\/#organization","name":"ROCK MASTER Szkolenia wysoko\u015bciowe","url":"https:\/\/rockmaster.com.pl\/de\/","logo":{"@type":"ImageObject","inLanguage":"de","@id":"https:\/\/rockmaster.com.pl\/de\/#\/schema\/logo\/image\/","url":"https:\/\/rockmaster.com.pl\/wp-content\/uploads\/2023\/09\/Logo-Pionowe-z-tagline-1.png","contentUrl":"https:\/\/rockmaster.com.pl\/wp-content\/uploads\/2023\/09\/Logo-Pionowe-z-tagline-1.png","width":880,"height":880,"caption":"ROCK MASTER Szkolenia wysoko\u015bciowe"},"image":{"@id":"https:\/\/rockmaster.com.pl\/de\/#\/schema\/logo\/image\/"},"sameAs":["https:\/\/www.facebook.com\/rock.master.bezpieczna.praca.na.wysokosci"]}]}},"_links":{"self":[{"href":"https:\/\/rockmaster.com.pl\/de\/wp-json\/wp\/v2\/pages\/21113","targetHints":{"allow":["GET"]}}],"collection":[{"href":"https:\/\/rockmaster.com.pl\/de\/wp-json\/wp\/v2\/pages"}],"about":[{"href":"https:\/\/rockmaster.com.pl\/de\/wp-json\/wp\/v2\/types\/page"}],"author":[{"embeddable":true,"href":"https:\/\/rockmaster.com.pl\/de\/wp-json\/wp\/v2\/users\/1"}],"replies":[{"embeddable":true,"href":"https:\/\/rockmaster.com.pl\/de\/wp-json\/wp\/v2\/comments?post=21113"}],"version-history":[{"count":10,"href":"https:\/\/rockmaster.com.pl\/de\/wp-json\/wp\/v2\/pages\/21113\/revisions"}],"predecessor-version":[{"id":26007,"href":"https:\/\/rockmaster.com.pl\/de\/wp-json\/wp\/v2\/pages\/21113\/revisions\/26007"}],"up":[{"embeddable":true,"href":"https:\/\/rockmaster.com.pl\/de\/wp-json\/wp\/v2\/pages\/20384"}],"wp:attachment":[{"href":"https:\/\/rockmaster.com.pl\/de\/wp-json\/wp\/v2\/media?parent=21113"}],"curies":[{"name":"wp","href":"https:\/\/api.w.org\/{rel}","templated":true}]}}