{"id":20824,"date":"2023-10-02T13:52:18","date_gmt":"2023-10-02T13:52:18","guid":{"rendered":"https:\/\/rockmaster.proadax-dev.pl\/?page_id=20824"},"modified":"2024-09-18T04:05:03","modified_gmt":"2024-09-18T04:05:03","slug":"installationsarbeiten","status":"publish","type":"page","link":"https:\/\/rockmaster.com.pl\/de\/dienstleistungen\/installationsarbeiten\/","title":{"rendered":"Installationsarbeiten"},"content":{"rendered":"\t\t<div data-elementor-type=\"wp-page\" data-elementor-id=\"20824\" class=\"elementor elementor-20824 elementor-54\" data-elementor-post-type=\"page\">\n\t\t\t\t\t\t<section class=\"elementor-section elementor-top-section elementor-element elementor-element-2c6d309 elementor-section-height-min-height elementor-section-boxed elementor-section-height-default elementor-section-items-middle\" data-id=\"2c6d309\" data-element_type=\"section\" data-e-type=\"section\" data-settings=\"{&quot;background_background&quot;:&quot;classic&quot;}\">\n\t\t\t\t\t\t\t<div class=\"elementor-background-overlay\"><\/div>\n\t\t\t\t\t\t\t<div class=\"elementor-container elementor-column-gap-default\">\n\t\t\t\t\t<div class=\"elementor-column elementor-col-100 elementor-top-column elementor-element elementor-element-167d6d42\" data-id=\"167d6d42\" data-element_type=\"column\" data-e-type=\"column\">\n\t\t\t<div class=\"elementor-widget-wrap elementor-element-populated\">\n\t\t\t\t\t\t<div class=\"elementor-element elementor-element-69646c0 elementor-widget elementor-widget-elementskit-heading\" data-id=\"69646c0\" data-element_type=\"widget\" data-e-type=\"widget\" data-widget_type=\"elementskit-heading.default\">\n\t\t\t\t<div class=\"elementor-widget-container\">\n\t\t\t\t\t<div class=\"ekit-wid-con\" ><div class=\"ekit-heading elementskit-section-title-wraper text_left   ekit_heading_tablet-   ekit_heading_mobile-text_center\"><h1 class=\"ekit-heading--title elementskit-section-title \">Installationsarbeiten<\/h1><\/div><\/div>\t\t\t\t<\/div>\n\t\t\t\t<\/div>\n\t\t\t\t\t<\/div>\n\t\t<\/div>\n\t\t\t\t\t<\/div>\n\t\t<\/section>\n\t\t\t\t<section class=\"elementor-section elementor-top-section elementor-element elementor-element-1b686396 elementor-section-boxed elementor-section-height-default elementor-section-height-default\" data-id=\"1b686396\" data-element_type=\"section\" data-e-type=\"section\">\n\t\t\t\t\t\t<div class=\"elementor-container elementor-column-gap-default\">\n\t\t\t\t\t<div class=\"elementor-column elementor-col-100 elementor-top-column elementor-element elementor-element-1c3ac5b\" data-id=\"1c3ac5b\" data-element_type=\"column\" data-e-type=\"column\">\n\t\t\t<div class=\"elementor-widget-wrap\">\n\t\t\t\t\t\t\t<\/div>\n\t\t<\/div>\n\t\t\t\t\t<\/div>\n\t\t<\/section>\n\t\t\t\t<section class=\"elementor-section elementor-top-section elementor-element elementor-element-2bfaae53 elementor-section-boxed elementor-section-height-default elementor-section-height-default\" data-id=\"2bfaae53\" data-element_type=\"section\" data-e-type=\"section\">\n\t\t\t\t\t\t<div class=\"elementor-container elementor-column-gap-default\">\n\t\t\t\t\t<div class=\"elementor-column elementor-col-100 elementor-top-column elementor-element elementor-element-13f1ad6d\" data-id=\"13f1ad6d\" data-element_type=\"column\" data-e-type=\"column\">\n\t\t\t<div class=\"elementor-widget-wrap elementor-element-populated\">\n\t\t\t\t\t\t<div class=\"elementor-element elementor-element-621a9a0 elementor-widget elementor-widget-elementskit-heading\" data-id=\"621a9a0\" data-element_type=\"widget\" data-e-type=\"widget\" data-widget_type=\"elementskit-heading.default\">\n\t\t\t\t<div class=\"elementor-widget-container\">\n\t\t\t\t\t<div class=\"ekit-wid-con\" ><div class=\"ekit-heading elementskit-section-title-wraper text_center   ekit_heading_tablet-   ekit_heading_mobile-\"><h3 class=\"ekit-heading--title elementskit-section-title \">Installation von Systemen zur Absturzsicherungn<\/h3>\t\t\t\t<div class='ekit-heading__description'>\n\t\t\t\t\t<p><span style=\"font-weight: 400\">Wir helfen Ihnen, Ihren Arbeitsplatz in einen sicheren Raum zu verwandeln. Wir bieten Rettungsleinen, das Top Master \u00dcberkopfsystem, das Track Master Dachzugangssystem, Ankerpunkte und andere Systeme zur Absturzsicherung nach den h\u00f6chsten Sicherheitsstandards an<\/span><\/p>\n\t\t\t\t<\/div>\n\t\t\t<\/div><\/div>\t\t\t\t<\/div>\n\t\t\t\t<\/div>\n\t\t\t\t<div class=\"elementor-element elementor-element-fd954c6 elementor-widget elementor-widget-elementskit-heading\" data-id=\"fd954c6\" data-element_type=\"widget\" data-e-type=\"widget\" data-widget_type=\"elementskit-heading.default\">\n\t\t\t\t<div class=\"elementor-widget-container\">\n\t\t\t\t\t<div class=\"ekit-wid-con\" ><div class=\"ekit-heading elementskit-section-title-wraper text_center   ekit_heading_tablet-   ekit_heading_mobile-\"><h3 class=\"ekit-heading--title elementskit-section-title \">Warum sollen Sie Rock Master w\u00e4hlen?<\/h3>\t\t\t\t<div class='ekit-heading__description'>\n\t\t\t\t\t<p><span style=\"font-weight: 400\">Ein erfahrenes Team, individuelle L\u00f6sungen und die Verwendung von zertifizierten und innovativen Komponenten sind nur einige der Gr\u00fcnde, warum unsere Kunden uns vertrauen. Wir gehen jedes Projekt individuell an und bieten L\u00f6sungen, die perfekt auf die spezifischen Bed\u00fcrfnisse zugeschnitten sind.<\/span><\/p>\n\t\t\t\t<\/div>\n\t\t\t<\/div><\/div>\t\t\t\t<\/div>\n\t\t\t\t<\/div>\n\t\t\t\t\t<\/div>\n\t\t<\/div>\n\t\t\t\t\t<\/div>\n\t\t<\/section>\n\t\t\t\t<section class=\"elementor-section elementor-top-section elementor-element elementor-element-16eb17ca elementor-section-full_width elementor-section-height-default elementor-section-height-default\" data-id=\"16eb17ca\" data-element_type=\"section\" data-e-type=\"section\" data-settings=\"{&quot;background_background&quot;:&quot;classic&quot;}\">\n\t\t\t\t\t\t<div class=\"elementor-container elementor-column-gap-default\">\n\t\t\t\t\t<div class=\"elementor-column elementor-col-50 elementor-top-column elementor-element elementor-element-32e03c88\" data-id=\"32e03c88\" data-element_type=\"column\" data-e-type=\"column\" data-settings=\"{&quot;background_background&quot;:&quot;classic&quot;}\">\n\t\t\t<div class=\"elementor-widget-wrap elementor-element-populated\">\n\t\t\t\t\t\t<div class=\"elementor-element elementor-element-793d0ab1 elementor-widget-mobile__width-initial elementor-widget elementor-widget-elementskit-heading\" data-id=\"793d0ab1\" data-element_type=\"widget\" data-e-type=\"widget\" data-widget_type=\"elementskit-heading.default\">\n\t\t\t\t<div class=\"elementor-widget-container\">\n\t\t\t\t\t<div class=\"ekit-wid-con\" ><div class=\"ekit-heading elementskit-section-title-wraper    ekit_heading_tablet-   ekit_heading_mobile-text_left\"><h3 class=\"elementskit-section-subtitle  \">\n\t\t\t\t\t\tMachen Sie einen Schritt in eine sichere Zukunft\n\t\t\t\t\t<\/h3><h3 class=\"ekit-heading--title elementskit-section-title \">Bereit f\u00fcr die Montage? Kontaktiere uns!<\/h3><\/div><\/div>\t\t\t\t<\/div>\n\t\t\t\t<\/div>\n\t\t\t\t<div class=\"elementor-element elementor-element-384a7889 elementor-widget-mobile__width-initial elementor-widget elementor-widget-text-editor\" data-id=\"384a7889\" data-element_type=\"widget\" data-e-type=\"widget\" data-widget_type=\"text-editor.default\">\n\t\t\t\t<div class=\"elementor-widget-container\">\n\t\t\t\t\t\t\t\t\t<p>Wenn Sie bereit sind, die Sicherheit in Ihrer Industrieanlage oder auf Ihrem Dach zu erh\u00f6hen, sind unsere Experten f\u00fcr Sie da. Klicken Sie unten und beginnen Sie einen Dialog \u00fcber Sicherheit in der H\u00f6he<\/p>\t\t\t\t\t\t\t\t<\/div>\n\t\t\t\t<\/div>\n\t\t\t\t<div class=\"elementor-element elementor-element-2fe05d58 elementor-align-left elementor-widget-mobile__width-initial elementor-widget elementor-widget-elementskit-button\" data-id=\"2fe05d58\" data-element_type=\"widget\" data-e-type=\"widget\" data-widget_type=\"elementskit-button.default\">\n\t\t\t\t<div class=\"elementor-widget-container\">\n\t\t\t\t\t<div class=\"ekit-wid-con\" >\t\t<div class=\"ekit-btn-wraper\">\n\t\t\t\t\t\t\t<a href=\"\/de\/kontakt\/\" class=\"elementskit-btn  whitespace--normal\" id=\"\">\n\t\t\t\t\tVereinbaren Sie einen Beratungstermin\t\t\t\t<\/a>\n\t\t\t\t\t<\/div>\n        <\/div>\t\t\t\t<\/div>\n\t\t\t\t<\/div>\n\t\t\t\t\t<\/div>\n\t\t<\/div>\n\t\t\t\t<div class=\"elementor-column elementor-col-50 elementor-top-column elementor-element elementor-element-5a2154a\" data-id=\"5a2154a\" data-element_type=\"column\" data-e-type=\"column\" data-settings=\"{&quot;background_background&quot;:&quot;classic&quot;}\">\n\t\t\t<div class=\"elementor-widget-wrap elementor-element-populated\">\n\t\t\t\t\t\t\t<\/div>\n\t\t<\/div>\n\t\t\t\t\t<\/div>\n\t\t<\/section>\n\t\t\t\t<\/div>\n\t\t","protected":false},"excerpt":{"rendered":"<p>Installationsarbeiten Installation von Systemen zur Absturzsicherungn Wir helfen Ihnen, Ihren Arbeitsplatz in einen sicheren Raum zu verwandeln. Wir bieten Rettungsleinen, das Top Master \u00dcberkopfsystem, das Track Master Dachzugangssystem, Ankerpunkte und andere Systeme zur Absturzsicherung nach den h\u00f6chsten Sicherheitsstandards an Warum sollen Sie Rock Master w\u00e4hlen? Ein erfahrenes Team, individuelle L\u00f6sungen und die Verwendung von zertifizierten [&hellip;]<\/p>\n","protected":false},"author":1,"featured_media":0,"parent":20803,"menu_order":0,"comment_status":"closed","ping_status":"closed","template":"","meta":{"site-sidebar-layout":"no-sidebar","site-content-layout":"","ast-site-content-layout":"full-width-container","site-content-style":"default","site-sidebar-style":"default","ast-global-header-display":"","ast-banner-title-visibility":"","ast-main-header-display":"","ast-hfb-above-header-display":"","ast-hfb-below-header-display":"","ast-hfb-mobile-header-display":"","site-post-title":"disabled","ast-breadcrumbs-content":"","ast-featured-img":"disabled","footer-sml-layout":"","ast-disable-related-posts":"","theme-transparent-header-meta":"","adv-header-id-meta":"","stick-header-meta":"","header-above-stick-meta":"","header-main-stick-meta":"","header-below-stick-meta":"","astra-migrate-meta-layouts":"default","ast-page-background-enabled":"default","ast-page-background-meta":{"desktop":{"background-color":"var(--ast-global-color-4)","background-image":"","background-repeat":"repeat","background-position":"center center","background-size":"auto","background-attachment":"scroll","background-type":"","background-media":"","overlay-type":"","overlay-color":"","overlay-opacity":"","overlay-gradient":""},"tablet":{"background-color":"","background-image":"","background-repeat":"repeat","background-position":"center center","background-size":"auto","background-attachment":"scroll","background-type":"","background-media":"","overlay-type":"","overlay-color":"","overlay-opacity":"","overlay-gradient":""},"mobile":{"background-color":"","background-image":"","background-repeat":"repeat","background-position":"center center","background-size":"auto","background-attachment":"scroll","background-type":"","background-media":"","overlay-type":"","overlay-color":"","overlay-opacity":"","overlay-gradient":""}},"ast-content-background-meta":{"desktop":{"background-color":"var(--ast-global-color-5)","background-image":"","background-repeat":"repeat","background-position":"center center","background-size":"auto","background-attachment":"scroll","background-type":"","background-media":"","overlay-type":"","overlay-color":"","overlay-opacity":"","overlay-gradient":""},"tablet":{"background-color":"var(--ast-global-color-5)","background-image":"","background-repeat":"repeat","background-position":"center center","background-size":"auto","background-attachment":"scroll","background-type":"","background-media":"","overlay-type":"","overlay-color":"","overlay-opacity":"","overlay-gradient":""},"mobile":{"background-color":"var(--ast-global-color-5)","background-image":"","background-repeat":"repeat","background-position":"center center","background-size":"auto","background-attachment":"scroll","background-type":"","background-media":"","overlay-type":"","overlay-color":"","overlay-opacity":"","overlay-gradient":""}},"footnotes":""},"class_list":["post-20824","page","type-page","status-publish","hentry"],"yoast_head":"<!-- This site is optimized with the Yoast SEO plugin v27.6 - https:\/\/yoast.com\/product\/yoast-seo-wordpress\/ -->\n<title>Installationsarbeiten - ROCK MASTER H\u00f6hentraining<\/title>\n<meta name=\"robots\" content=\"index, follow, max-snippet:-1, max-image-preview:large, max-video-preview:-1\" \/>\n<link rel=\"canonical\" href=\"https:\/\/rockmaster.com.pl\/de\/dienstleistungen\/installationsarbeiten\/\" \/>\n<meta property=\"og:locale\" content=\"de_DE\" \/>\n<meta property=\"og:type\" content=\"article\" \/>\n<meta property=\"og:title\" content=\"Installationsarbeiten - ROCK MASTER H\u00f6hentraining\" \/>\n<meta property=\"og:description\" content=\"Installationsarbeiten Installation von Systemen zur Absturzsicherungn Wir helfen Ihnen, Ihren Arbeitsplatz in einen sicheren Raum zu verwandeln. Wir bieten Rettungsleinen, das Top Master \u00dcberkopfsystem, das Track Master Dachzugangssystem, Ankerpunkte und andere Systeme zur Absturzsicherung nach den h\u00f6chsten Sicherheitsstandards an Warum sollen Sie Rock Master w\u00e4hlen? Ein erfahrenes Team, individuelle L\u00f6sungen und die Verwendung von zertifizierten [&hellip;]\" \/>\n<meta property=\"og:url\" content=\"https:\/\/rockmaster.com.pl\/de\/dienstleistungen\/installationsarbeiten\/\" \/>\n<meta property=\"og:site_name\" content=\"ROCK MASTER H\u00f6hentraining\" \/>\n<meta property=\"article:publisher\" content=\"https:\/\/www.facebook.com\/rock.master.bezpieczna.praca.na.wysokosci\" \/>\n<meta property=\"article:modified_time\" content=\"2024-09-18T04:05:03+00:00\" \/>\n<meta property=\"og:image\" content=\"https:\/\/rockmaster.com.pl\/wp-content\/uploads\/2023\/09\/Logo-Pionowe-z-tagline-1.png\" \/>\n\t<meta property=\"og:image:width\" content=\"880\" \/>\n\t<meta property=\"og:image:height\" content=\"880\" \/>\n\t<meta property=\"og:image:type\" content=\"image\/png\" \/>\n<meta name=\"twitter:card\" content=\"summary_large_image\" \/>\n<meta name=\"twitter:label1\" content=\"Gesch\u00e4tzte Lesezeit\" \/>\n\t<meta name=\"twitter:data1\" content=\"1\u00a0Minute\" \/>\n<script type=\"application\/ld+json\" class=\"yoast-schema-graph\">{\"@context\":\"https:\\\/\\\/schema.org\",\"@graph\":[{\"@type\":\"WebPage\",\"@id\":\"https:\\\/\\\/rockmaster.com.pl\\\/de\\\/dienstleistungen\\\/installationsarbeiten\\\/\",\"url\":\"https:\\\/\\\/rockmaster.com.pl\\\/de\\\/dienstleistungen\\\/installationsarbeiten\\\/\",\"name\":\"Installationsarbeiten - ROCK MASTER H\u00f6hentraining\",\"isPartOf\":{\"@id\":\"https:\\\/\\\/rockmaster.com.pl\\\/de\\\/#website\"},\"datePublished\":\"2023-10-02T13:52:18+00:00\",\"dateModified\":\"2024-09-18T04:05:03+00:00\",\"breadcrumb\":{\"@id\":\"https:\\\/\\\/rockmaster.com.pl\\\/de\\\/dienstleistungen\\\/installationsarbeiten\\\/#breadcrumb\"},\"inLanguage\":\"de\",\"potentialAction\":[{\"@type\":\"ReadAction\",\"target\":[\"https:\\\/\\\/rockmaster.com.pl\\\/de\\\/dienstleistungen\\\/installationsarbeiten\\\/\"]}]},{\"@type\":\"BreadcrumbList\",\"@id\":\"https:\\\/\\\/rockmaster.com.pl\\\/de\\\/dienstleistungen\\\/installationsarbeiten\\\/#breadcrumb\",\"itemListElement\":[{\"@type\":\"ListItem\",\"position\":1,\"name\":\"Dienstleistungen\",\"item\":\"https:\\\/\\\/rockmaster.com.pl\\\/de\\\/uslugi\\\/\"},{\"@type\":\"ListItem\",\"position\":2,\"name\":\"Installationsarbeiten\"}]},{\"@type\":\"WebSite\",\"@id\":\"https:\\\/\\\/rockmaster.com.pl\\\/de\\\/#website\",\"url\":\"https:\\\/\\\/rockmaster.com.pl\\\/de\\\/\",\"name\":\"ROCK MASTER Szkolenia wysoko\u015bciowe\",\"description\":\"Bezpieczna praca na wysoko\u015bci\",\"publisher\":{\"@id\":\"https:\\\/\\\/rockmaster.com.pl\\\/de\\\/#organization\"},\"potentialAction\":[{\"@type\":\"SearchAction\",\"target\":{\"@type\":\"EntryPoint\",\"urlTemplate\":\"https:\\\/\\\/rockmaster.com.pl\\\/de\\\/?s={search_term_string}\"},\"query-input\":{\"@type\":\"PropertyValueSpecification\",\"valueRequired\":true,\"valueName\":\"search_term_string\"}}],\"inLanguage\":\"de\"},{\"@type\":\"Organization\",\"@id\":\"https:\\\/\\\/rockmaster.com.pl\\\/de\\\/#organization\",\"name\":\"ROCK MASTER Szkolenia wysoko\u015bciowe\",\"url\":\"https:\\\/\\\/rockmaster.com.pl\\\/de\\\/\",\"logo\":{\"@type\":\"ImageObject\",\"inLanguage\":\"de\",\"@id\":\"https:\\\/\\\/rockmaster.com.pl\\\/de\\\/#\\\/schema\\\/logo\\\/image\\\/\",\"url\":\"https:\\\/\\\/rockmaster.com.pl\\\/wp-content\\\/uploads\\\/2023\\\/09\\\/Logo-Pionowe-z-tagline-1.png\",\"contentUrl\":\"https:\\\/\\\/rockmaster.com.pl\\\/wp-content\\\/uploads\\\/2023\\\/09\\\/Logo-Pionowe-z-tagline-1.png\",\"width\":880,\"height\":880,\"caption\":\"ROCK MASTER Szkolenia wysoko\u015bciowe\"},\"image\":{\"@id\":\"https:\\\/\\\/rockmaster.com.pl\\\/de\\\/#\\\/schema\\\/logo\\\/image\\\/\"},\"sameAs\":[\"https:\\\/\\\/www.facebook.com\\\/rock.master.bezpieczna.praca.na.wysokosci\"]}]}<\/script>\n<!-- \/ Yoast SEO plugin. -->","yoast_head_json":{"title":"Installationsarbeiten - ROCK MASTER H\u00f6hentraining","robots":{"index":"index","follow":"follow","max-snippet":"max-snippet:-1","max-image-preview":"max-image-preview:large","max-video-preview":"max-video-preview:-1"},"canonical":"https:\/\/rockmaster.com.pl\/de\/dienstleistungen\/installationsarbeiten\/","og_locale":"de_DE","og_type":"article","og_title":"Installationsarbeiten - ROCK MASTER H\u00f6hentraining","og_description":"Installationsarbeiten Installation von Systemen zur Absturzsicherungn Wir helfen Ihnen, Ihren Arbeitsplatz in einen sicheren Raum zu verwandeln. Wir bieten Rettungsleinen, das Top Master \u00dcberkopfsystem, das Track Master Dachzugangssystem, Ankerpunkte und andere Systeme zur Absturzsicherung nach den h\u00f6chsten Sicherheitsstandards an Warum sollen Sie Rock Master w\u00e4hlen? Ein erfahrenes Team, individuelle L\u00f6sungen und die Verwendung von zertifizierten [&hellip;]","og_url":"https:\/\/rockmaster.com.pl\/de\/dienstleistungen\/installationsarbeiten\/","og_site_name":"ROCK MASTER H\u00f6hentraining","article_publisher":"https:\/\/www.facebook.com\/rock.master.bezpieczna.praca.na.wysokosci","article_modified_time":"2024-09-18T04:05:03+00:00","og_image":[{"width":880,"height":880,"url":"https:\/\/rockmaster.com.pl\/wp-content\/uploads\/2023\/09\/Logo-Pionowe-z-tagline-1.png","type":"image\/png"}],"twitter_card":"summary_large_image","twitter_misc":{"Gesch\u00e4tzte Lesezeit":"1\u00a0Minute"},"schema":{"@context":"https:\/\/schema.org","@graph":[{"@type":"WebPage","@id":"https:\/\/rockmaster.com.pl\/de\/dienstleistungen\/installationsarbeiten\/","url":"https:\/\/rockmaster.com.pl\/de\/dienstleistungen\/installationsarbeiten\/","name":"Installationsarbeiten - ROCK MASTER H\u00f6hentraining","isPartOf":{"@id":"https:\/\/rockmaster.com.pl\/de\/#website"},"datePublished":"2023-10-02T13:52:18+00:00","dateModified":"2024-09-18T04:05:03+00:00","breadcrumb":{"@id":"https:\/\/rockmaster.com.pl\/de\/dienstleistungen\/installationsarbeiten\/#breadcrumb"},"inLanguage":"de","potentialAction":[{"@type":"ReadAction","target":["https:\/\/rockmaster.com.pl\/de\/dienstleistungen\/installationsarbeiten\/"]}]},{"@type":"BreadcrumbList","@id":"https:\/\/rockmaster.com.pl\/de\/dienstleistungen\/installationsarbeiten\/#breadcrumb","itemListElement":[{"@type":"ListItem","position":1,"name":"Dienstleistungen","item":"https:\/\/rockmaster.com.pl\/de\/uslugi\/"},{"@type":"ListItem","position":2,"name":"Installationsarbeiten"}]},{"@type":"WebSite","@id":"https:\/\/rockmaster.com.pl\/de\/#website","url":"https:\/\/rockmaster.com.pl\/de\/","name":"ROCK MASTER Szkolenia wysoko\u015bciowe","description":"Bezpieczna praca na wysoko\u015bci","publisher":{"@id":"https:\/\/rockmaster.com.pl\/de\/#organization"},"potentialAction":[{"@type":"SearchAction","target":{"@type":"EntryPoint","urlTemplate":"https:\/\/rockmaster.com.pl\/de\/?s={search_term_string}"},"query-input":{"@type":"PropertyValueSpecification","valueRequired":true,"valueName":"search_term_string"}}],"inLanguage":"de"},{"@type":"Organization","@id":"https:\/\/rockmaster.com.pl\/de\/#organization","name":"ROCK MASTER Szkolenia wysoko\u015bciowe","url":"https:\/\/rockmaster.com.pl\/de\/","logo":{"@type":"ImageObject","inLanguage":"de","@id":"https:\/\/rockmaster.com.pl\/de\/#\/schema\/logo\/image\/","url":"https:\/\/rockmaster.com.pl\/wp-content\/uploads\/2023\/09\/Logo-Pionowe-z-tagline-1.png","contentUrl":"https:\/\/rockmaster.com.pl\/wp-content\/uploads\/2023\/09\/Logo-Pionowe-z-tagline-1.png","width":880,"height":880,"caption":"ROCK MASTER Szkolenia wysoko\u015bciowe"},"image":{"@id":"https:\/\/rockmaster.com.pl\/de\/#\/schema\/logo\/image\/"},"sameAs":["https:\/\/www.facebook.com\/rock.master.bezpieczna.praca.na.wysokosci"]}]}},"_links":{"self":[{"href":"https:\/\/rockmaster.com.pl\/de\/wp-json\/wp\/v2\/pages\/20824","targetHints":{"allow":["GET"]}}],"collection":[{"href":"https:\/\/rockmaster.com.pl\/de\/wp-json\/wp\/v2\/pages"}],"about":[{"href":"https:\/\/rockmaster.com.pl\/de\/wp-json\/wp\/v2\/types\/page"}],"author":[{"embeddable":true,"href":"https:\/\/rockmaster.com.pl\/de\/wp-json\/wp\/v2\/users\/1"}],"replies":[{"embeddable":true,"href":"https:\/\/rockmaster.com.pl\/de\/wp-json\/wp\/v2\/comments?post=20824"}],"version-history":[{"count":10,"href":"https:\/\/rockmaster.com.pl\/de\/wp-json\/wp\/v2\/pages\/20824\/revisions"}],"predecessor-version":[{"id":26126,"href":"https:\/\/rockmaster.com.pl\/de\/wp-json\/wp\/v2\/pages\/20824\/revisions\/26126"}],"up":[{"embeddable":true,"href":"https:\/\/rockmaster.com.pl\/de\/wp-json\/wp\/v2\/pages\/20803"}],"wp:attachment":[{"href":"https:\/\/rockmaster.com.pl\/de\/wp-json\/wp\/v2\/media?parent=20824"}],"curies":[{"name":"wp","href":"https:\/\/api.w.org\/{rel}","templated":true}]}}