{"id":20814,"date":"2023-10-02T13:49:46","date_gmt":"2023-10-02T13:49:46","guid":{"rendered":"https:\/\/rockmaster.proadax-dev.pl\/?page_id=20814"},"modified":"2024-09-18T04:01:45","modified_gmt":"2024-09-18T04:01:45","slug":"ausruestungs-und-sicherheitsinspektionen","status":"publish","type":"page","link":"https:\/\/rockmaster.com.pl\/de\/dienstleistungen\/ausruestungs-und-sicherheitsinspektionen\/","title":{"rendered":"Ausr\u00fcstungs- und Sicherheitsinspektionen"},"content":{"rendered":"\t\t<div data-elementor-type=\"wp-page\" data-elementor-id=\"20814\" class=\"elementor elementor-20814 elementor-50\" data-elementor-post-type=\"page\">\n\t\t\t\t\t\t<section class=\"elementor-section elementor-top-section elementor-element elementor-element-66b6cd7c elementor-section-height-min-height elementor-section-boxed elementor-section-height-default elementor-section-items-middle\" data-id=\"66b6cd7c\" data-element_type=\"section\" data-e-type=\"section\" data-settings=\"{&quot;background_background&quot;:&quot;classic&quot;}\">\n\t\t\t\t\t\t\t<div class=\"elementor-background-overlay\"><\/div>\n\t\t\t\t\t\t\t<div class=\"elementor-container elementor-column-gap-default\">\n\t\t\t\t\t<div class=\"elementor-column elementor-col-100 elementor-top-column elementor-element elementor-element-6a497fd1\" data-id=\"6a497fd1\" data-element_type=\"column\" data-e-type=\"column\">\n\t\t\t<div class=\"elementor-widget-wrap elementor-element-populated\">\n\t\t\t\t\t\t<div class=\"elementor-element elementor-element-9c1884a elementor-widget elementor-widget-elementskit-heading\" data-id=\"9c1884a\" data-element_type=\"widget\" data-e-type=\"widget\" data-widget_type=\"elementskit-heading.default\">\n\t\t\t\t<div class=\"elementor-widget-container\">\n\t\t\t\t\t<div class=\"ekit-wid-con\" ><div class=\"ekit-heading elementskit-section-title-wraper text_left   ekit_heading_tablet-   ekit_heading_mobile-text_center\"><h1 class=\"ekit-heading--title elementskit-section-title \">Ausr\u00fcstungs- und Sicherheitsinspektionen<\/h1><\/div><\/div>\t\t\t\t<\/div>\n\t\t\t\t<\/div>\n\t\t\t\t\t<\/div>\n\t\t<\/div>\n\t\t\t\t\t<\/div>\n\t\t<\/section>\n\t\t\t\t<section class=\"elementor-section elementor-top-section elementor-element elementor-element-1eaf8939 elementor-section-boxed elementor-section-height-default elementor-section-height-default\" data-id=\"1eaf8939\" data-element_type=\"section\" data-e-type=\"section\">\n\t\t\t\t\t\t<div class=\"elementor-container elementor-column-gap-default\">\n\t\t\t\t\t<div class=\"elementor-column elementor-col-100 elementor-top-column elementor-element elementor-element-707f0539\" data-id=\"707f0539\" data-element_type=\"column\" data-e-type=\"column\">\n\t\t\t<div class=\"elementor-widget-wrap elementor-element-populated\">\n\t\t\t\t\t\t<div class=\"elementor-element elementor-element-ef64a15 elementor-widget elementor-widget-elementskit-heading\" data-id=\"ef64a15\" data-element_type=\"widget\" data-e-type=\"widget\" data-widget_type=\"elementskit-heading.default\">\n\t\t\t\t<div class=\"elementor-widget-container\">\n\t\t\t\t\t<div class=\"ekit-wid-con\" ><div class=\"ekit-heading elementskit-section-title-wraper text_center   ekit_heading_tablet-   ekit_heading_mobile-\"><h2 class=\"ekit-heading--title elementskit-section-title \">Eine Garantie f\u00fcr Qualit\u00e4t, Sicherheit und einen professionellen Ansatz<\/h2>\t\t\t\t<div class='ekit-heading__description'>\n\t\t\t\t\t<p><span style=\"font-weight: 400\">Rock Master ist ein Branchenf\u00fchrer im Bereich der sicheren Arbeit in der H\u00f6he. Wir bieten Inspektionen von Schutzausr\u00fcstungen und Systeme zur Absturzsicherung an, die auf unserer langj\u00e4hrigen Erfahrung, den neuesten Normen und aktuellem Fachwissen basieren. Dadurch sind wir in der Lage, ein H\u00f6chstma\u00df an Service zu bieten; Sie k\u00f6nnen sicher sein, dass Ihre Ausr\u00fcstung sicher ist und den neuesten Standards entspricht.<\/span><\/p>\n\t\t\t\t<\/div>\n\t\t\t<\/div><\/div>\t\t\t\t<\/div>\n\t\t\t\t<\/div>\n\t\t\t\t\t<\/div>\n\t\t<\/div>\n\t\t\t\t\t<\/div>\n\t\t<\/section>\n\t\t\t\t<section class=\"elementor-section elementor-top-section elementor-element elementor-element-30f091a3 elementor-section-boxed elementor-section-height-default elementor-section-height-default\" data-id=\"30f091a3\" data-element_type=\"section\" data-e-type=\"section\">\n\t\t\t\t\t\t<div class=\"elementor-container elementor-column-gap-default\">\n\t\t\t\t\t<div class=\"elementor-column elementor-col-100 elementor-top-column elementor-element elementor-element-6c3d4b77\" data-id=\"6c3d4b77\" data-element_type=\"column\" data-e-type=\"column\">\n\t\t\t<div class=\"elementor-widget-wrap elementor-element-populated\">\n\t\t\t\t\t\t<div class=\"elementor-element elementor-element-98a30e4 elementor-widget elementor-widget-elementskit-heading\" data-id=\"98a30e4\" data-element_type=\"widget\" data-e-type=\"widget\" data-widget_type=\"elementskit-heading.default\">\n\t\t\t\t<div class=\"elementor-widget-container\">\n\t\t\t\t\t<div class=\"ekit-wid-con\" ><div class=\"ekit-heading elementskit-section-title-wraper text_center   ekit_heading_tablet-   ekit_heading_mobile-\"><h3 class=\"ekit-heading--title elementskit-section-title \">Umfassende Ger\u00e4tediagnose:<\/h3>\t\t\t\t<div class='ekit-heading__description'>\n\t\t\t\t\t<p><span style=\"font-weight: 400\">Wir \u00fcberlassen nichts dem Zufall. Unsere gr\u00fcndliche Analyse jeder Komponente Ihrer Anlage basiert auf jahrelanger Erfahrung, modernster Technologie und dem fundierten Know\u2013how unserer Experten. So k\u00f6nnen Sie sich darauf verlassen, dass uns kein noch so kleines Detail entgeht.<\/span><\/p>\n\t\t\t\t<\/div>\n\t\t\t<\/div><\/div>\t\t\t\t<\/div>\n\t\t\t\t<\/div>\n\t\t\t\t<div class=\"elementor-element elementor-element-b8aed9b elementor-widget elementor-widget-elementskit-heading\" data-id=\"b8aed9b\" data-element_type=\"widget\" data-e-type=\"widget\" data-widget_type=\"elementskit-heading.default\">\n\t\t\t\t<div class=\"elementor-widget-container\">\n\t\t\t\t\t<div class=\"ekit-wid-con\" ><div class=\"ekit-heading elementskit-section-title-wraper text_center   ekit_heading_tablet-   ekit_heading_mobile-\"><h3 class=\"ekit-heading--title elementskit-section-title \">Einhaltung der aktuellen Normen:<\/h3>\t\t\t\t<div class='ekit-heading__description'>\n\t\t\t\t\t<p><span style=\"font-weight: 400\">In einer sich schnell ver\u00e4ndernden Welt der Standards und Normen sorgen wir daf\u00fcr, dass Ihre Ausr\u00fcstung zu Ihrer Sicherheit beitr\u00e4gt. Regelm\u00e4\u00dfige Schulungen, die Verfolgung von \u00c4nderungen der Vorschriften und die Kommunikation mit f\u00fchrenden Ger\u00e4teherstellern helfen uns, ein H\u00f6chstma\u00df an Service zu bieten.<\/span><\/p>\n\t\t\t\t<\/div>\n\t\t\t<\/div><\/div>\t\t\t\t<\/div>\n\t\t\t\t<\/div>\n\t\t\t\t<div class=\"elementor-element elementor-element-3ca230b elementor-widget elementor-widget-elementskit-heading\" data-id=\"3ca230b\" data-element_type=\"widget\" data-e-type=\"widget\" data-widget_type=\"elementskit-heading.default\">\n\t\t\t\t<div class=\"elementor-widget-container\">\n\t\t\t\t\t<div class=\"ekit-wid-con\" ><div class=\"ekit-heading elementskit-section-title-wraper text_center   ekit_heading_tablet-   ekit_heading_mobile-\"><h3 class=\"ekit-heading--title elementskit-section-title \">Fachkundige Empfehlungen und Beratung:<\/h3>\t\t\t\t<div class='ekit-heading__description'>\n\t\t\t\t\t<p><span style=\"font-weight: 400\">Wir diagnostizieren nicht nur m\u00f6gliche Probleme, sondern bieten auch praktische L\u00f6sungen an. Unser Expertenteam verf\u00fcgt \u00fcber einen reichen Erfahrungsschatz in der Branche und ist jederzeit bereit, Sie professionell zu beraten, damit Sie Ihre Ger\u00e4te und Ihre Sicherheit optimal verwalten k\u00f6nnen.<\/span><\/p>\n\t\t\t\t<\/div>\n\t\t\t<\/div><\/div>\t\t\t\t<\/div>\n\t\t\t\t<\/div>\n\t\t\t\t\t<\/div>\n\t\t<\/div>\n\t\t\t\t\t<\/div>\n\t\t<\/section>\n\t\t\t\t<section class=\"elementor-section elementor-top-section elementor-element elementor-element-2ad85d16 elementor-section-full_width elementor-section-height-default elementor-section-height-default\" data-id=\"2ad85d16\" data-element_type=\"section\" data-e-type=\"section\" data-settings=\"{&quot;background_background&quot;:&quot;classic&quot;}\">\n\t\t\t\t\t\t<div class=\"elementor-container elementor-column-gap-default\">\n\t\t\t\t\t<div class=\"elementor-column elementor-col-50 elementor-top-column elementor-element elementor-element-6e56c84\" data-id=\"6e56c84\" data-element_type=\"column\" data-e-type=\"column\" data-settings=\"{&quot;background_background&quot;:&quot;classic&quot;}\">\n\t\t\t<div class=\"elementor-widget-wrap elementor-element-populated\">\n\t\t\t\t\t\t<div class=\"elementor-element elementor-element-34f6db32 elementor-widget-mobile__width-initial elementor-widget elementor-widget-elementskit-heading\" data-id=\"34f6db32\" data-element_type=\"widget\" data-e-type=\"widget\" data-widget_type=\"elementskit-heading.default\">\n\t\t\t\t<div class=\"elementor-widget-container\">\n\t\t\t\t\t<div class=\"ekit-wid-con\" ><div class=\"ekit-heading elementskit-section-title-wraper    ekit_heading_tablet-   ekit_heading_mobile-text_left\"><h3 class=\"elementskit-section-subtitle  \">\n\t\t\t\t\t\tWarten Sie nicht, bleiben Sie sicher\n\t\t\t\t\t<\/h3><h3 class=\"ekit-heading--title elementskit-section-title \">Vereinbaren Sie noch heute einen Inspektionstermin!<\/h3><\/div><\/div>\t\t\t\t<\/div>\n\t\t\t\t<\/div>\n\t\t\t\t<div class=\"elementor-element elementor-element-6209779e elementor-widget-mobile__width-initial elementor-widget elementor-widget-text-editor\" data-id=\"6209779e\" data-element_type=\"widget\" data-e-type=\"widget\" data-widget_type=\"text-editor.default\">\n\t\t\t\t<div class=\"elementor-widget-container\">\n\t\t\t\t\t\t\t\t\t<p>Durch die Zusammenarbeit mit uns k\u00f6nnen Sie sicher sein, dass Ihre Ausr\u00fcstung in den besten H\u00e4nden ist. Profitieren Sie von unserem Wissen und unserer Erfahrung. Vereinbaren Sie einen Termin f\u00fcr eine professionelle Inspektion und geben Sie sich die Gewissheit, dass alles den h\u00f6chsten Standards entspricht.<\/p>\t\t\t\t\t\t\t\t<\/div>\n\t\t\t\t<\/div>\n\t\t\t\t<div class=\"elementor-element elementor-element-5bcb1068 elementor-align-left elementor-widget-mobile__width-initial elementor-widget elementor-widget-elementskit-button\" data-id=\"5bcb1068\" data-element_type=\"widget\" data-e-type=\"widget\" data-widget_type=\"elementskit-button.default\">\n\t\t\t\t<div class=\"elementor-widget-container\">\n\t\t\t\t\t<div class=\"ekit-wid-con\" >\t\t<div class=\"ekit-btn-wraper\">\n\t\t\t\t\t\t\t<a href=\"\/de\/kontakt\/\" class=\"elementskit-btn  whitespace--normal\" id=\"\">\n\t\t\t\t\tNehmen Sie Kontakt mit uns auf!\t\t\t\t<\/a>\n\t\t\t\t\t<\/div>\n        <\/div>\t\t\t\t<\/div>\n\t\t\t\t<\/div>\n\t\t\t\t\t<\/div>\n\t\t<\/div>\n\t\t\t\t<div class=\"elementor-column elementor-col-50 elementor-top-column elementor-element elementor-element-7b46e1d3\" data-id=\"7b46e1d3\" data-element_type=\"column\" data-e-type=\"column\" data-settings=\"{&quot;background_background&quot;:&quot;classic&quot;}\">\n\t\t\t<div class=\"elementor-widget-wrap elementor-element-populated\">\n\t\t\t\t\t\t\t<\/div>\n\t\t<\/div>\n\t\t\t\t\t<\/div>\n\t\t<\/section>\n\t\t\t\t<\/div>\n\t\t","protected":false},"excerpt":{"rendered":"<p>Ausr\u00fcstungs- und Sicherheitsinspektionen Eine Garantie f\u00fcr Qualit\u00e4t, Sicherheit und einen professionellen Ansatz Rock Master ist ein Branchenf\u00fchrer im Bereich der sicheren Arbeit in der H\u00f6he. Wir bieten Inspektionen von Schutzausr\u00fcstungen und Systeme zur Absturzsicherung an, die auf unserer langj\u00e4hrigen Erfahrung, den neuesten Normen und aktuellem Fachwissen basieren. Dadurch sind wir in der Lage, ein H\u00f6chstma\u00df [&hellip;]<\/p>\n","protected":false},"author":1,"featured_media":0,"parent":20803,"menu_order":0,"comment_status":"closed","ping_status":"closed","template":"","meta":{"site-sidebar-layout":"no-sidebar","site-content-layout":"","ast-site-content-layout":"full-width-container","site-content-style":"default","site-sidebar-style":"default","ast-global-header-display":"","ast-banner-title-visibility":"","ast-main-header-display":"","ast-hfb-above-header-display":"","ast-hfb-below-header-display":"","ast-hfb-mobile-header-display":"","site-post-title":"disabled","ast-breadcrumbs-content":"","ast-featured-img":"disabled","footer-sml-layout":"","ast-disable-related-posts":"","theme-transparent-header-meta":"","adv-header-id-meta":"","stick-header-meta":"","header-above-stick-meta":"","header-main-stick-meta":"","header-below-stick-meta":"","astra-migrate-meta-layouts":"default","ast-page-background-enabled":"default","ast-page-background-meta":{"desktop":{"background-color":"var(--ast-global-color-4)","background-image":"","background-repeat":"repeat","background-position":"center center","background-size":"auto","background-attachment":"scroll","background-type":"","background-media":"","overlay-type":"","overlay-color":"","overlay-opacity":"","overlay-gradient":""},"tablet":{"background-color":"","background-image":"","background-repeat":"repeat","background-position":"center center","background-size":"auto","background-attachment":"scroll","background-type":"","background-media":"","overlay-type":"","overlay-color":"","overlay-opacity":"","overlay-gradient":""},"mobile":{"background-color":"","background-image":"","background-repeat":"repeat","background-position":"center center","background-size":"auto","background-attachment":"scroll","background-type":"","background-media":"","overlay-type":"","overlay-color":"","overlay-opacity":"","overlay-gradient":""}},"ast-content-background-meta":{"desktop":{"background-color":"var(--ast-global-color-5)","background-image":"","background-repeat":"repeat","background-position":"center center","background-size":"auto","background-attachment":"scroll","background-type":"","background-media":"","overlay-type":"","overlay-color":"","overlay-opacity":"","overlay-gradient":""},"tablet":{"background-color":"var(--ast-global-color-5)","background-image":"","background-repeat":"repeat","background-position":"center center","background-size":"auto","background-attachment":"scroll","background-type":"","background-media":"","overlay-type":"","overlay-color":"","overlay-opacity":"","overlay-gradient":""},"mobile":{"background-color":"var(--ast-global-color-5)","background-image":"","background-repeat":"repeat","background-position":"center center","background-size":"auto","background-attachment":"scroll","background-type":"","background-media":"","overlay-type":"","overlay-color":"","overlay-opacity":"","overlay-gradient":""}},"footnotes":""},"class_list":["post-20814","page","type-page","status-publish","hentry"],"yoast_head":"<!-- This site is optimized with the Yoast SEO plugin v27.6 - https:\/\/yoast.com\/product\/yoast-seo-wordpress\/ -->\n<title>Ausr\u00fcstungs- und Sicherheitsinspektionen - ROCK MASTER H\u00f6hentraining<\/title>\n<meta name=\"robots\" content=\"index, follow, max-snippet:-1, max-image-preview:large, max-video-preview:-1\" \/>\n<link rel=\"canonical\" href=\"https:\/\/rockmaster.com.pl\/de\/dienstleistungen\/ausruestungs-und-sicherheitsinspektionen\/\" \/>\n<meta property=\"og:locale\" content=\"de_DE\" \/>\n<meta property=\"og:type\" content=\"article\" \/>\n<meta property=\"og:title\" content=\"Ausr\u00fcstungs- und Sicherheitsinspektionen - ROCK MASTER H\u00f6hentraining\" \/>\n<meta property=\"og:description\" content=\"Ausr\u00fcstungs- und Sicherheitsinspektionen Eine Garantie f\u00fcr Qualit\u00e4t, Sicherheit und einen professionellen Ansatz Rock Master ist ein Branchenf\u00fchrer im Bereich der sicheren Arbeit in der H\u00f6he. Wir bieten Inspektionen von Schutzausr\u00fcstungen und Systeme zur Absturzsicherung an, die auf unserer langj\u00e4hrigen Erfahrung, den neuesten Normen und aktuellem Fachwissen basieren. Dadurch sind wir in der Lage, ein H\u00f6chstma\u00df [&hellip;]\" \/>\n<meta property=\"og:url\" content=\"https:\/\/rockmaster.com.pl\/de\/dienstleistungen\/ausruestungs-und-sicherheitsinspektionen\/\" \/>\n<meta property=\"og:site_name\" content=\"ROCK MASTER H\u00f6hentraining\" \/>\n<meta property=\"article:publisher\" content=\"https:\/\/www.facebook.com\/rock.master.bezpieczna.praca.na.wysokosci\" \/>\n<meta property=\"article:modified_time\" content=\"2024-09-18T04:01:45+00:00\" \/>\n<meta property=\"og:image\" content=\"https:\/\/rockmaster.com.pl\/wp-content\/uploads\/2023\/09\/Logo-Pionowe-z-tagline-1.png\" \/>\n\t<meta property=\"og:image:width\" content=\"880\" \/>\n\t<meta property=\"og:image:height\" content=\"880\" \/>\n\t<meta property=\"og:image:type\" content=\"image\/png\" \/>\n<meta name=\"twitter:card\" content=\"summary_large_image\" \/>\n<meta name=\"twitter:label1\" content=\"Gesch\u00e4tzte Lesezeit\" \/>\n\t<meta name=\"twitter:data1\" content=\"2\u00a0Minuten\" \/>\n<script type=\"application\/ld+json\" class=\"yoast-schema-graph\">{\"@context\":\"https:\\\/\\\/schema.org\",\"@graph\":[{\"@type\":\"WebPage\",\"@id\":\"https:\\\/\\\/rockmaster.com.pl\\\/de\\\/dienstleistungen\\\/ausruestungs-und-sicherheitsinspektionen\\\/\",\"url\":\"https:\\\/\\\/rockmaster.com.pl\\\/de\\\/dienstleistungen\\\/ausruestungs-und-sicherheitsinspektionen\\\/\",\"name\":\"Ausr\u00fcstungs- und Sicherheitsinspektionen - ROCK MASTER H\u00f6hentraining\",\"isPartOf\":{\"@id\":\"https:\\\/\\\/rockmaster.com.pl\\\/de\\\/#website\"},\"datePublished\":\"2023-10-02T13:49:46+00:00\",\"dateModified\":\"2024-09-18T04:01:45+00:00\",\"breadcrumb\":{\"@id\":\"https:\\\/\\\/rockmaster.com.pl\\\/de\\\/dienstleistungen\\\/ausruestungs-und-sicherheitsinspektionen\\\/#breadcrumb\"},\"inLanguage\":\"de\",\"potentialAction\":[{\"@type\":\"ReadAction\",\"target\":[\"https:\\\/\\\/rockmaster.com.pl\\\/de\\\/dienstleistungen\\\/ausruestungs-und-sicherheitsinspektionen\\\/\"]}]},{\"@type\":\"BreadcrumbList\",\"@id\":\"https:\\\/\\\/rockmaster.com.pl\\\/de\\\/dienstleistungen\\\/ausruestungs-und-sicherheitsinspektionen\\\/#breadcrumb\",\"itemListElement\":[{\"@type\":\"ListItem\",\"position\":1,\"name\":\"Dienstleistungen\",\"item\":\"https:\\\/\\\/rockmaster.com.pl\\\/de\\\/uslugi\\\/\"},{\"@type\":\"ListItem\",\"position\":2,\"name\":\"Ausr\u00fcstungs- und Sicherheitsinspektionen\"}]},{\"@type\":\"WebSite\",\"@id\":\"https:\\\/\\\/rockmaster.com.pl\\\/de\\\/#website\",\"url\":\"https:\\\/\\\/rockmaster.com.pl\\\/de\\\/\",\"name\":\"ROCK MASTER Szkolenia wysoko\u015bciowe\",\"description\":\"Bezpieczna praca na wysoko\u015bci\",\"publisher\":{\"@id\":\"https:\\\/\\\/rockmaster.com.pl\\\/de\\\/#organization\"},\"potentialAction\":[{\"@type\":\"SearchAction\",\"target\":{\"@type\":\"EntryPoint\",\"urlTemplate\":\"https:\\\/\\\/rockmaster.com.pl\\\/de\\\/?s={search_term_string}\"},\"query-input\":{\"@type\":\"PropertyValueSpecification\",\"valueRequired\":true,\"valueName\":\"search_term_string\"}}],\"inLanguage\":\"de\"},{\"@type\":\"Organization\",\"@id\":\"https:\\\/\\\/rockmaster.com.pl\\\/de\\\/#organization\",\"name\":\"ROCK MASTER Szkolenia wysoko\u015bciowe\",\"url\":\"https:\\\/\\\/rockmaster.com.pl\\\/de\\\/\",\"logo\":{\"@type\":\"ImageObject\",\"inLanguage\":\"de\",\"@id\":\"https:\\\/\\\/rockmaster.com.pl\\\/de\\\/#\\\/schema\\\/logo\\\/image\\\/\",\"url\":\"https:\\\/\\\/rockmaster.com.pl\\\/wp-content\\\/uploads\\\/2023\\\/09\\\/Logo-Pionowe-z-tagline-1.png\",\"contentUrl\":\"https:\\\/\\\/rockmaster.com.pl\\\/wp-content\\\/uploads\\\/2023\\\/09\\\/Logo-Pionowe-z-tagline-1.png\",\"width\":880,\"height\":880,\"caption\":\"ROCK MASTER Szkolenia wysoko\u015bciowe\"},\"image\":{\"@id\":\"https:\\\/\\\/rockmaster.com.pl\\\/de\\\/#\\\/schema\\\/logo\\\/image\\\/\"},\"sameAs\":[\"https:\\\/\\\/www.facebook.com\\\/rock.master.bezpieczna.praca.na.wysokosci\"]}]}<\/script>\n<!-- \/ Yoast SEO plugin. -->","yoast_head_json":{"title":"Ausr\u00fcstungs- und Sicherheitsinspektionen - ROCK MASTER H\u00f6hentraining","robots":{"index":"index","follow":"follow","max-snippet":"max-snippet:-1","max-image-preview":"max-image-preview:large","max-video-preview":"max-video-preview:-1"},"canonical":"https:\/\/rockmaster.com.pl\/de\/dienstleistungen\/ausruestungs-und-sicherheitsinspektionen\/","og_locale":"de_DE","og_type":"article","og_title":"Ausr\u00fcstungs- und Sicherheitsinspektionen - ROCK MASTER H\u00f6hentraining","og_description":"Ausr\u00fcstungs- und Sicherheitsinspektionen Eine Garantie f\u00fcr Qualit\u00e4t, Sicherheit und einen professionellen Ansatz Rock Master ist ein Branchenf\u00fchrer im Bereich der sicheren Arbeit in der H\u00f6he. Wir bieten Inspektionen von Schutzausr\u00fcstungen und Systeme zur Absturzsicherung an, die auf unserer langj\u00e4hrigen Erfahrung, den neuesten Normen und aktuellem Fachwissen basieren. Dadurch sind wir in der Lage, ein H\u00f6chstma\u00df [&hellip;]","og_url":"https:\/\/rockmaster.com.pl\/de\/dienstleistungen\/ausruestungs-und-sicherheitsinspektionen\/","og_site_name":"ROCK MASTER H\u00f6hentraining","article_publisher":"https:\/\/www.facebook.com\/rock.master.bezpieczna.praca.na.wysokosci","article_modified_time":"2024-09-18T04:01:45+00:00","og_image":[{"width":880,"height":880,"url":"https:\/\/rockmaster.com.pl\/wp-content\/uploads\/2023\/09\/Logo-Pionowe-z-tagline-1.png","type":"image\/png"}],"twitter_card":"summary_large_image","twitter_misc":{"Gesch\u00e4tzte Lesezeit":"2\u00a0Minuten"},"schema":{"@context":"https:\/\/schema.org","@graph":[{"@type":"WebPage","@id":"https:\/\/rockmaster.com.pl\/de\/dienstleistungen\/ausruestungs-und-sicherheitsinspektionen\/","url":"https:\/\/rockmaster.com.pl\/de\/dienstleistungen\/ausruestungs-und-sicherheitsinspektionen\/","name":"Ausr\u00fcstungs- und Sicherheitsinspektionen - ROCK MASTER H\u00f6hentraining","isPartOf":{"@id":"https:\/\/rockmaster.com.pl\/de\/#website"},"datePublished":"2023-10-02T13:49:46+00:00","dateModified":"2024-09-18T04:01:45+00:00","breadcrumb":{"@id":"https:\/\/rockmaster.com.pl\/de\/dienstleistungen\/ausruestungs-und-sicherheitsinspektionen\/#breadcrumb"},"inLanguage":"de","potentialAction":[{"@type":"ReadAction","target":["https:\/\/rockmaster.com.pl\/de\/dienstleistungen\/ausruestungs-und-sicherheitsinspektionen\/"]}]},{"@type":"BreadcrumbList","@id":"https:\/\/rockmaster.com.pl\/de\/dienstleistungen\/ausruestungs-und-sicherheitsinspektionen\/#breadcrumb","itemListElement":[{"@type":"ListItem","position":1,"name":"Dienstleistungen","item":"https:\/\/rockmaster.com.pl\/de\/uslugi\/"},{"@type":"ListItem","position":2,"name":"Ausr\u00fcstungs- und Sicherheitsinspektionen"}]},{"@type":"WebSite","@id":"https:\/\/rockmaster.com.pl\/de\/#website","url":"https:\/\/rockmaster.com.pl\/de\/","name":"ROCK MASTER Szkolenia wysoko\u015bciowe","description":"Bezpieczna praca na wysoko\u015bci","publisher":{"@id":"https:\/\/rockmaster.com.pl\/de\/#organization"},"potentialAction":[{"@type":"SearchAction","target":{"@type":"EntryPoint","urlTemplate":"https:\/\/rockmaster.com.pl\/de\/?s={search_term_string}"},"query-input":{"@type":"PropertyValueSpecification","valueRequired":true,"valueName":"search_term_string"}}],"inLanguage":"de"},{"@type":"Organization","@id":"https:\/\/rockmaster.com.pl\/de\/#organization","name":"ROCK MASTER Szkolenia wysoko\u015bciowe","url":"https:\/\/rockmaster.com.pl\/de\/","logo":{"@type":"ImageObject","inLanguage":"de","@id":"https:\/\/rockmaster.com.pl\/de\/#\/schema\/logo\/image\/","url":"https:\/\/rockmaster.com.pl\/wp-content\/uploads\/2023\/09\/Logo-Pionowe-z-tagline-1.png","contentUrl":"https:\/\/rockmaster.com.pl\/wp-content\/uploads\/2023\/09\/Logo-Pionowe-z-tagline-1.png","width":880,"height":880,"caption":"ROCK MASTER Szkolenia wysoko\u015bciowe"},"image":{"@id":"https:\/\/rockmaster.com.pl\/de\/#\/schema\/logo\/image\/"},"sameAs":["https:\/\/www.facebook.com\/rock.master.bezpieczna.praca.na.wysokosci"]}]}},"_links":{"self":[{"href":"https:\/\/rockmaster.com.pl\/de\/wp-json\/wp\/v2\/pages\/20814","targetHints":{"allow":["GET"]}}],"collection":[{"href":"https:\/\/rockmaster.com.pl\/de\/wp-json\/wp\/v2\/pages"}],"about":[{"href":"https:\/\/rockmaster.com.pl\/de\/wp-json\/wp\/v2\/types\/page"}],"author":[{"embeddable":true,"href":"https:\/\/rockmaster.com.pl\/de\/wp-json\/wp\/v2\/users\/1"}],"replies":[{"embeddable":true,"href":"https:\/\/rockmaster.com.pl\/de\/wp-json\/wp\/v2\/comments?post=20814"}],"version-history":[{"count":10,"href":"https:\/\/rockmaster.com.pl\/de\/wp-json\/wp\/v2\/pages\/20814\/revisions"}],"predecessor-version":[{"id":26102,"href":"https:\/\/rockmaster.com.pl\/de\/wp-json\/wp\/v2\/pages\/20814\/revisions\/26102"}],"up":[{"embeddable":true,"href":"https:\/\/rockmaster.com.pl\/de\/wp-json\/wp\/v2\/pages\/20803"}],"wp:attachment":[{"href":"https:\/\/rockmaster.com.pl\/de\/wp-json\/wp\/v2\/media?parent=20814"}],"curies":[{"name":"wp","href":"https:\/\/api.w.org\/{rel}","templated":true}]}}