{"id":20779,"date":"2023-10-02T12:45:19","date_gmt":"2023-10-02T12:45:19","guid":{"rendered":"https:\/\/rockmaster.proadax-dev.pl\/?page_id=20779"},"modified":"2024-09-18T03:53:58","modified_gmt":"2024-09-18T03:53:58","slug":"techniker-fuer-seilunterstuetzten-zugang","status":"publish","type":"page","link":"https:\/\/rockmaster.com.pl\/de\/ausbildung\/techniker-fuer-seilunterstuetzten-zugang\/","title":{"rendered":"Techniker f\u00fcr seilunterst\u00fctzten Zugang"},"content":{"rendered":"\t\t<div data-elementor-type=\"wp-page\" data-elementor-id=\"20779\" class=\"elementor elementor-20779 elementor-31\" data-elementor-post-type=\"page\">\n\t\t\t\t\t\t<section class=\"elementor-section elementor-top-section elementor-element elementor-element-5602e7fb elementor-section-height-min-height elementor-section-boxed elementor-section-height-default elementor-section-items-middle\" data-id=\"5602e7fb\" data-element_type=\"section\" data-e-type=\"section\" data-settings=\"{&quot;background_background&quot;:&quot;classic&quot;}\">\n\t\t\t\t\t\t\t<div class=\"elementor-background-overlay\"><\/div>\n\t\t\t\t\t\t\t<div class=\"elementor-container elementor-column-gap-default\">\n\t\t\t\t\t<div class=\"elementor-column elementor-col-100 elementor-top-column elementor-element elementor-element-7d50976f\" data-id=\"7d50976f\" data-element_type=\"column\" data-e-type=\"column\">\n\t\t\t<div class=\"elementor-widget-wrap elementor-element-populated\">\n\t\t\t\t\t\t<div class=\"elementor-element elementor-element-7a890f62 elementor-widget elementor-widget-elementskit-heading\" data-id=\"7a890f62\" data-element_type=\"widget\" data-e-type=\"widget\" data-widget_type=\"elementskit-heading.default\">\n\t\t\t\t<div class=\"elementor-widget-container\">\n\t\t\t\t\t<div class=\"ekit-wid-con\" ><div class=\"ekit-heading elementskit-section-title-wraper text_left   ekit_heading_tablet-   ekit_heading_mobile-text_center\"><h1 class=\"ekit-heading--title elementskit-section-title \">Techniker f\u00fcr seilunterst\u00fctzten Zugang<\/h1><\/div><\/div>\t\t\t\t<\/div>\n\t\t\t\t<\/div>\n\t\t\t\t\t<\/div>\n\t\t<\/div>\n\t\t\t\t\t<\/div>\n\t\t<\/section>\n\t\t\t\t<section class=\"elementor-section elementor-top-section elementor-element elementor-element-4d57015 elementor-section-boxed elementor-section-height-default elementor-section-height-default\" data-id=\"4d57015\" data-element_type=\"section\" data-e-type=\"section\">\n\t\t\t\t\t\t<div class=\"elementor-container elementor-column-gap-default\">\n\t\t\t\t\t<div class=\"elementor-column elementor-col-50 elementor-top-column elementor-element elementor-element-70077422\" data-id=\"70077422\" data-element_type=\"column\" data-e-type=\"column\">\n\t\t\t<div class=\"elementor-widget-wrap elementor-element-populated\">\n\t\t\t\t\t\t<div class=\"elementor-element elementor-element-1a78ecee elementor-widget elementor-widget-heading\" data-id=\"1a78ecee\" data-element_type=\"widget\" data-e-type=\"widget\" data-widget_type=\"heading.default\">\n\t\t\t\t<div class=\"elementor-widget-container\">\n\t\t\t\t\t<h3 class=\"elementor-heading-title elementor-size-default\">Ausbildung<\/h3>\t\t\t\t<\/div>\n\t\t\t\t<\/div>\n\t\t\t\t<div class=\"elementor-element elementor-element-2e78ffa1 elementor-widget-divider--view-line elementor-widget elementor-widget-divider\" data-id=\"2e78ffa1\" data-element_type=\"widget\" data-e-type=\"widget\" data-widget_type=\"divider.default\">\n\t\t\t\t<div class=\"elementor-widget-container\">\n\t\t\t\t\t\t\t<div class=\"elementor-divider\">\n\t\t\t<span class=\"elementor-divider-separator\">\n\t\t\t\t\t\t<\/span>\n\t\t<\/div>\n\t\t\t\t\t\t<\/div>\n\t\t\t\t<\/div>\n\t\t\t\t<div class=\"elementor-element elementor-element-c675199 elementor-widget elementor-widget-text-editor\" data-id=\"c675199\" data-element_type=\"widget\" data-e-type=\"widget\" data-widget_type=\"text-editor.default\">\n\t\t\t\t<div class=\"elementor-widget-container\">\n\t\t\t\t\t\t\t\t\t<p><span style=\"font-weight: 400;\">Der Lehrgang f\u00fcr H\u00f6henarbeiter dauert 4 Tage. Sie besteht aus einem kurzen theoretischen Teil, ist aber in erster Linie eine praktische Ausbildung. Sie endet mit einer Pr\u00fcfung. Das erhaltene Zertifikat berechtigt den Teilnehmer, auf dem gesamten Gebiet Polens in der H\u00f6he zu arbeiten.<\/span><\/p><p><span style=\"font-weight: 400;\">Unsere Ausbilder verf\u00fcgen \u00fcber langj\u00e4hrige Erfahrung sowohl in der H\u00f6henarbeit \u2013 einige von uns haben bereits in den 1980er Jahren als Techniker in der H\u00f6he gearbeitet \u2013 als auch in der Durchf\u00fchrung von Schulungen. Wir sind der \u00e4lteste und erfahrenste Anbieter auf dem Markt. Lesen Sie <a href=\"\/de\/ueber-uns\/unsere-geschichte\/\">hier<\/a> mehr \u00fcber uns.<\/span><\/p><p><span style=\"font-weight: 400;\">Der Schulungskurs f\u00fcr H\u00f6henarbeiter basiert nicht nur auf unserem Fachwissen und unserer langj\u00e4hrigen Erfahrung, sondern auch auf dem britischen Standard BS 8454:2006 \u2013 Code of Practice for the Delivery of Training and Education for Work at Height and Rescue. Dies ist der Standard, der die Grunds\u00e4tze und Methoden des Trainings f\u00fcr seilunterst\u00fctzten Zugang definiert. Wir haben nicht nur unser <a href=\"\/de\/irata\/\">IRATA<\/a>\u2013Schulungssystem nach diesem Standard entwickelt, sondern haben ihn auch als Grundlage f\u00fcr andere von uns angebotene Schulungen verwendet.<\/span><\/p>\t\t\t\t\t\t\t\t<\/div>\n\t\t\t\t<\/div>\n\t\t\t\t\t<\/div>\n\t\t<\/div>\n\t\t\t\t<div class=\"elementor-column elementor-col-50 elementor-top-column elementor-element elementor-element-49992db3\" data-id=\"49992db3\" data-element_type=\"column\" data-e-type=\"column\">\n\t\t\t<div class=\"elementor-widget-wrap elementor-element-populated\">\n\t\t\t\t\t\t<div class=\"elementor-element elementor-element-33b7f8e elementor-widget elementor-widget-image\" data-id=\"33b7f8e\" data-element_type=\"widget\" data-e-type=\"widget\" data-widget_type=\"image.default\">\n\t\t\t\t<div class=\"elementor-widget-container\">\n\t\t\t\t\t\t\t\t\t\t\t\t\t\t\t<img fetchpriority=\"high\" decoding=\"async\" width=\"899\" height=\"745\" src=\"https:\/\/rockmaster.com.pl\/wp-content\/uploads\/2023\/10\/strona-glowna-szkolenia-jasniejsze.jpg\" class=\"attachment-full size-full wp-image-17890\" alt=\"\" srcset=\"https:\/\/rockmaster.com.pl\/wp-content\/uploads\/2023\/10\/strona-glowna-szkolenia-jasniejsze.jpg 899w, https:\/\/rockmaster.com.pl\/wp-content\/uploads\/2023\/10\/strona-glowna-szkolenia-jasniejsze-600x497.jpg 600w, https:\/\/rockmaster.com.pl\/wp-content\/uploads\/2023\/10\/strona-glowna-szkolenia-jasniejsze-300x249.jpg 300w, https:\/\/rockmaster.com.pl\/wp-content\/uploads\/2023\/10\/strona-glowna-szkolenia-jasniejsze-768x636.jpg 768w\" sizes=\"(max-width: 899px) 100vw, 899px\" \/>\t\t\t\t\t\t\t\t\t\t\t\t\t\t\t<\/div>\n\t\t\t\t<\/div>\n\t\t\t\t\t<\/div>\n\t\t<\/div>\n\t\t\t\t\t<\/div>\n\t\t<\/section>\n\t\t\t\t<section class=\"elementor-section elementor-top-section elementor-element elementor-element-fbd6cce elementor-section-boxed elementor-section-height-default elementor-section-height-default\" data-id=\"fbd6cce\" data-element_type=\"section\" data-e-type=\"section\">\n\t\t\t\t\t\t<div class=\"elementor-container elementor-column-gap-default\">\n\t\t\t\t\t<div class=\"elementor-column elementor-col-50 elementor-top-column elementor-element elementor-element-46d9682\" data-id=\"46d9682\" data-element_type=\"column\" data-e-type=\"column\">\n\t\t\t<div class=\"elementor-widget-wrap elementor-element-populated\">\n\t\t\t\t\t\t<div class=\"elementor-element elementor-element-50c463d elementor-widget elementor-widget-heading\" data-id=\"50c463d\" data-element_type=\"widget\" data-e-type=\"widget\" data-widget_type=\"heading.default\">\n\t\t\t\t<div class=\"elementor-widget-container\">\n\t\t\t\t\t<h3 class=\"elementor-heading-title elementor-size-default\">Techniker f\u00fcr seilunterst\u00fctzten Zugang<\/h3>\t\t\t\t<\/div>\n\t\t\t\t<\/div>\n\t\t\t\t<div class=\"elementor-element elementor-element-b335c74 elementor-widget-divider--view-line elementor-widget elementor-widget-divider\" data-id=\"b335c74\" data-element_type=\"widget\" data-e-type=\"widget\" data-widget_type=\"divider.default\">\n\t\t\t\t<div class=\"elementor-widget-container\">\n\t\t\t\t\t\t\t<div class=\"elementor-divider\">\n\t\t\t<span class=\"elementor-divider-separator\">\n\t\t\t\t\t\t<\/span>\n\t\t<\/div>\n\t\t\t\t\t\t<\/div>\n\t\t\t\t<\/div>\n\t\t\t\t<div class=\"elementor-element elementor-element-9acda2f elementor-widget elementor-widget-text-editor\" data-id=\"9acda2f\" data-element_type=\"widget\" data-e-type=\"widget\" data-widget_type=\"text-editor.default\">\n\t\t\t\t<div class=\"elementor-widget-container\">\n\t\t\t\t\t\t\t\t\t<ul><li><span style=\"font-weight: 400;\">Die Kandidaten m\u00fcssen mindestens 18 Jahre alt sein.<\/span><\/li><li><span style=\"font-weight: 400;\">Die Kandidaten m\u00fcssen k\u00f6rperlich fit sein und d\u00fcrfen nicht an Krankheiten leiden, die sie daran hindern k\u00f6nnten, sicher zu arbeiten.<\/span><\/li><li><span style=\"font-weight: 400;\">Sie sollten davon \u00fcberzeugt sein, dass sie \u00fcber ein angemessenes Ma\u00df an k\u00f6rperlicher Fitness sowie k\u00f6rperlicher und geistiger Ausdauer f\u00fcr die Arbeit verf\u00fcgen. Dar\u00fcber hinaus muss ein Kandidat in der Lage sein, verschiedenen Wetterbedingungen wie K\u00e4lte, Hitze oder Wind standzuhalten.<\/span><\/li><li><span style=\"font-weight: 400;\">Der Kandidat muss verantwortungsbewusst, zuverl\u00e4ssig und vertrauensw\u00fcrdig sein.<\/span><\/li><li><span style=\"font-weight: 400;\">Keine Kontraindikationen f\u00fcr die Arbeit in der H\u00f6he wie:<\/span><br \/><ul><li><span style=\"font-weight: 400;\">Herzkrankheit\/Brustschmerzen;<\/span><\/li><li><span style=\"font-weight: 400;\">Bluthochdruck;<\/span><\/li><li><span style=\"font-weight: 400;\">Epilepsie, Ohnmachtsanf\u00e4lle;<\/span><\/li><li><span style=\"font-weight: 400;\">H\u00f6henangst, Schwindelgef\u00fchle;<\/span><\/li><li><span style=\"font-weight: 400;\">Gleichgewichtsst\u00f6rungen;<\/span><\/li><li><span style=\"font-weight: 400;\">Beeintr\u00e4chtigung der Funktion von Gliedma\u00dfen;<\/span><\/li><li><span style=\"font-weight: 400;\">Alkohol\u2013 oder Drogenabh\u00e4ngigkeit;<\/span><\/li><li><span style=\"font-weight: 400;\">psychische St\u00f6rungen und Krankheiten;<\/span><\/li><li><span style=\"font-weight: 400;\">Diabetes mellitus.<\/span><\/li><\/ul><\/li><\/ul>\t\t\t\t\t\t\t\t<\/div>\n\t\t\t\t<\/div>\n\t\t\t\t<div class=\"elementor-element elementor-element-ab27f49 elementor-align-center elementor-widget elementor-widget-button\" data-id=\"ab27f49\" data-element_type=\"widget\" data-e-type=\"widget\" data-widget_type=\"button.default\">\n\t\t\t\t<div class=\"elementor-widget-container\">\n\t\t\t\t\t\t\t\t\t<div class=\"elementor-button-wrapper\">\n\t\t\t\t\t<a class=\"elementor-button elementor-button-link elementor-size-sm\" href=\"#popmake-16547\">\n\t\t\t\t\t\t<span class=\"elementor-button-content-wrapper\">\n\t\t\t\t\t\t\t\t\t<span class=\"elementor-button-text\">Anfrage zur Schulung \t<\/span>\n\t\t\t\t\t<\/span>\n\t\t\t\t\t<\/a>\n\t\t\t\t<\/div>\n\t\t\t\t\t\t\t\t<\/div>\n\t\t\t\t<\/div>\n\t\t\t\t\t<\/div>\n\t\t<\/div>\n\t\t\t\t<div class=\"elementor-column elementor-col-50 elementor-top-column elementor-element elementor-element-ed27ad8\" data-id=\"ed27ad8\" data-element_type=\"column\" data-e-type=\"column\">\n\t\t\t<div class=\"elementor-widget-wrap elementor-element-populated\">\n\t\t\t\t\t\t<div class=\"elementor-element elementor-element-e965073 elementor-widget elementor-widget-image\" data-id=\"e965073\" data-element_type=\"widget\" data-e-type=\"widget\" data-widget_type=\"image.default\">\n\t\t\t\t<div class=\"elementor-widget-container\">\n\t\t\t\t\t\t\t\t\t\t\t\t\t\t\t<img decoding=\"async\" width=\"1500\" height=\"1859\" src=\"https:\/\/rockmaster.com.pl\/wp-content\/uploads\/2024\/03\/DSC00745.webp\" class=\"attachment-full size-full wp-image-19495\" alt=\"\" srcset=\"https:\/\/rockmaster.com.pl\/wp-content\/uploads\/2024\/03\/DSC00745.webp 1500w, https:\/\/rockmaster.com.pl\/wp-content\/uploads\/2024\/03\/DSC00745-242x300.webp 242w, https:\/\/rockmaster.com.pl\/wp-content\/uploads\/2024\/03\/DSC00745-826x1024.webp 826w, https:\/\/rockmaster.com.pl\/wp-content\/uploads\/2024\/03\/DSC00745-768x952.webp 768w, https:\/\/rockmaster.com.pl\/wp-content\/uploads\/2024\/03\/DSC00745-1239x1536.webp 1239w\" sizes=\"(max-width: 1500px) 100vw, 1500px\" \/>\t\t\t\t\t\t\t\t\t\t\t\t\t\t\t<\/div>\n\t\t\t\t<\/div>\n\t\t\t\t\t<\/div>\n\t\t<\/div>\n\t\t\t\t\t<\/div>\n\t\t<\/section>\n\t\t\t\t<\/div>\n\t\t","protected":false},"excerpt":{"rendered":"<p>Techniker f\u00fcr seilunterst\u00fctzten Zugang Ausbildung Der Lehrgang f\u00fcr H\u00f6henarbeiter dauert 4 Tage. Sie besteht aus einem kurzen theoretischen Teil, ist aber in erster Linie eine praktische Ausbildung. Sie endet mit einer Pr\u00fcfung. Das erhaltene Zertifikat berechtigt den Teilnehmer, auf dem gesamten Gebiet Polens in der H\u00f6he zu arbeiten. Unsere Ausbilder verf\u00fcgen \u00fcber langj\u00e4hrige Erfahrung sowohl [&hellip;]<\/p>\n","protected":false},"author":1,"featured_media":0,"parent":21009,"menu_order":0,"comment_status":"closed","ping_status":"closed","template":"","meta":{"site-sidebar-layout":"no-sidebar","site-content-layout":"","ast-site-content-layout":"full-width-container","site-content-style":"default","site-sidebar-style":"default","ast-global-header-display":"","ast-banner-title-visibility":"","ast-main-header-display":"","ast-hfb-above-header-display":"","ast-hfb-below-header-display":"","ast-hfb-mobile-header-display":"","site-post-title":"disabled","ast-breadcrumbs-content":"","ast-featured-img":"disabled","footer-sml-layout":"","ast-disable-related-posts":"","theme-transparent-header-meta":"","adv-header-id-meta":"","stick-header-meta":"","header-above-stick-meta":"","header-main-stick-meta":"","header-below-stick-meta":"","astra-migrate-meta-layouts":"default","ast-page-background-enabled":"default","ast-page-background-meta":{"desktop":{"background-color":"var(--ast-global-color-4)","background-image":"","background-repeat":"repeat","background-position":"center center","background-size":"auto","background-attachment":"scroll","background-type":"","background-media":"","overlay-type":"","overlay-color":"","overlay-opacity":"","overlay-gradient":""},"tablet":{"background-color":"","background-image":"","background-repeat":"repeat","background-position":"center center","background-size":"auto","background-attachment":"scroll","background-type":"","background-media":"","overlay-type":"","overlay-color":"","overlay-opacity":"","overlay-gradient":""},"mobile":{"background-color":"","background-image":"","background-repeat":"repeat","background-position":"center center","background-size":"auto","background-attachment":"scroll","background-type":"","background-media":"","overlay-type":"","overlay-color":"","overlay-opacity":"","overlay-gradient":""}},"ast-content-background-meta":{"desktop":{"background-color":"var(--ast-global-color-5)","background-image":"","background-repeat":"repeat","background-position":"center center","background-size":"auto","background-attachment":"scroll","background-type":"","background-media":"","overlay-type":"","overlay-color":"","overlay-opacity":"","overlay-gradient":""},"tablet":{"background-color":"var(--ast-global-color-5)","background-image":"","background-repeat":"repeat","background-position":"center center","background-size":"auto","background-attachment":"scroll","background-type":"","background-media":"","overlay-type":"","overlay-color":"","overlay-opacity":"","overlay-gradient":""},"mobile":{"background-color":"var(--ast-global-color-5)","background-image":"","background-repeat":"repeat","background-position":"center center","background-size":"auto","background-attachment":"scroll","background-type":"","background-media":"","overlay-type":"","overlay-color":"","overlay-opacity":"","overlay-gradient":""}},"footnotes":""},"class_list":["post-20779","page","type-page","status-publish","hentry"],"yoast_head":"<!-- This site is optimized with the Yoast SEO plugin v27.6 - https:\/\/yoast.com\/product\/yoast-seo-wordpress\/ -->\n<title>Techniker f\u00fcr seilunterst\u00fctzten Zugang - ROCK MASTER H\u00f6hentraining<\/title>\n<meta name=\"robots\" content=\"index, follow, max-snippet:-1, max-image-preview:large, max-video-preview:-1\" \/>\n<link rel=\"canonical\" href=\"https:\/\/rockmaster.com.pl\/de\/ausbildung\/techniker-fuer-seilunterstuetzten-zugang\/\" \/>\n<meta property=\"og:locale\" content=\"de_DE\" \/>\n<meta property=\"og:type\" content=\"article\" \/>\n<meta property=\"og:title\" content=\"Techniker f\u00fcr seilunterst\u00fctzten Zugang - ROCK MASTER H\u00f6hentraining\" \/>\n<meta property=\"og:description\" content=\"Techniker f\u00fcr seilunterst\u00fctzten Zugang Ausbildung Der Lehrgang f\u00fcr H\u00f6henarbeiter dauert 4 Tage. Sie besteht aus einem kurzen theoretischen Teil, ist aber in erster Linie eine praktische Ausbildung. Sie endet mit einer Pr\u00fcfung. Das erhaltene Zertifikat berechtigt den Teilnehmer, auf dem gesamten Gebiet Polens in der H\u00f6he zu arbeiten. Unsere Ausbilder verf\u00fcgen \u00fcber langj\u00e4hrige Erfahrung sowohl [&hellip;]\" \/>\n<meta property=\"og:url\" content=\"https:\/\/rockmaster.com.pl\/de\/ausbildung\/techniker-fuer-seilunterstuetzten-zugang\/\" \/>\n<meta property=\"og:site_name\" content=\"ROCK MASTER H\u00f6hentraining\" \/>\n<meta property=\"article:publisher\" content=\"https:\/\/www.facebook.com\/rock.master.bezpieczna.praca.na.wysokosci\" \/>\n<meta property=\"article:modified_time\" content=\"2024-09-18T03:53:58+00:00\" \/>\n<meta property=\"og:image\" content=\"https:\/\/rockmaster.com.pl\/wp-content\/uploads\/2023\/10\/strona-glowna-szkolenia-jasniejsze.jpg\" \/>\n<meta name=\"twitter:card\" content=\"summary_large_image\" \/>\n<meta name=\"twitter:label1\" content=\"Gesch\u00e4tzte Lesezeit\" \/>\n\t<meta name=\"twitter:data1\" content=\"2\u00a0Minuten\" \/>\n<script type=\"application\/ld+json\" class=\"yoast-schema-graph\">{\"@context\":\"https:\\\/\\\/schema.org\",\"@graph\":[{\"@type\":\"WebPage\",\"@id\":\"https:\\\/\\\/rockmaster.com.pl\\\/de\\\/ausbildung\\\/techniker-fuer-seilunterstuetzten-zugang\\\/\",\"url\":\"https:\\\/\\\/rockmaster.com.pl\\\/de\\\/ausbildung\\\/techniker-fuer-seilunterstuetzten-zugang\\\/\",\"name\":\"Techniker f\u00fcr seilunterst\u00fctzten Zugang - ROCK MASTER H\u00f6hentraining\",\"isPartOf\":{\"@id\":\"https:\\\/\\\/rockmaster.com.pl\\\/de\\\/#website\"},\"primaryImageOfPage\":{\"@id\":\"https:\\\/\\\/rockmaster.com.pl\\\/de\\\/ausbildung\\\/techniker-fuer-seilunterstuetzten-zugang\\\/#primaryimage\"},\"image\":{\"@id\":\"https:\\\/\\\/rockmaster.com.pl\\\/de\\\/ausbildung\\\/techniker-fuer-seilunterstuetzten-zugang\\\/#primaryimage\"},\"thumbnailUrl\":\"https:\\\/\\\/rockmaster.com.pl\\\/wp-content\\\/uploads\\\/2023\\\/10\\\/strona-glowna-szkolenia-jasniejsze.jpg\",\"datePublished\":\"2023-10-02T12:45:19+00:00\",\"dateModified\":\"2024-09-18T03:53:58+00:00\",\"breadcrumb\":{\"@id\":\"https:\\\/\\\/rockmaster.com.pl\\\/de\\\/ausbildung\\\/techniker-fuer-seilunterstuetzten-zugang\\\/#breadcrumb\"},\"inLanguage\":\"de\",\"potentialAction\":[{\"@type\":\"ReadAction\",\"target\":[\"https:\\\/\\\/rockmaster.com.pl\\\/de\\\/ausbildung\\\/techniker-fuer-seilunterstuetzten-zugang\\\/\"]}]},{\"@type\":\"ImageObject\",\"inLanguage\":\"de\",\"@id\":\"https:\\\/\\\/rockmaster.com.pl\\\/de\\\/ausbildung\\\/techniker-fuer-seilunterstuetzten-zugang\\\/#primaryimage\",\"url\":\"https:\\\/\\\/rockmaster.com.pl\\\/wp-content\\\/uploads\\\/2023\\\/10\\\/strona-glowna-szkolenia-jasniejsze.jpg\",\"contentUrl\":\"https:\\\/\\\/rockmaster.com.pl\\\/wp-content\\\/uploads\\\/2023\\\/10\\\/strona-glowna-szkolenia-jasniejsze.jpg\"},{\"@type\":\"BreadcrumbList\",\"@id\":\"https:\\\/\\\/rockmaster.com.pl\\\/de\\\/ausbildung\\\/techniker-fuer-seilunterstuetzten-zugang\\\/#breadcrumb\",\"itemListElement\":[{\"@type\":\"ListItem\",\"position\":1,\"name\":\"Ausbildung\",\"item\":\"https:\\\/\\\/rockmaster.com.pl\\\/de\\\/szkolenia\\\/\"},{\"@type\":\"ListItem\",\"position\":2,\"name\":\"Techniker f\u00fcr seilunterst\u00fctzten Zugang\"}]},{\"@type\":\"WebSite\",\"@id\":\"https:\\\/\\\/rockmaster.com.pl\\\/de\\\/#website\",\"url\":\"https:\\\/\\\/rockmaster.com.pl\\\/de\\\/\",\"name\":\"ROCK MASTER Szkolenia wysoko\u015bciowe\",\"description\":\"Bezpieczna praca na wysoko\u015bci\",\"publisher\":{\"@id\":\"https:\\\/\\\/rockmaster.com.pl\\\/de\\\/#organization\"},\"potentialAction\":[{\"@type\":\"SearchAction\",\"target\":{\"@type\":\"EntryPoint\",\"urlTemplate\":\"https:\\\/\\\/rockmaster.com.pl\\\/de\\\/?s={search_term_string}\"},\"query-input\":{\"@type\":\"PropertyValueSpecification\",\"valueRequired\":true,\"valueName\":\"search_term_string\"}}],\"inLanguage\":\"de\"},{\"@type\":\"Organization\",\"@id\":\"https:\\\/\\\/rockmaster.com.pl\\\/de\\\/#organization\",\"name\":\"ROCK MASTER Szkolenia wysoko\u015bciowe\",\"url\":\"https:\\\/\\\/rockmaster.com.pl\\\/de\\\/\",\"logo\":{\"@type\":\"ImageObject\",\"inLanguage\":\"de\",\"@id\":\"https:\\\/\\\/rockmaster.com.pl\\\/de\\\/#\\\/schema\\\/logo\\\/image\\\/\",\"url\":\"https:\\\/\\\/rockmaster.com.pl\\\/wp-content\\\/uploads\\\/2023\\\/09\\\/Logo-Pionowe-z-tagline-1.png\",\"contentUrl\":\"https:\\\/\\\/rockmaster.com.pl\\\/wp-content\\\/uploads\\\/2023\\\/09\\\/Logo-Pionowe-z-tagline-1.png\",\"width\":880,\"height\":880,\"caption\":\"ROCK MASTER Szkolenia wysoko\u015bciowe\"},\"image\":{\"@id\":\"https:\\\/\\\/rockmaster.com.pl\\\/de\\\/#\\\/schema\\\/logo\\\/image\\\/\"},\"sameAs\":[\"https:\\\/\\\/www.facebook.com\\\/rock.master.bezpieczna.praca.na.wysokosci\"]}]}<\/script>\n<!-- \/ Yoast SEO plugin. -->","yoast_head_json":{"title":"Techniker f\u00fcr seilunterst\u00fctzten Zugang - ROCK MASTER H\u00f6hentraining","robots":{"index":"index","follow":"follow","max-snippet":"max-snippet:-1","max-image-preview":"max-image-preview:large","max-video-preview":"max-video-preview:-1"},"canonical":"https:\/\/rockmaster.com.pl\/de\/ausbildung\/techniker-fuer-seilunterstuetzten-zugang\/","og_locale":"de_DE","og_type":"article","og_title":"Techniker f\u00fcr seilunterst\u00fctzten Zugang - ROCK MASTER H\u00f6hentraining","og_description":"Techniker f\u00fcr seilunterst\u00fctzten Zugang Ausbildung Der Lehrgang f\u00fcr H\u00f6henarbeiter dauert 4 Tage. Sie besteht aus einem kurzen theoretischen Teil, ist aber in erster Linie eine praktische Ausbildung. Sie endet mit einer Pr\u00fcfung. Das erhaltene Zertifikat berechtigt den Teilnehmer, auf dem gesamten Gebiet Polens in der H\u00f6he zu arbeiten. Unsere Ausbilder verf\u00fcgen \u00fcber langj\u00e4hrige Erfahrung sowohl [&hellip;]","og_url":"https:\/\/rockmaster.com.pl\/de\/ausbildung\/techniker-fuer-seilunterstuetzten-zugang\/","og_site_name":"ROCK MASTER H\u00f6hentraining","article_publisher":"https:\/\/www.facebook.com\/rock.master.bezpieczna.praca.na.wysokosci","article_modified_time":"2024-09-18T03:53:58+00:00","og_image":[{"url":"https:\/\/rockmaster.com.pl\/wp-content\/uploads\/2023\/10\/strona-glowna-szkolenia-jasniejsze.jpg","type":"","width":"","height":""}],"twitter_card":"summary_large_image","twitter_misc":{"Gesch\u00e4tzte Lesezeit":"2\u00a0Minuten"},"schema":{"@context":"https:\/\/schema.org","@graph":[{"@type":"WebPage","@id":"https:\/\/rockmaster.com.pl\/de\/ausbildung\/techniker-fuer-seilunterstuetzten-zugang\/","url":"https:\/\/rockmaster.com.pl\/de\/ausbildung\/techniker-fuer-seilunterstuetzten-zugang\/","name":"Techniker f\u00fcr seilunterst\u00fctzten Zugang - ROCK MASTER H\u00f6hentraining","isPartOf":{"@id":"https:\/\/rockmaster.com.pl\/de\/#website"},"primaryImageOfPage":{"@id":"https:\/\/rockmaster.com.pl\/de\/ausbildung\/techniker-fuer-seilunterstuetzten-zugang\/#primaryimage"},"image":{"@id":"https:\/\/rockmaster.com.pl\/de\/ausbildung\/techniker-fuer-seilunterstuetzten-zugang\/#primaryimage"},"thumbnailUrl":"https:\/\/rockmaster.com.pl\/wp-content\/uploads\/2023\/10\/strona-glowna-szkolenia-jasniejsze.jpg","datePublished":"2023-10-02T12:45:19+00:00","dateModified":"2024-09-18T03:53:58+00:00","breadcrumb":{"@id":"https:\/\/rockmaster.com.pl\/de\/ausbildung\/techniker-fuer-seilunterstuetzten-zugang\/#breadcrumb"},"inLanguage":"de","potentialAction":[{"@type":"ReadAction","target":["https:\/\/rockmaster.com.pl\/de\/ausbildung\/techniker-fuer-seilunterstuetzten-zugang\/"]}]},{"@type":"ImageObject","inLanguage":"de","@id":"https:\/\/rockmaster.com.pl\/de\/ausbildung\/techniker-fuer-seilunterstuetzten-zugang\/#primaryimage","url":"https:\/\/rockmaster.com.pl\/wp-content\/uploads\/2023\/10\/strona-glowna-szkolenia-jasniejsze.jpg","contentUrl":"https:\/\/rockmaster.com.pl\/wp-content\/uploads\/2023\/10\/strona-glowna-szkolenia-jasniejsze.jpg"},{"@type":"BreadcrumbList","@id":"https:\/\/rockmaster.com.pl\/de\/ausbildung\/techniker-fuer-seilunterstuetzten-zugang\/#breadcrumb","itemListElement":[{"@type":"ListItem","position":1,"name":"Ausbildung","item":"https:\/\/rockmaster.com.pl\/de\/szkolenia\/"},{"@type":"ListItem","position":2,"name":"Techniker f\u00fcr seilunterst\u00fctzten Zugang"}]},{"@type":"WebSite","@id":"https:\/\/rockmaster.com.pl\/de\/#website","url":"https:\/\/rockmaster.com.pl\/de\/","name":"ROCK MASTER Szkolenia wysoko\u015bciowe","description":"Bezpieczna praca na wysoko\u015bci","publisher":{"@id":"https:\/\/rockmaster.com.pl\/de\/#organization"},"potentialAction":[{"@type":"SearchAction","target":{"@type":"EntryPoint","urlTemplate":"https:\/\/rockmaster.com.pl\/de\/?s={search_term_string}"},"query-input":{"@type":"PropertyValueSpecification","valueRequired":true,"valueName":"search_term_string"}}],"inLanguage":"de"},{"@type":"Organization","@id":"https:\/\/rockmaster.com.pl\/de\/#organization","name":"ROCK MASTER Szkolenia wysoko\u015bciowe","url":"https:\/\/rockmaster.com.pl\/de\/","logo":{"@type":"ImageObject","inLanguage":"de","@id":"https:\/\/rockmaster.com.pl\/de\/#\/schema\/logo\/image\/","url":"https:\/\/rockmaster.com.pl\/wp-content\/uploads\/2023\/09\/Logo-Pionowe-z-tagline-1.png","contentUrl":"https:\/\/rockmaster.com.pl\/wp-content\/uploads\/2023\/09\/Logo-Pionowe-z-tagline-1.png","width":880,"height":880,"caption":"ROCK MASTER Szkolenia wysoko\u015bciowe"},"image":{"@id":"https:\/\/rockmaster.com.pl\/de\/#\/schema\/logo\/image\/"},"sameAs":["https:\/\/www.facebook.com\/rock.master.bezpieczna.praca.na.wysokosci"]}]}},"_links":{"self":[{"href":"https:\/\/rockmaster.com.pl\/de\/wp-json\/wp\/v2\/pages\/20779","targetHints":{"allow":["GET"]}}],"collection":[{"href":"https:\/\/rockmaster.com.pl\/de\/wp-json\/wp\/v2\/pages"}],"about":[{"href":"https:\/\/rockmaster.com.pl\/de\/wp-json\/wp\/v2\/types\/page"}],"author":[{"embeddable":true,"href":"https:\/\/rockmaster.com.pl\/de\/wp-json\/wp\/v2\/users\/1"}],"replies":[{"embeddable":true,"href":"https:\/\/rockmaster.com.pl\/de\/wp-json\/wp\/v2\/comments?post=20779"}],"version-history":[{"count":16,"href":"https:\/\/rockmaster.com.pl\/de\/wp-json\/wp\/v2\/pages\/20779\/revisions"}],"predecessor-version":[{"id":26057,"href":"https:\/\/rockmaster.com.pl\/de\/wp-json\/wp\/v2\/pages\/20779\/revisions\/26057"}],"up":[{"embeddable":true,"href":"https:\/\/rockmaster.com.pl\/de\/wp-json\/wp\/v2\/pages\/21009"}],"wp:attachment":[{"href":"https:\/\/rockmaster.com.pl\/de\/wp-json\/wp\/v2\/media?parent=20779"}],"curies":[{"name":"wp","href":"https:\/\/api.w.org\/{rel}","templated":true}]}}